{"id":975,"date":"2025-03-10T19:09:21","date_gmt":"2025-03-10T18:09:21","guid":{"rendered":"https:\/\/frenzyplus.com\/?post_type=product&#038;p=975"},"modified":"2025-04-05T13:53:35","modified_gmt":"2025-04-05T11:53:35","slug":"platinium","status":"publish","type":"product","link":"https:\/\/frenzyplus.com\/pl_pl\/produkt\/platinium\/","title":{"rendered":"Platinium"},"content":{"rendered":"<p><span data-sheets-root=\"1\">Uniwersalna bia\u0142a bluza plus size Platinium wykonana w 100% z naturalnej bawe\u0142ny.\u00a0 Absolutny must-have w garderobie ka\u017cdej kobiety szukaj\u0105cej modnych i wygodnych rozwi\u0105za\u0144. Mi\u0119kki, oddychaj\u0105cy materia\u0142 gwarantuje niesamowity komfort noszenia, a lu\u017any, oversize&#8217;owy kr\u00f3j sprytnie maskuje brzuch i podkre\u015bla atuty sylwetki. Klasyczny, jednolity design sprawia, \u017ce bluza damska plus size idealnie sprawdzi si\u0119 na co dzie\u0144, podczas wakacyjnych wyjazd\u00f3w czy lu\u017anych spotka\u0144. Mo\u017cesz j\u0105 \u0142atwo zestawi\u0107 zar\u00f3wno z sportowymi, jak i bardziej eleganckimi dodatkami, tworz\u0105c stylizacje, kt\u00f3re \u0142\u0105cz\u0105 komfort z modnym wygl\u0105dem.<\/span><\/p>\n","protected":false},"excerpt":{"rendered":"<p><strong>Dodatkowe informacje:<br \/>\n<\/strong><\/p>\n<p><span data-sheets-root=\"1\">Maskuj\u0105ce brzuch<\/span><\/p>\n<p><strong>Materia\u0142: <\/strong>Bawe\u0142na 100%<br \/>\n<strong>Kolor: <\/strong>Bia\u0142y<\/p>\n<p>Modelka ma 175cm wzrostu i nosi rozmiar\u00a048\/50<\/p>\n<p><a href=\"https:\/\/frenzyplus.com\/jak-dobrac-rozmiar\/\">Sprawd\u017a jak prawid\u0142owo dobra\u0107 rozmiar<\/a><\/p>\n","protected":false},"featured_media":988,"comment_status":"open","ping_status":"closed","template":"","meta":{"site-sidebar-layout":"default","site-content-layout":"","ast-site-content-layout":"default","site-content-style":"default","site-sidebar-style":"default","ast-global-header-display":"","ast-banner-title-visibility":"","ast-main-header-display":"","ast-hfb-above-header-display":"","ast-hfb-below-header-display":"","ast-hfb-mobile-header-display":"","site-post-title":"","ast-breadcrumbs-content":"","ast-featured-img":"","footer-sml-layout":"","ast-disable-related-posts":"","theme-transparent-header-meta":"","adv-header-id-meta":"","stick-header-meta":"","header-above-stick-meta":"","header-main-stick-meta":"","header-below-stick-meta":"","astra-migrate-meta-layouts":"default","ast-page-background-enabled":"default","ast-page-background-meta":{"desktop":{"background-color":"var(--ast-global-color-5)","background-image":"","background-repeat":"repeat","background-position":"center center","background-size":"auto","background-attachment":"scroll","background-type":"","background-media":"","overlay-type":"","overlay-color":"","overlay-opacity":"","overlay-gradient":""},"tablet":{"background-color":"","background-image":"","background-repeat":"repeat","background-position":"center center","background-size":"auto","background-attachment":"scroll","background-type":"","background-media":"","overlay-type":"","overlay-color":"","overlay-opacity":"","overlay-gradient":""},"mobile":{"background-color":"","background-image":"","background-repeat":"repeat","background-position":"center center","background-size":"auto","background-attachment":"scroll","background-type":"","background-media":"","overlay-type":"","overlay-color":"","overlay-opacity":"","overlay-gradient":""}},"ast-content-background-meta":{"desktop":{"background-color":"var(--ast-global-color-4)","background-image":"","background-repeat":"repeat","background-position":"center center","background-size":"auto","background-attachment":"scroll","background-type":"","background-media":"","overlay-type":"","overlay-color":"","overlay-opacity":"","overlay-gradient":""},"tablet":{"background-color":"var(--ast-global-color-4)","background-image":"","background-repeat":"repeat","background-position":"center center","background-size":"auto","background-attachment":"scroll","background-type":"","background-media":"","overlay-type":"","overlay-color":"","overlay-opacity":"","overlay-gradient":""},"mobile":{"background-color":"var(--ast-global-color-4)","background-image":"","background-repeat":"repeat","background-position":"center center","background-size":"auto","background-attachment":"scroll","background-type":"","background-media":"","overlay-type":"","overlay-color":"","overlay-opacity":"","overlay-gradient":""}}},"product_brand":[],"product_cat":[16],"product_tag":[73,46,42,45],"class_list":{"0":"post-975","1":"product","2":"type-product","3":"status-publish","4":"has-post-thumbnail","6":"product_cat-sklep","7":"product_tag-casual","8":"product_tag-na-co-dzien","9":"product_tag-na-impreze","10":"product_tag-na-wakacje","11":"desktop-align-left","12":"tablet-align-left","13":"mobile-align-left","15":"first","16":"instock","17":"taxable","18":"shipping-taxable","19":"purchasable","20":"product-type-variable"},"yoast_head":"<!-- This site is optimized with the Yoast SEO plugin v26.8 - https:\/\/yoast.com\/product\/yoast-seo-wordpress\/ -->\n<title>Platinium - bluzka - Frenzy+ ubrania plus size szyte w Polsce<\/title>\n<meta name=\"description\" content=\"Uniwersalna bia\u0142a bluza plus size Platinium wykonana w 100% z naturalnej bawe\u0142ny.\u00a0 Absolutny must-have w garderobie ka\u017cdej kobiety.\" \/>\n<meta name=\"robots\" content=\"index, follow, max-snippet:-1, max-image-preview:large, max-video-preview:-1\" \/>\n<link rel=\"canonical\" href=\"https:\/\/frenzyplus.com\/pl_pl\/produkt\/platinium\/\" \/>\n<meta property=\"og:locale\" content=\"pl_PL\" \/>\n<meta property=\"og:type\" content=\"article\" \/>\n<meta property=\"og:title\" content=\"Platinium - bluzka - Frenzy+ ubrania plus size szyte w Polsce\" \/>\n<meta property=\"og:description\" content=\"Uniwersalna bia\u0142a bluza plus size Platinium wykonana w 100% z naturalnej bawe\u0142ny.\u00a0 Absolutny must-have w garderobie ka\u017cdej kobiety.\" \/>\n<meta property=\"og:url\" content=\"https:\/\/frenzyplus.com\/pl_pl\/produkt\/platinium\/\" \/>\n<meta property=\"og:site_name\" content=\"Frenzy+\" \/>\n<meta property=\"article:modified_time\" content=\"2025-04-05T11:53:35+00:00\" \/>\n<meta property=\"og:image\" content=\"https:\/\/frenzyplus.com\/wp-content\/uploads\/2025\/03\/main-frenzy-plus-size-odziez-dla-puszystych-xxl-0932-min.jpg\" \/>\n\t<meta property=\"og:image:width\" content=\"960\" \/>\n\t<meta property=\"og:image:height\" content=\"1200\" \/>\n\t<meta property=\"og:image:type\" content=\"image\/jpeg\" \/>\n<meta name=\"twitter:card\" content=\"summary_large_image\" \/>\n<meta name=\"twitter:label1\" content=\"Szacowany czas czytania\" \/>\n\t<meta name=\"twitter:data1\" content=\"1 minuta\" \/>\n<script type=\"application\/ld+json\" class=\"yoast-schema-graph\">{\"@context\":\"https:\/\/schema.org\",\"@graph\":[{\"@type\":\"WebPage\",\"@id\":\"https:\/\/frenzyplus.com\/produkt\/platinium\/\",\"url\":\"https:\/\/frenzyplus.com\/produkt\/platinium\/\",\"name\":\"Platinium - bluzka - Frenzy+ ubrania plus size szyte w Polsce\",\"isPartOf\":{\"@id\":\"https:\/\/frenzyplus.com\/#website\"},\"primaryImageOfPage\":{\"@id\":\"https:\/\/frenzyplus.com\/produkt\/platinium\/#primaryimage\"},\"image\":{\"@id\":\"https:\/\/frenzyplus.com\/produkt\/platinium\/#primaryimage\"},\"thumbnailUrl\":\"https:\/\/i0.wp.com\/frenzyplus.com\/wp-content\/uploads\/2025\/03\/main-frenzy-plus-size-odziez-dla-puszystych-xxl-0932-min.jpg?fit=960%2C1200&ssl=1\",\"datePublished\":\"2025-03-10T18:09:21+00:00\",\"dateModified\":\"2025-04-05T11:53:35+00:00\",\"description\":\"Uniwersalna bia\u0142a bluza plus size Platinium wykonana w 100% z naturalnej bawe\u0142ny.\u00a0 Absolutny must-have w garderobie ka\u017cdej kobiety.\",\"breadcrumb\":{\"@id\":\"https:\/\/frenzyplus.com\/produkt\/platinium\/#breadcrumb\"},\"inLanguage\":\"pl-PL\",\"potentialAction\":[{\"@type\":\"ReadAction\",\"target\":[\"https:\/\/frenzyplus.com\/produkt\/platinium\/\"]}]},{\"@type\":\"ImageObject\",\"inLanguage\":\"pl-PL\",\"@id\":\"https:\/\/frenzyplus.com\/produkt\/platinium\/#primaryimage\",\"url\":\"https:\/\/i0.wp.com\/frenzyplus.com\/wp-content\/uploads\/2025\/03\/main-frenzy-plus-size-odziez-dla-puszystych-xxl-0932-min.jpg?fit=960%2C1200&ssl=1\",\"contentUrl\":\"https:\/\/i0.wp.com\/frenzyplus.com\/wp-content\/uploads\/2025\/03\/main-frenzy-plus-size-odziez-dla-puszystych-xxl-0932-min.jpg?fit=960%2C1200&ssl=1\",\"width\":960,\"height\":1200,\"caption\":\"Platinium z przodu. Bluza z kapturem na co dzie\u0144 z bawe\u0142ny dla grubszych kobiet\"},{\"@type\":\"BreadcrumbList\",\"@id\":\"https:\/\/frenzyplus.com\/produkt\/platinium\/#breadcrumb\",\"itemListElement\":[{\"@type\":\"ListItem\",\"position\":1,\"name\":\"Strona g\u0142\u00f3wna\",\"item\":\"https:\/\/frenzyplus.com\/\"},{\"@type\":\"ListItem\",\"position\":2,\"name\":\"Sklep\",\"item\":\"https:\/\/frenzyplus.com\/sklep\/\"},{\"@type\":\"ListItem\",\"position\":3,\"name\":\"Platinium\"}]},{\"@type\":\"WebSite\",\"@id\":\"https:\/\/frenzyplus.com\/#website\",\"url\":\"https:\/\/frenzyplus.com\/\",\"name\":\"Frenzyplus\",\"description\":\"Goood size dresses\",\"publisher\":{\"@id\":\"https:\/\/frenzyplus.com\/#organization\"},\"potentialAction\":[{\"@type\":\"SearchAction\",\"target\":{\"@type\":\"EntryPoint\",\"urlTemplate\":\"https:\/\/frenzyplus.com\/?s={search_term_string}\"},\"query-input\":{\"@type\":\"PropertyValueSpecification\",\"valueRequired\":true,\"valueName\":\"search_term_string\"}}],\"inLanguage\":\"pl-PL\"},{\"@type\":\"Organization\",\"@id\":\"https:\/\/frenzyplus.com\/#organization\",\"name\":\"Frenzy+\",\"url\":\"https:\/\/frenzyplus.com\/\",\"logo\":{\"@type\":\"ImageObject\",\"inLanguage\":\"pl-PL\",\"@id\":\"https:\/\/frenzyplus.com\/#\/schema\/logo\/image\/\",\"url\":\"https:\/\/frenzyplus.com\/wp-content\/uploads\/2025\/11\/Frenzy_logo_black.pdf.avif\",\"contentUrl\":\"https:\/\/frenzyplus.com\/wp-content\/uploads\/2025\/11\/Frenzy_logo_black.pdf.avif\",\"width\":870,\"height\":254,\"caption\":\"Frenzy+\"},\"image\":{\"@id\":\"https:\/\/frenzyplus.com\/#\/schema\/logo\/image\/\"}}]}<\/script>\n<!-- \/ Yoast SEO plugin. -->","yoast_head_json":{"title":"Platinium - bluzka - Frenzy+ ubrania plus size szyte w Polsce","description":"Uniwersalna bia\u0142a bluza plus size Platinium wykonana w 100% z naturalnej bawe\u0142ny.\u00a0 Absolutny must-have w garderobie ka\u017cdej kobiety.","robots":{"index":"index","follow":"follow","max-snippet":"max-snippet:-1","max-image-preview":"max-image-preview:large","max-video-preview":"max-video-preview:-1"},"canonical":"https:\/\/frenzyplus.com\/pl_pl\/produkt\/platinium\/","og_locale":"pl_PL","og_type":"article","og_title":"Platinium - bluzka - Frenzy+ ubrania plus size szyte w Polsce","og_description":"Uniwersalna bia\u0142a bluza plus size Platinium wykonana w 100% z naturalnej bawe\u0142ny.\u00a0 Absolutny must-have w garderobie ka\u017cdej kobiety.","og_url":"https:\/\/frenzyplus.com\/pl_pl\/produkt\/platinium\/","og_site_name":"Frenzy+","article_modified_time":"2025-04-05T11:53:35+00:00","og_image":[{"width":960,"height":1200,"url":"https:\/\/frenzyplus.com\/wp-content\/uploads\/2025\/03\/main-frenzy-plus-size-odziez-dla-puszystych-xxl-0932-min.jpg","type":"image\/jpeg"}],"twitter_card":"summary_large_image","twitter_misc":{"Szacowany czas czytania":"1 minuta"},"schema":{"@context":"https:\/\/schema.org","@graph":[{"@type":"WebPage","@id":"https:\/\/frenzyplus.com\/produkt\/platinium\/","url":"https:\/\/frenzyplus.com\/produkt\/platinium\/","name":"Platinium - bluzka - Frenzy+ ubrania plus size szyte w Polsce","isPartOf":{"@id":"https:\/\/frenzyplus.com\/#website"},"primaryImageOfPage":{"@id":"https:\/\/frenzyplus.com\/produkt\/platinium\/#primaryimage"},"image":{"@id":"https:\/\/frenzyplus.com\/produkt\/platinium\/#primaryimage"},"thumbnailUrl":"https:\/\/i0.wp.com\/frenzyplus.com\/wp-content\/uploads\/2025\/03\/main-frenzy-plus-size-odziez-dla-puszystych-xxl-0932-min.jpg?fit=960%2C1200&ssl=1","datePublished":"2025-03-10T18:09:21+00:00","dateModified":"2025-04-05T11:53:35+00:00","description":"Uniwersalna bia\u0142a bluza plus size Platinium wykonana w 100% z naturalnej bawe\u0142ny.\u00a0 Absolutny must-have w garderobie ka\u017cdej kobiety.","breadcrumb":{"@id":"https:\/\/frenzyplus.com\/produkt\/platinium\/#breadcrumb"},"inLanguage":"pl-PL","potentialAction":[{"@type":"ReadAction","target":["https:\/\/frenzyplus.com\/produkt\/platinium\/"]}]},{"@type":"ImageObject","inLanguage":"pl-PL","@id":"https:\/\/frenzyplus.com\/produkt\/platinium\/#primaryimage","url":"https:\/\/i0.wp.com\/frenzyplus.com\/wp-content\/uploads\/2025\/03\/main-frenzy-plus-size-odziez-dla-puszystych-xxl-0932-min.jpg?fit=960%2C1200&ssl=1","contentUrl":"https:\/\/i0.wp.com\/frenzyplus.com\/wp-content\/uploads\/2025\/03\/main-frenzy-plus-size-odziez-dla-puszystych-xxl-0932-min.jpg?fit=960%2C1200&ssl=1","width":960,"height":1200,"caption":"Platinium z przodu. Bluza z kapturem na co dzie\u0144 z bawe\u0142ny dla grubszych kobiet"},{"@type":"BreadcrumbList","@id":"https:\/\/frenzyplus.com\/produkt\/platinium\/#breadcrumb","itemListElement":[{"@type":"ListItem","position":1,"name":"Strona g\u0142\u00f3wna","item":"https:\/\/frenzyplus.com\/"},{"@type":"ListItem","position":2,"name":"Sklep","item":"https:\/\/frenzyplus.com\/sklep\/"},{"@type":"ListItem","position":3,"name":"Platinium"}]},{"@type":"WebSite","@id":"https:\/\/frenzyplus.com\/#website","url":"https:\/\/frenzyplus.com\/","name":"Frenzyplus","description":"Goood size dresses","publisher":{"@id":"https:\/\/frenzyplus.com\/#organization"},"potentialAction":[{"@type":"SearchAction","target":{"@type":"EntryPoint","urlTemplate":"https:\/\/frenzyplus.com\/?s={search_term_string}"},"query-input":{"@type":"PropertyValueSpecification","valueRequired":true,"valueName":"search_term_string"}}],"inLanguage":"pl-PL"},{"@type":"Organization","@id":"https:\/\/frenzyplus.com\/#organization","name":"Frenzy+","url":"https:\/\/frenzyplus.com\/","logo":{"@type":"ImageObject","inLanguage":"pl-PL","@id":"https:\/\/frenzyplus.com\/#\/schema\/logo\/image\/","url":"https:\/\/frenzyplus.com\/wp-content\/uploads\/2025\/11\/Frenzy_logo_black.pdf.avif","contentUrl":"https:\/\/frenzyplus.com\/wp-content\/uploads\/2025\/11\/Frenzy_logo_black.pdf.avif","width":870,"height":254,"caption":"Frenzy+"},"image":{"@id":"https:\/\/frenzyplus.com\/#\/schema\/logo\/image\/"}}]}},"jetpack_sharing_enabled":true,"_links":{"self":[{"href":"https:\/\/frenzyplus.com\/pl_pl\/wp-json\/wp\/v2\/product\/975","targetHints":{"allow":["GET"]}}],"collection":[{"href":"https:\/\/frenzyplus.com\/pl_pl\/wp-json\/wp\/v2\/product"}],"about":[{"href":"https:\/\/frenzyplus.com\/pl_pl\/wp-json\/wp\/v2\/types\/product"}],"replies":[{"embeddable":true,"href":"https:\/\/frenzyplus.com\/pl_pl\/wp-json\/wp\/v2\/comments?post=975"}],"version-history":[{"count":0,"href":"https:\/\/frenzyplus.com\/pl_pl\/wp-json\/wp\/v2\/product\/975\/revisions"}],"wp:featuredmedia":[{"embeddable":true,"href":"https:\/\/frenzyplus.com\/pl_pl\/wp-json\/wp\/v2\/media\/988"}],"wp:attachment":[{"href":"https:\/\/frenzyplus.com\/pl_pl\/wp-json\/wp\/v2\/media?parent=975"}],"wp:term":[{"taxonomy":"product_brand","embeddable":true,"href":"https:\/\/frenzyplus.com\/pl_pl\/wp-json\/wp\/v2\/product_brand?post=975"},{"taxonomy":"product_cat","embeddable":true,"href":"https:\/\/frenzyplus.com\/pl_pl\/wp-json\/wp\/v2\/product_cat?post=975"},{"taxonomy":"product_tag","embeddable":true,"href":"https:\/\/frenzyplus.com\/pl_pl\/wp-json\/wp\/v2\/product_tag?post=975"}],"curies":[{"name":"wp","href":"https:\/\/api.w.org\/{rel}","templated":true}]}}