{"id":943,"date":"2025-03-10T18:45:58","date_gmt":"2025-03-10T17:45:58","guid":{"rendered":"https:\/\/frenzyplus.com\/?post_type=product&#038;p=943"},"modified":"2025-04-05T13:48:32","modified_gmt":"2025-04-05T11:48:32","slug":"helium","status":"publish","type":"product","link":"https:\/\/frenzyplus.com\/pl_pl\/produkt\/helium\/","title":{"rendered":"Helium"},"content":{"rendered":"<p><span data-sheets-root=\"1\">Be\u017cowa sukienka Helium to idealny wyb\u00f3r przede wszystkim na co dzie\u0144 i do pracy, \u0142\u0105cz\u0105cy klasyk\u0119 z wygod\u0105, dla kobiet plus size. Jej jednolity, stonowany kolor sprawia, \u017ce pasuje na wiele okazji \u2013 od spotka\u0144 biznesowych po casualowe wyj\u015bcia. Lu\u017aniejszy kr\u00f3j skutecznie maskuje brzuch, zapewniaj\u0105c komfort przez ca\u0142y dzie\u0144, a ozdobne wi\u0105zania na r\u0119kawach dodaj\u0105 subtelnej elegancji. Wykonana z przewiewnej mieszanki bawe\u0142ny i poliestru, \u015bwietnie uk\u0142ada si\u0119 na sylwetce i gwarantuje wygod\u0119 noszenia. To doskona\u0142a propozycja dla kobiet szukaj\u0105cych stylowej i funkcjonalnej sukienki na ka\u017cd\u0105 okazj\u0119.<\/span><\/p>\n","protected":false},"excerpt":{"rendered":"<p><strong>Dodatkowe informacje:<\/strong><\/p>\n<p><span data-sheets-root=\"1\">Maskuj\u0105ce brzuch, Wyszczuplaj\u0105ca<\/span><\/p>\n<p><strong>Materia\u0142: <\/strong>B<span data-sheets-root=\"1\">awe\u0142na z poliesterem<\/span><br \/>\n<strong>Kolor: <\/strong>B<span data-sheets-root=\"1\">e\u017cowy<\/span><\/p>\n<p>Modelka ma 165cm wzrostu i nosi rozmiar 46\/48<\/p>\n<p><a href=\"https:\/\/frenzyplus.com\/jak-dobrac-rozmiar\/\">Sprawd\u017a jak prawid\u0142owo dobra\u0107 rozmiar<\/a><\/p>\n","protected":false},"featured_media":956,"comment_status":"open","ping_status":"closed","template":"","meta":{"site-sidebar-layout":"default","site-content-layout":"","ast-site-content-layout":"default","site-content-style":"default","site-sidebar-style":"default","ast-global-header-display":"","ast-banner-title-visibility":"","ast-main-header-display":"","ast-hfb-above-header-display":"","ast-hfb-below-header-display":"","ast-hfb-mobile-header-display":"","site-post-title":"","ast-breadcrumbs-content":"","ast-featured-img":"","footer-sml-layout":"","ast-disable-related-posts":"","theme-transparent-header-meta":"","adv-header-id-meta":"","stick-header-meta":"","header-above-stick-meta":"","header-main-stick-meta":"","header-below-stick-meta":"","astra-migrate-meta-layouts":"default","ast-page-background-enabled":"default","ast-page-background-meta":{"desktop":{"background-color":"var(--ast-global-color-5)","background-image":"","background-repeat":"repeat","background-position":"center center","background-size":"auto","background-attachment":"scroll","background-type":"","background-media":"","overlay-type":"","overlay-color":"","overlay-opacity":"","overlay-gradient":""},"tablet":{"background-color":"","background-image":"","background-repeat":"repeat","background-position":"center center","background-size":"auto","background-attachment":"scroll","background-type":"","background-media":"","overlay-type":"","overlay-color":"","overlay-opacity":"","overlay-gradient":""},"mobile":{"background-color":"","background-image":"","background-repeat":"repeat","background-position":"center center","background-size":"auto","background-attachment":"scroll","background-type":"","background-media":"","overlay-type":"","overlay-color":"","overlay-opacity":"","overlay-gradient":""}},"ast-content-background-meta":{"desktop":{"background-color":"var(--ast-global-color-4)","background-image":"","background-repeat":"repeat","background-position":"center center","background-size":"auto","background-attachment":"scroll","background-type":"","background-media":"","overlay-type":"","overlay-color":"","overlay-opacity":"","overlay-gradient":""},"tablet":{"background-color":"var(--ast-global-color-4)","background-image":"","background-repeat":"repeat","background-position":"center center","background-size":"auto","background-attachment":"scroll","background-type":"","background-media":"","overlay-type":"","overlay-color":"","overlay-opacity":"","overlay-gradient":""},"mobile":{"background-color":"var(--ast-global-color-4)","background-image":"","background-repeat":"repeat","background-position":"center center","background-size":"auto","background-attachment":"scroll","background-type":"","background-media":"","overlay-type":"","overlay-color":"","overlay-opacity":"","overlay-gradient":""}}},"product_brand":[],"product_cat":[16],"product_tag":[46,42,44,43],"class_list":{"0":"post-943","1":"product","2":"type-product","3":"status-publish","4":"has-post-thumbnail","6":"product_cat-sklep","7":"product_tag-na-co-dzien","8":"product_tag-na-impreze","9":"product_tag-na-randke","10":"product_tag-na-swieta","11":"desktop-align-left","12":"tablet-align-left","13":"mobile-align-left","15":"first","16":"instock","17":"sale","18":"taxable","19":"shipping-taxable","20":"purchasable","21":"product-type-variable"},"yoast_head":"<!-- This site is optimized with the Yoast SEO plugin v26.8 - https:\/\/yoast.com\/product\/yoast-seo-wordpress\/ -->\n<title>Helium - sukienka z lnu - Frenzy+ ubrania plus size szyte w Polsce<\/title>\n<meta name=\"description\" content=\"Be\u017cowa sukienka Helium to idealny wyb\u00f3r przede wszystkim na co dzie\u0144 i do pracy, \u0142\u0105cz\u0105cy klasyk\u0119 z wygod\u0105, dla kobiet plus size.\" \/>\n<meta name=\"robots\" content=\"index, follow, max-snippet:-1, max-image-preview:large, max-video-preview:-1\" \/>\n<link rel=\"canonical\" href=\"https:\/\/frenzyplus.com\/pl_pl\/produkt\/helium\/\" \/>\n<meta property=\"og:locale\" content=\"pl_PL\" \/>\n<meta property=\"og:type\" content=\"article\" \/>\n<meta property=\"og:title\" content=\"Helium - sukienka z lnu - Frenzy+ ubrania plus size szyte w Polsce\" \/>\n<meta property=\"og:description\" content=\"Be\u017cowa sukienka Helium to idealny wyb\u00f3r przede wszystkim na co dzie\u0144 i do pracy, \u0142\u0105cz\u0105cy klasyk\u0119 z wygod\u0105, dla kobiet plus size.\" \/>\n<meta property=\"og:url\" content=\"https:\/\/frenzyplus.com\/pl_pl\/produkt\/helium\/\" \/>\n<meta property=\"og:site_name\" content=\"Frenzy+\" \/>\n<meta property=\"article:modified_time\" content=\"2025-04-05T11:48:32+00:00\" \/>\n<meta property=\"og:image\" content=\"https:\/\/frenzyplus.com\/wp-content\/uploads\/2025\/03\/main-frenzy-plus-size-odziez-dla-puszystych-xxl-2039-min.jpg\" \/>\n\t<meta property=\"og:image:width\" content=\"959\" \/>\n\t<meta property=\"og:image:height\" content=\"1200\" \/>\n\t<meta property=\"og:image:type\" content=\"image\/jpeg\" \/>\n<meta name=\"twitter:card\" content=\"summary_large_image\" \/>\n<meta name=\"twitter:label1\" content=\"Szacowany czas czytania\" \/>\n\t<meta name=\"twitter:data1\" content=\"1 minuta\" \/>\n<script type=\"application\/ld+json\" class=\"yoast-schema-graph\">{\"@context\":\"https:\/\/schema.org\",\"@graph\":[{\"@type\":\"WebPage\",\"@id\":\"https:\/\/frenzyplus.com\/produkt\/helium\/\",\"url\":\"https:\/\/frenzyplus.com\/produkt\/helium\/\",\"name\":\"Helium - sukienka z lnu - Frenzy+ ubrania plus size szyte w Polsce\",\"isPartOf\":{\"@id\":\"https:\/\/frenzyplus.com\/#website\"},\"primaryImageOfPage\":{\"@id\":\"https:\/\/frenzyplus.com\/produkt\/helium\/#primaryimage\"},\"image\":{\"@id\":\"https:\/\/frenzyplus.com\/produkt\/helium\/#primaryimage\"},\"thumbnailUrl\":\"https:\/\/i0.wp.com\/frenzyplus.com\/wp-content\/uploads\/2025\/03\/main-frenzy-plus-size-odziez-dla-puszystych-xxl-2039-min.jpg?fit=959%2C1200&ssl=1\",\"datePublished\":\"2025-03-10T17:45:58+00:00\",\"dateModified\":\"2025-04-05T11:48:32+00:00\",\"description\":\"Be\u017cowa sukienka Helium to idealny wyb\u00f3r przede wszystkim na co dzie\u0144 i do pracy, \u0142\u0105cz\u0105cy klasyk\u0119 z wygod\u0105, dla kobiet plus size.\",\"breadcrumb\":{\"@id\":\"https:\/\/frenzyplus.com\/produkt\/helium\/#breadcrumb\"},\"inLanguage\":\"pl-PL\",\"potentialAction\":[{\"@type\":\"ReadAction\",\"target\":[\"https:\/\/frenzyplus.com\/produkt\/helium\/\"]}]},{\"@type\":\"ImageObject\",\"inLanguage\":\"pl-PL\",\"@id\":\"https:\/\/frenzyplus.com\/produkt\/helium\/#primaryimage\",\"url\":\"https:\/\/i0.wp.com\/frenzyplus.com\/wp-content\/uploads\/2025\/03\/main-frenzy-plus-size-odziez-dla-puszystych-xxl-2039-min.jpg?fit=959%2C1200&ssl=1\",\"contentUrl\":\"https:\/\/i0.wp.com\/frenzyplus.com\/wp-content\/uploads\/2025\/03\/main-frenzy-plus-size-odziez-dla-puszystych-xxl-2039-min.jpg?fit=959%2C1200&ssl=1\",\"width\":959,\"height\":1200,\"caption\":\"Be\u017cowa sukienka Helium idealna dla puszystych. Wykonana z przewiewnej mieszanki bawe\u0142ny i poliestru, \u015bwietnie uk\u0142ada si\u0119 na sylwetce i gwarantuje wygod\u0119 noszenia.\"},{\"@type\":\"BreadcrumbList\",\"@id\":\"https:\/\/frenzyplus.com\/produkt\/helium\/#breadcrumb\",\"itemListElement\":[{\"@type\":\"ListItem\",\"position\":1,\"name\":\"Strona g\u0142\u00f3wna\",\"item\":\"https:\/\/frenzyplus.com\/\"},{\"@type\":\"ListItem\",\"position\":2,\"name\":\"Sklep\",\"item\":\"https:\/\/frenzyplus.com\/sklep\/\"},{\"@type\":\"ListItem\",\"position\":3,\"name\":\"Helium\"}]},{\"@type\":\"WebSite\",\"@id\":\"https:\/\/frenzyplus.com\/#website\",\"url\":\"https:\/\/frenzyplus.com\/\",\"name\":\"Frenzyplus\",\"description\":\"Goood size dresses\",\"publisher\":{\"@id\":\"https:\/\/frenzyplus.com\/#organization\"},\"potentialAction\":[{\"@type\":\"SearchAction\",\"target\":{\"@type\":\"EntryPoint\",\"urlTemplate\":\"https:\/\/frenzyplus.com\/?s={search_term_string}\"},\"query-input\":{\"@type\":\"PropertyValueSpecification\",\"valueRequired\":true,\"valueName\":\"search_term_string\"}}],\"inLanguage\":\"pl-PL\"},{\"@type\":\"Organization\",\"@id\":\"https:\/\/frenzyplus.com\/#organization\",\"name\":\"Frenzy+\",\"url\":\"https:\/\/frenzyplus.com\/\",\"logo\":{\"@type\":\"ImageObject\",\"inLanguage\":\"pl-PL\",\"@id\":\"https:\/\/frenzyplus.com\/#\/schema\/logo\/image\/\",\"url\":\"https:\/\/frenzyplus.com\/wp-content\/uploads\/2025\/11\/Frenzy_logo_black.pdf.avif\",\"contentUrl\":\"https:\/\/frenzyplus.com\/wp-content\/uploads\/2025\/11\/Frenzy_logo_black.pdf.avif\",\"width\":870,\"height\":254,\"caption\":\"Frenzy+\"},\"image\":{\"@id\":\"https:\/\/frenzyplus.com\/#\/schema\/logo\/image\/\"}}]}<\/script>\n<!-- \/ Yoast SEO plugin. -->","yoast_head_json":{"title":"Helium - sukienka z lnu - Frenzy+ ubrania plus size szyte w Polsce","description":"Be\u017cowa sukienka Helium to idealny wyb\u00f3r przede wszystkim na co dzie\u0144 i do pracy, \u0142\u0105cz\u0105cy klasyk\u0119 z wygod\u0105, dla kobiet plus size.","robots":{"index":"index","follow":"follow","max-snippet":"max-snippet:-1","max-image-preview":"max-image-preview:large","max-video-preview":"max-video-preview:-1"},"canonical":"https:\/\/frenzyplus.com\/pl_pl\/produkt\/helium\/","og_locale":"pl_PL","og_type":"article","og_title":"Helium - sukienka z lnu - Frenzy+ ubrania plus size szyte w Polsce","og_description":"Be\u017cowa sukienka Helium to idealny wyb\u00f3r przede wszystkim na co dzie\u0144 i do pracy, \u0142\u0105cz\u0105cy klasyk\u0119 z wygod\u0105, dla kobiet plus size.","og_url":"https:\/\/frenzyplus.com\/pl_pl\/produkt\/helium\/","og_site_name":"Frenzy+","article_modified_time":"2025-04-05T11:48:32+00:00","og_image":[{"width":959,"height":1200,"url":"https:\/\/frenzyplus.com\/wp-content\/uploads\/2025\/03\/main-frenzy-plus-size-odziez-dla-puszystych-xxl-2039-min.jpg","type":"image\/jpeg"}],"twitter_card":"summary_large_image","twitter_misc":{"Szacowany czas czytania":"1 minuta"},"schema":{"@context":"https:\/\/schema.org","@graph":[{"@type":"WebPage","@id":"https:\/\/frenzyplus.com\/produkt\/helium\/","url":"https:\/\/frenzyplus.com\/produkt\/helium\/","name":"Helium - sukienka z lnu - Frenzy+ ubrania plus size szyte w Polsce","isPartOf":{"@id":"https:\/\/frenzyplus.com\/#website"},"primaryImageOfPage":{"@id":"https:\/\/frenzyplus.com\/produkt\/helium\/#primaryimage"},"image":{"@id":"https:\/\/frenzyplus.com\/produkt\/helium\/#primaryimage"},"thumbnailUrl":"https:\/\/i0.wp.com\/frenzyplus.com\/wp-content\/uploads\/2025\/03\/main-frenzy-plus-size-odziez-dla-puszystych-xxl-2039-min.jpg?fit=959%2C1200&ssl=1","datePublished":"2025-03-10T17:45:58+00:00","dateModified":"2025-04-05T11:48:32+00:00","description":"Be\u017cowa sukienka Helium to idealny wyb\u00f3r przede wszystkim na co dzie\u0144 i do pracy, \u0142\u0105cz\u0105cy klasyk\u0119 z wygod\u0105, dla kobiet plus size.","breadcrumb":{"@id":"https:\/\/frenzyplus.com\/produkt\/helium\/#breadcrumb"},"inLanguage":"pl-PL","potentialAction":[{"@type":"ReadAction","target":["https:\/\/frenzyplus.com\/produkt\/helium\/"]}]},{"@type":"ImageObject","inLanguage":"pl-PL","@id":"https:\/\/frenzyplus.com\/produkt\/helium\/#primaryimage","url":"https:\/\/i0.wp.com\/frenzyplus.com\/wp-content\/uploads\/2025\/03\/main-frenzy-plus-size-odziez-dla-puszystych-xxl-2039-min.jpg?fit=959%2C1200&ssl=1","contentUrl":"https:\/\/i0.wp.com\/frenzyplus.com\/wp-content\/uploads\/2025\/03\/main-frenzy-plus-size-odziez-dla-puszystych-xxl-2039-min.jpg?fit=959%2C1200&ssl=1","width":959,"height":1200,"caption":"Be\u017cowa sukienka Helium idealna dla puszystych. Wykonana z przewiewnej mieszanki bawe\u0142ny i poliestru, \u015bwietnie uk\u0142ada si\u0119 na sylwetce i gwarantuje wygod\u0119 noszenia."},{"@type":"BreadcrumbList","@id":"https:\/\/frenzyplus.com\/produkt\/helium\/#breadcrumb","itemListElement":[{"@type":"ListItem","position":1,"name":"Strona g\u0142\u00f3wna","item":"https:\/\/frenzyplus.com\/"},{"@type":"ListItem","position":2,"name":"Sklep","item":"https:\/\/frenzyplus.com\/sklep\/"},{"@type":"ListItem","position":3,"name":"Helium"}]},{"@type":"WebSite","@id":"https:\/\/frenzyplus.com\/#website","url":"https:\/\/frenzyplus.com\/","name":"Frenzyplus","description":"Goood size dresses","publisher":{"@id":"https:\/\/frenzyplus.com\/#organization"},"potentialAction":[{"@type":"SearchAction","target":{"@type":"EntryPoint","urlTemplate":"https:\/\/frenzyplus.com\/?s={search_term_string}"},"query-input":{"@type":"PropertyValueSpecification","valueRequired":true,"valueName":"search_term_string"}}],"inLanguage":"pl-PL"},{"@type":"Organization","@id":"https:\/\/frenzyplus.com\/#organization","name":"Frenzy+","url":"https:\/\/frenzyplus.com\/","logo":{"@type":"ImageObject","inLanguage":"pl-PL","@id":"https:\/\/frenzyplus.com\/#\/schema\/logo\/image\/","url":"https:\/\/frenzyplus.com\/wp-content\/uploads\/2025\/11\/Frenzy_logo_black.pdf.avif","contentUrl":"https:\/\/frenzyplus.com\/wp-content\/uploads\/2025\/11\/Frenzy_logo_black.pdf.avif","width":870,"height":254,"caption":"Frenzy+"},"image":{"@id":"https:\/\/frenzyplus.com\/#\/schema\/logo\/image\/"}}]}},"jetpack_sharing_enabled":true,"_links":{"self":[{"href":"https:\/\/frenzyplus.com\/pl_pl\/wp-json\/wp\/v2\/product\/943","targetHints":{"allow":["GET"]}}],"collection":[{"href":"https:\/\/frenzyplus.com\/pl_pl\/wp-json\/wp\/v2\/product"}],"about":[{"href":"https:\/\/frenzyplus.com\/pl_pl\/wp-json\/wp\/v2\/types\/product"}],"replies":[{"embeddable":true,"href":"https:\/\/frenzyplus.com\/pl_pl\/wp-json\/wp\/v2\/comments?post=943"}],"version-history":[{"count":0,"href":"https:\/\/frenzyplus.com\/pl_pl\/wp-json\/wp\/v2\/product\/943\/revisions"}],"wp:featuredmedia":[{"embeddable":true,"href":"https:\/\/frenzyplus.com\/pl_pl\/wp-json\/wp\/v2\/media\/956"}],"wp:attachment":[{"href":"https:\/\/frenzyplus.com\/pl_pl\/wp-json\/wp\/v2\/media?parent=943"}],"wp:term":[{"taxonomy":"product_brand","embeddable":true,"href":"https:\/\/frenzyplus.com\/pl_pl\/wp-json\/wp\/v2\/product_brand?post=943"},{"taxonomy":"product_cat","embeddable":true,"href":"https:\/\/frenzyplus.com\/pl_pl\/wp-json\/wp\/v2\/product_cat?post=943"},{"taxonomy":"product_tag","embeddable":true,"href":"https:\/\/frenzyplus.com\/pl_pl\/wp-json\/wp\/v2\/product_tag?post=943"}],"curies":[{"name":"wp","href":"https:\/\/api.w.org\/{rel}","templated":true}]}}