{"id":5260,"date":"2026-03-07T14:04:27","date_gmt":"2026-03-07T13:04:27","guid":{"rendered":"https:\/\/frenzyplus.com\/?post_type=product&#038;p=5260"},"modified":"2026-03-07T14:13:47","modified_gmt":"2026-03-07T13:13:47","slug":"kurtka-jeansowa-denim-breeze","status":"publish","type":"product","link":"https:\/\/frenzyplus.com\/pl_pl\/produkt\/kurtka-jeansowa-denim-breeze\/","title":{"rendered":"Kurtka jeansowa DENIM BREEZE"},"content":{"rendered":"<p class=\"p1\">Kr\u00f3tka kurtka jeansowa w jasnym odcieniu denimu to modna propozycja dla kobiet, kt\u00f3re lubi\u0105 \u0142\u0105czy\u0107 wygod\u0119 z wyrazistym stylem. Lu\u017any fason z obni\u017con\u0105 lini\u0105 ramion i delikatnie marszczonymi r\u0119kawami nadaje ca\u0142o\u015bci nowoczesnego charakteru, a jednocze\u015bnie zapewnia komfort noszenia. Lekki jeans sprawia, \u017ce kurtka \u015bwietnie sprawdzi si\u0119 w codziennych stylizacjach &#8211; do sukienek, jeans\u00f3w, leggins\u00f3w czy sp\u00f3dnic. To uniwersalny model idealny na wiosn\u0119, ch\u0142odniejsze letnie dni oraz jako modna warstwa do casualowych stylizacji.<\/p>\n","protected":false},"excerpt":{"rendered":"<p><strong data-start=\"557\" data-end=\"582\">Dodatkowe informacje:<\/strong><br data-start=\"582\" data-end=\"585\" \/>\u2022 lu\u017any, komfortowy fason w stylu casual<br data-start=\"625\" data-end=\"628\" \/>\u2022 zapinana na zamek b\u0142yskawiczny oraz napy<br data-start=\"670\" data-end=\"673\" \/>\u2022 elastyczne mankiety i d\u00f3\u0142 kurtki dla lepszego dopasowania<br data-start=\"732\" data-end=\"735\" \/>\u2022 ozdobne pagony na ramionach<br data-start=\"764\" data-end=\"767\" \/>\u2022 klasyczny, jasny odcie\u0144 denimu pasuj\u0105cy do wielu stylizacji<br \/>\n\u2022 sk\u0142ad materia\u0142u 95% bawe\u0142na, 5% elastan<br \/>\n\u2022 modelka ma 176 cm wzrostu<\/p>\n","protected":false},"featured_media":5234,"comment_status":"closed","ping_status":"closed","template":"","meta":{"site-sidebar-layout":"default","site-content-layout":"","ast-site-content-layout":"default","site-content-style":"default","site-sidebar-style":"default","ast-global-header-display":"","ast-banner-title-visibility":"","ast-main-header-display":"","ast-hfb-above-header-display":"","ast-hfb-below-header-display":"","ast-hfb-mobile-header-display":"","site-post-title":"","ast-breadcrumbs-content":"","ast-featured-img":"","footer-sml-layout":"","ast-disable-related-posts":"","theme-transparent-header-meta":"default","adv-header-id-meta":"","stick-header-meta":"","header-above-stick-meta":"","header-main-stick-meta":"","header-below-stick-meta":"","astra-migrate-meta-layouts":"set","ast-page-background-enabled":"default","ast-page-background-meta":{"desktop":{"background-color":"var(--ast-global-color-5)","background-image":"","background-repeat":"repeat","background-position":"center center","background-size":"auto","background-attachment":"scroll","background-type":"","background-media":"","overlay-type":"","overlay-color":"","overlay-opacity":"","overlay-gradient":""},"tablet":{"background-color":"","background-image":"","background-repeat":"repeat","background-position":"center center","background-size":"auto","background-attachment":"scroll","background-type":"","background-media":"","overlay-type":"","overlay-color":"","overlay-opacity":"","overlay-gradient":""},"mobile":{"background-color":"","background-image":"","background-repeat":"repeat","background-position":"center center","background-size":"auto","background-attachment":"scroll","background-type":"","background-media":"","overlay-type":"","overlay-color":"","overlay-opacity":"","overlay-gradient":""}},"ast-content-background-meta":{"desktop":{"background-color":"var(--ast-global-color-4)","background-image":"","background-repeat":"repeat","background-position":"center center","background-size":"auto","background-attachment":"scroll","background-type":"","background-media":"","overlay-type":"","overlay-color":"","overlay-opacity":"","overlay-gradient":""},"tablet":{"background-color":"var(--ast-global-color-4)","background-image":"","background-repeat":"repeat","background-position":"center center","background-size":"auto","background-attachment":"scroll","background-type":"","background-media":"","overlay-type":"","overlay-color":"","overlay-opacity":"","overlay-gradient":""},"mobile":{"background-color":"var(--ast-global-color-4)","background-image":"","background-repeat":"repeat","background-position":"center center","background-size":"auto","background-attachment":"scroll","background-type":"","background-media":"","overlay-type":"","overlay-color":"","overlay-opacity":"","overlay-gradient":""}}},"product_brand":[],"product_cat":[310,16],"product_tag":[],"class_list":{"0":"post-5260","1":"product","2":"type-product","3":"status-publish","4":"has-post-thumbnail","6":"product_cat-gorna-czesc-garderoby","7":"product_cat-sklep","8":"desktop-align-left","9":"tablet-align-left","10":"mobile-align-left","12":"first","13":"instock","14":"taxable","15":"shipping-taxable","16":"purchasable","17":"product-type-variable"},"yoast_head":"<!-- This site is optimized with the Yoast SEO plugin v26.8 - https:\/\/yoast.com\/product\/yoast-seo-wordpress\/ -->\n<title>Kurtka jeansowa DENIM BREEZE - Frenzy+<\/title>\n<meta name=\"robots\" content=\"index, follow, max-snippet:-1, max-image-preview:large, max-video-preview:-1\" \/>\n<link rel=\"canonical\" href=\"https:\/\/frenzyplus.com\/pl_pl\/produkt\/kurtka-jeansowa-denim-breeze\/\" \/>\n<meta property=\"og:locale\" content=\"pl_PL\" \/>\n<meta property=\"og:type\" content=\"article\" \/>\n<meta property=\"og:title\" content=\"Kurtka jeansowa DENIM BREEZE - Frenzy+\" \/>\n<meta property=\"og:description\" content=\"Dodatkowe informacje:\u2022 lu\u017any, komfortowy fason w stylu casual\u2022 zapinana na zamek b\u0142yskawiczny oraz napy\u2022 elastyczne mankiety i d\u00f3\u0142 kurtki dla lepszego dopasowania\u2022 ozdobne pagony na ramionach\u2022 klasyczny, jasny odcie\u0144 denimu pasuj\u0105cy do wielu stylizacji \u2022 sk\u0142ad materia\u0142u 95% bawe\u0142na, 5% elastan \u2022 modelka ma 176 cm wzrostu\" \/>\n<meta property=\"og:url\" content=\"https:\/\/frenzyplus.com\/pl_pl\/produkt\/kurtka-jeansowa-denim-breeze\/\" \/>\n<meta property=\"og:site_name\" content=\"Frenzy+\" \/>\n<meta property=\"article:modified_time\" content=\"2026-03-07T13:13:47+00:00\" \/>\n<meta property=\"og:image\" content=\"https:\/\/frenzyplus.com\/wp-content\/uploads\/2026\/03\/IMG_4820-scaled.avif\" \/>\n\t<meta property=\"og:image:width\" content=\"1920\" \/>\n\t<meta property=\"og:image:height\" content=\"2560\" \/>\n\t<meta property=\"og:image:type\" content=\"image\/jpeg\" \/>\n<meta name=\"twitter:card\" content=\"summary_large_image\" \/>\n<meta name=\"twitter:label1\" content=\"Szacowany czas czytania\" \/>\n\t<meta name=\"twitter:data1\" content=\"1 minuta\" \/>\n<script type=\"application\/ld+json\" class=\"yoast-schema-graph\">{\"@context\":\"https:\/\/schema.org\",\"@graph\":[{\"@type\":\"WebPage\",\"@id\":\"https:\/\/frenzyplus.com\/produkt\/kurtka-jeansowa-denim-breeze\/\",\"url\":\"https:\/\/frenzyplus.com\/produkt\/kurtka-jeansowa-denim-breeze\/\",\"name\":\"Kurtka jeansowa DENIM BREEZE - Frenzy+\",\"isPartOf\":{\"@id\":\"https:\/\/frenzyplus.com\/#website\"},\"primaryImageOfPage\":{\"@id\":\"https:\/\/frenzyplus.com\/produkt\/kurtka-jeansowa-denim-breeze\/#primaryimage\"},\"image\":{\"@id\":\"https:\/\/frenzyplus.com\/produkt\/kurtka-jeansowa-denim-breeze\/#primaryimage\"},\"thumbnailUrl\":\"https:\/\/frenzyplus.com\/wp-content\/uploads\/2026\/03\/IMG_4820-scaled.avif\",\"datePublished\":\"2026-03-07T13:04:27+00:00\",\"dateModified\":\"2026-03-07T13:13:47+00:00\",\"breadcrumb\":{\"@id\":\"https:\/\/frenzyplus.com\/produkt\/kurtka-jeansowa-denim-breeze\/#breadcrumb\"},\"inLanguage\":\"pl-PL\",\"potentialAction\":[{\"@type\":\"ReadAction\",\"target\":[\"https:\/\/frenzyplus.com\/produkt\/kurtka-jeansowa-denim-breeze\/\"]}]},{\"@type\":\"ImageObject\",\"inLanguage\":\"pl-PL\",\"@id\":\"https:\/\/frenzyplus.com\/produkt\/kurtka-jeansowa-denim-breeze\/#primaryimage\",\"url\":\"https:\/\/frenzyplus.com\/wp-content\/uploads\/2026\/03\/IMG_4820-scaled.avif\",\"contentUrl\":\"https:\/\/frenzyplus.com\/wp-content\/uploads\/2026\/03\/IMG_4820-scaled.avif\",\"width\":1920,\"height\":2560},{\"@type\":\"BreadcrumbList\",\"@id\":\"https:\/\/frenzyplus.com\/produkt\/kurtka-jeansowa-denim-breeze\/#breadcrumb\",\"itemListElement\":[{\"@type\":\"ListItem\",\"position\":1,\"name\":\"Strona g\u0142\u00f3wna\",\"item\":\"https:\/\/frenzyplus.com\/\"},{\"@type\":\"ListItem\",\"position\":2,\"name\":\"Sklep\",\"item\":\"https:\/\/frenzyplus.com\/sklep\/\"},{\"@type\":\"ListItem\",\"position\":3,\"name\":\"Kurtka jeansowa DENIM BREEZE\"}]},{\"@type\":\"WebSite\",\"@id\":\"https:\/\/frenzyplus.com\/#website\",\"url\":\"https:\/\/frenzyplus.com\/\",\"name\":\"Frenzyplus\",\"description\":\"Goood size dresses\",\"publisher\":{\"@id\":\"https:\/\/frenzyplus.com\/#organization\"},\"potentialAction\":[{\"@type\":\"SearchAction\",\"target\":{\"@type\":\"EntryPoint\",\"urlTemplate\":\"https:\/\/frenzyplus.com\/?s={search_term_string}\"},\"query-input\":{\"@type\":\"PropertyValueSpecification\",\"valueRequired\":true,\"valueName\":\"search_term_string\"}}],\"inLanguage\":\"pl-PL\"},{\"@type\":\"Organization\",\"@id\":\"https:\/\/frenzyplus.com\/#organization\",\"name\":\"Frenzy+\",\"url\":\"https:\/\/frenzyplus.com\/\",\"logo\":{\"@type\":\"ImageObject\",\"inLanguage\":\"pl-PL\",\"@id\":\"https:\/\/frenzyplus.com\/#\/schema\/logo\/image\/\",\"url\":\"https:\/\/frenzyplus.com\/wp-content\/uploads\/2025\/11\/Frenzy_logo_black.pdf.avif\",\"contentUrl\":\"https:\/\/frenzyplus.com\/wp-content\/uploads\/2025\/11\/Frenzy_logo_black.pdf.avif\",\"width\":870,\"height\":254,\"caption\":\"Frenzy+\"},\"image\":{\"@id\":\"https:\/\/frenzyplus.com\/#\/schema\/logo\/image\/\"}}]}<\/script>\n<!-- \/ Yoast SEO plugin. -->","yoast_head_json":{"title":"Kurtka jeansowa DENIM BREEZE - Frenzy+","robots":{"index":"index","follow":"follow","max-snippet":"max-snippet:-1","max-image-preview":"max-image-preview:large","max-video-preview":"max-video-preview:-1"},"canonical":"https:\/\/frenzyplus.com\/pl_pl\/produkt\/kurtka-jeansowa-denim-breeze\/","og_locale":"pl_PL","og_type":"article","og_title":"Kurtka jeansowa DENIM BREEZE - Frenzy+","og_description":"Dodatkowe informacje:\u2022 lu\u017any, komfortowy fason w stylu casual\u2022 zapinana na zamek b\u0142yskawiczny oraz napy\u2022 elastyczne mankiety i d\u00f3\u0142 kurtki dla lepszego dopasowania\u2022 ozdobne pagony na ramionach\u2022 klasyczny, jasny odcie\u0144 denimu pasuj\u0105cy do wielu stylizacji \u2022 sk\u0142ad materia\u0142u 95% bawe\u0142na, 5% elastan \u2022 modelka ma 176 cm wzrostu","og_url":"https:\/\/frenzyplus.com\/pl_pl\/produkt\/kurtka-jeansowa-denim-breeze\/","og_site_name":"Frenzy+","article_modified_time":"2026-03-07T13:13:47+00:00","og_image":[{"width":1920,"height":2560,"url":"https:\/\/frenzyplus.com\/wp-content\/uploads\/2026\/03\/IMG_4820-scaled.avif","type":"image\/jpeg"}],"twitter_card":"summary_large_image","twitter_misc":{"Szacowany czas czytania":"1 minuta"},"schema":{"@context":"https:\/\/schema.org","@graph":[{"@type":"WebPage","@id":"https:\/\/frenzyplus.com\/produkt\/kurtka-jeansowa-denim-breeze\/","url":"https:\/\/frenzyplus.com\/produkt\/kurtka-jeansowa-denim-breeze\/","name":"Kurtka jeansowa DENIM BREEZE - Frenzy+","isPartOf":{"@id":"https:\/\/frenzyplus.com\/#website"},"primaryImageOfPage":{"@id":"https:\/\/frenzyplus.com\/produkt\/kurtka-jeansowa-denim-breeze\/#primaryimage"},"image":{"@id":"https:\/\/frenzyplus.com\/produkt\/kurtka-jeansowa-denim-breeze\/#primaryimage"},"thumbnailUrl":"https:\/\/frenzyplus.com\/wp-content\/uploads\/2026\/03\/IMG_4820-scaled.avif","datePublished":"2026-03-07T13:04:27+00:00","dateModified":"2026-03-07T13:13:47+00:00","breadcrumb":{"@id":"https:\/\/frenzyplus.com\/produkt\/kurtka-jeansowa-denim-breeze\/#breadcrumb"},"inLanguage":"pl-PL","potentialAction":[{"@type":"ReadAction","target":["https:\/\/frenzyplus.com\/produkt\/kurtka-jeansowa-denim-breeze\/"]}]},{"@type":"ImageObject","inLanguage":"pl-PL","@id":"https:\/\/frenzyplus.com\/produkt\/kurtka-jeansowa-denim-breeze\/#primaryimage","url":"https:\/\/frenzyplus.com\/wp-content\/uploads\/2026\/03\/IMG_4820-scaled.avif","contentUrl":"https:\/\/frenzyplus.com\/wp-content\/uploads\/2026\/03\/IMG_4820-scaled.avif","width":1920,"height":2560},{"@type":"BreadcrumbList","@id":"https:\/\/frenzyplus.com\/produkt\/kurtka-jeansowa-denim-breeze\/#breadcrumb","itemListElement":[{"@type":"ListItem","position":1,"name":"Strona g\u0142\u00f3wna","item":"https:\/\/frenzyplus.com\/"},{"@type":"ListItem","position":2,"name":"Sklep","item":"https:\/\/frenzyplus.com\/sklep\/"},{"@type":"ListItem","position":3,"name":"Kurtka jeansowa DENIM BREEZE"}]},{"@type":"WebSite","@id":"https:\/\/frenzyplus.com\/#website","url":"https:\/\/frenzyplus.com\/","name":"Frenzyplus","description":"Goood size dresses","publisher":{"@id":"https:\/\/frenzyplus.com\/#organization"},"potentialAction":[{"@type":"SearchAction","target":{"@type":"EntryPoint","urlTemplate":"https:\/\/frenzyplus.com\/?s={search_term_string}"},"query-input":{"@type":"PropertyValueSpecification","valueRequired":true,"valueName":"search_term_string"}}],"inLanguage":"pl-PL"},{"@type":"Organization","@id":"https:\/\/frenzyplus.com\/#organization","name":"Frenzy+","url":"https:\/\/frenzyplus.com\/","logo":{"@type":"ImageObject","inLanguage":"pl-PL","@id":"https:\/\/frenzyplus.com\/#\/schema\/logo\/image\/","url":"https:\/\/frenzyplus.com\/wp-content\/uploads\/2025\/11\/Frenzy_logo_black.pdf.avif","contentUrl":"https:\/\/frenzyplus.com\/wp-content\/uploads\/2025\/11\/Frenzy_logo_black.pdf.avif","width":870,"height":254,"caption":"Frenzy+"},"image":{"@id":"https:\/\/frenzyplus.com\/#\/schema\/logo\/image\/"}}]}},"jetpack_sharing_enabled":true,"_links":{"self":[{"href":"https:\/\/frenzyplus.com\/pl_pl\/wp-json\/wp\/v2\/product\/5260","targetHints":{"allow":["GET"]}}],"collection":[{"href":"https:\/\/frenzyplus.com\/pl_pl\/wp-json\/wp\/v2\/product"}],"about":[{"href":"https:\/\/frenzyplus.com\/pl_pl\/wp-json\/wp\/v2\/types\/product"}],"replies":[{"embeddable":true,"href":"https:\/\/frenzyplus.com\/pl_pl\/wp-json\/wp\/v2\/comments?post=5260"}],"version-history":[{"count":2,"href":"https:\/\/frenzyplus.com\/pl_pl\/wp-json\/wp\/v2\/product\/5260\/revisions"}],"predecessor-version":[{"id":5296,"href":"https:\/\/frenzyplus.com\/pl_pl\/wp-json\/wp\/v2\/product\/5260\/revisions\/5296"}],"wp:featuredmedia":[{"embeddable":true,"href":"https:\/\/frenzyplus.com\/pl_pl\/wp-json\/wp\/v2\/media\/5234"}],"wp:attachment":[{"href":"https:\/\/frenzyplus.com\/pl_pl\/wp-json\/wp\/v2\/media?parent=5260"}],"wp:term":[{"taxonomy":"product_brand","embeddable":true,"href":"https:\/\/frenzyplus.com\/pl_pl\/wp-json\/wp\/v2\/product_brand?post=5260"},{"taxonomy":"product_cat","embeddable":true,"href":"https:\/\/frenzyplus.com\/pl_pl\/wp-json\/wp\/v2\/product_cat?post=5260"},{"taxonomy":"product_tag","embeddable":true,"href":"https:\/\/frenzyplus.com\/pl_pl\/wp-json\/wp\/v2\/product_tag?post=5260"}],"curies":[{"name":"wp","href":"https:\/\/api.w.org\/{rel}","templated":true}]}}