{"id":5216,"date":"2026-03-07T13:19:39","date_gmt":"2026-03-07T12:19:39","guid":{"rendered":"https:\/\/frenzyplus.com\/?post_type=product&#038;p=5216"},"modified":"2026-03-07T13:35:41","modified_gmt":"2026-03-07T12:35:41","slug":"koszula-lniana-natural-mist-szara","status":"publish","type":"product","link":"https:\/\/frenzyplus.com\/pl_pl\/produkt\/koszula-lniana-natural-mist-szara\/","title":{"rendered":"Koszula lniana NATURAL MIST &#8211; szara"},"content":{"rendered":"<p class=\"p1\">Lekka koszula damska w subtelnym, naturalnym odcieniu to idealna propozycja dla kobiet, kt\u00f3re ceni\u0105 wygod\u0119 i ponadczasow\u0105 elegancj\u0119. Lu\u017any, lekko oversize\u2019owy fason pi\u0119knie uk\u0142ada si\u0119 na sylwetce, zapewniaj\u0105c komfort noszenia i swobod\u0119 ruch\u00f3w. Naturalna mieszanka bawe\u0142ny, lnu i jedwabiu sprawia, \u017ce koszula jest przewiewna, mi\u0119kka i doskona\u0142a na cieplejsze dni. To uniwersalny model do codziennych stylizacji \u2013 \u015bwietnie wygl\u0105da zar\u00f3wno z jeansami, jak i eleganckimi spodniami czy sp\u00f3dnic\u0105.<\/p>\n","protected":false},"excerpt":{"rendered":"<p><strong data-start=\"525\" data-end=\"550\">Dodatkowe informacje:<\/strong><br data-start=\"550\" data-end=\"553\" \/>\u2022 lu\u017any, komfortowy fason idealny do stylizacji casual i smart casual<br data-start=\"622\" data-end=\"625\" \/>\u2022 przewiewna, naturalna tkanina odpowiednia na wiosn\u0119 i lato<br data-start=\"685\" data-end=\"688\" \/>\u2022 zapinana na guziki<br data-start=\"708\" data-end=\"711\" \/>\u2022 klasyczny ko\u0142nierzyk koszulowy<\/p>\n<p><strong data-start=\"959\" data-end=\"979\">Sk\u0142ad materia\u0142u:<\/strong><br data-start=\"979\" data-end=\"982\" \/>\u2022 75% bawe\u0142na<br data-start=\"995\" data-end=\"998\" \/>\u2022 20% len<br data-start=\"1007\" data-end=\"1010\" \/>\u2022 5% jedwab<\/p>\n","protected":false},"featured_media":5223,"comment_status":"closed","ping_status":"closed","template":"","meta":{"site-sidebar-layout":"default","site-content-layout":"","ast-site-content-layout":"default","site-content-style":"default","site-sidebar-style":"default","ast-global-header-display":"","ast-banner-title-visibility":"","ast-main-header-display":"","ast-hfb-above-header-display":"","ast-hfb-below-header-display":"","ast-hfb-mobile-header-display":"","site-post-title":"","ast-breadcrumbs-content":"","ast-featured-img":"","footer-sml-layout":"","ast-disable-related-posts":"","theme-transparent-header-meta":"default","adv-header-id-meta":"","stick-header-meta":"","header-above-stick-meta":"","header-main-stick-meta":"","header-below-stick-meta":"","astra-migrate-meta-layouts":"set","ast-page-background-enabled":"default","ast-page-background-meta":{"desktop":{"background-color":"var(--ast-global-color-5)","background-image":"","background-repeat":"repeat","background-position":"center center","background-size":"auto","background-attachment":"scroll","background-type":"","background-media":"","overlay-type":"","overlay-color":"","overlay-opacity":"","overlay-gradient":""},"tablet":{"background-color":"","background-image":"","background-repeat":"repeat","background-position":"center center","background-size":"auto","background-attachment":"scroll","background-type":"","background-media":"","overlay-type":"","overlay-color":"","overlay-opacity":"","overlay-gradient":""},"mobile":{"background-color":"","background-image":"","background-repeat":"repeat","background-position":"center center","background-size":"auto","background-attachment":"scroll","background-type":"","background-media":"","overlay-type":"","overlay-color":"","overlay-opacity":"","overlay-gradient":""}},"ast-content-background-meta":{"desktop":{"background-color":"var(--ast-global-color-4)","background-image":"","background-repeat":"repeat","background-position":"center center","background-size":"auto","background-attachment":"scroll","background-type":"","background-media":"","overlay-type":"","overlay-color":"","overlay-opacity":"","overlay-gradient":""},"tablet":{"background-color":"var(--ast-global-color-4)","background-image":"","background-repeat":"repeat","background-position":"center center","background-size":"auto","background-attachment":"scroll","background-type":"","background-media":"","overlay-type":"","overlay-color":"","overlay-opacity":"","overlay-gradient":""},"mobile":{"background-color":"var(--ast-global-color-4)","background-image":"","background-repeat":"repeat","background-position":"center center","background-size":"auto","background-attachment":"scroll","background-type":"","background-media":"","overlay-type":"","overlay-color":"","overlay-opacity":"","overlay-gradient":""}}},"product_brand":[],"product_cat":[310,16],"product_tag":[],"class_list":{"0":"post-5216","1":"product","2":"type-product","3":"status-publish","4":"has-post-thumbnail","6":"product_cat-gorna-czesc-garderoby","7":"product_cat-sklep","8":"desktop-align-left","9":"tablet-align-left","10":"mobile-align-left","12":"first","13":"instock","14":"taxable","15":"shipping-taxable","16":"purchasable","17":"product-type-variable"},"yoast_head":"<!-- This site is optimized with the Yoast SEO plugin v26.8 - https:\/\/yoast.com\/product\/yoast-seo-wordpress\/ -->\n<title>Koszula lniana NATURAL MIST - szara - Frenzy+<\/title>\n<meta name=\"robots\" content=\"index, follow, max-snippet:-1, max-image-preview:large, max-video-preview:-1\" \/>\n<link rel=\"canonical\" href=\"https:\/\/frenzyplus.com\/pl_pl\/produkt\/koszula-lniana-natural-mist-szara\/\" \/>\n<meta property=\"og:locale\" content=\"pl_PL\" \/>\n<meta property=\"og:type\" content=\"article\" \/>\n<meta property=\"og:title\" content=\"Koszula lniana NATURAL MIST - szara - Frenzy+\" \/>\n<meta property=\"og:description\" content=\"Dodatkowe informacje:\u2022 lu\u017any, komfortowy fason idealny do stylizacji casual i smart casual\u2022 przewiewna, naturalna tkanina odpowiednia na wiosn\u0119 i lato\u2022 zapinana na guziki\u2022 klasyczny ko\u0142nierzyk koszulowy  Sk\u0142ad materia\u0142u:\u2022 75% bawe\u0142na\u2022 20% len\u2022 5% jedwab\" \/>\n<meta property=\"og:url\" content=\"https:\/\/frenzyplus.com\/pl_pl\/produkt\/koszula-lniana-natural-mist-szara\/\" \/>\n<meta property=\"og:site_name\" content=\"Frenzy+\" \/>\n<meta property=\"article:modified_time\" content=\"2026-03-07T12:35:41+00:00\" \/>\n<meta property=\"og:image\" content=\"https:\/\/frenzyplus.com\/wp-content\/uploads\/2026\/03\/IMG_4755-scaled.avif\" \/>\n\t<meta property=\"og:image:width\" content=\"1920\" \/>\n\t<meta property=\"og:image:height\" content=\"2560\" \/>\n\t<meta property=\"og:image:type\" content=\"image\/jpeg\" \/>\n<meta name=\"twitter:card\" content=\"summary_large_image\" \/>\n<meta name=\"twitter:label1\" content=\"Szacowany czas czytania\" \/>\n\t<meta name=\"twitter:data1\" content=\"1 minuta\" \/>\n<script type=\"application\/ld+json\" class=\"yoast-schema-graph\">{\"@context\":\"https:\/\/schema.org\",\"@graph\":[{\"@type\":\"WebPage\",\"@id\":\"https:\/\/frenzyplus.com\/produkt\/koszula-lniana-natural-mist-szara\/\",\"url\":\"https:\/\/frenzyplus.com\/produkt\/koszula-lniana-natural-mist-szara\/\",\"name\":\"Koszula lniana NATURAL MIST - szara - Frenzy+\",\"isPartOf\":{\"@id\":\"https:\/\/frenzyplus.com\/#website\"},\"primaryImageOfPage\":{\"@id\":\"https:\/\/frenzyplus.com\/produkt\/koszula-lniana-natural-mist-szara\/#primaryimage\"},\"image\":{\"@id\":\"https:\/\/frenzyplus.com\/produkt\/koszula-lniana-natural-mist-szara\/#primaryimage\"},\"thumbnailUrl\":\"https:\/\/frenzyplus.com\/wp-content\/uploads\/2026\/03\/IMG_4755-scaled.avif\",\"datePublished\":\"2026-03-07T12:19:39+00:00\",\"dateModified\":\"2026-03-07T12:35:41+00:00\",\"breadcrumb\":{\"@id\":\"https:\/\/frenzyplus.com\/produkt\/koszula-lniana-natural-mist-szara\/#breadcrumb\"},\"inLanguage\":\"pl-PL\",\"potentialAction\":[{\"@type\":\"ReadAction\",\"target\":[\"https:\/\/frenzyplus.com\/produkt\/koszula-lniana-natural-mist-szara\/\"]}]},{\"@type\":\"ImageObject\",\"inLanguage\":\"pl-PL\",\"@id\":\"https:\/\/frenzyplus.com\/produkt\/koszula-lniana-natural-mist-szara\/#primaryimage\",\"url\":\"https:\/\/frenzyplus.com\/wp-content\/uploads\/2026\/03\/IMG_4755-scaled.avif\",\"contentUrl\":\"https:\/\/frenzyplus.com\/wp-content\/uploads\/2026\/03\/IMG_4755-scaled.avif\",\"width\":1920,\"height\":2560},{\"@type\":\"BreadcrumbList\",\"@id\":\"https:\/\/frenzyplus.com\/produkt\/koszula-lniana-natural-mist-szara\/#breadcrumb\",\"itemListElement\":[{\"@type\":\"ListItem\",\"position\":1,\"name\":\"Strona g\u0142\u00f3wna\",\"item\":\"https:\/\/frenzyplus.com\/\"},{\"@type\":\"ListItem\",\"position\":2,\"name\":\"Sklep\",\"item\":\"https:\/\/frenzyplus.com\/sklep\/\"},{\"@type\":\"ListItem\",\"position\":3,\"name\":\"Koszula lniana NATURAL MIST &#8211; szara\"}]},{\"@type\":\"WebSite\",\"@id\":\"https:\/\/frenzyplus.com\/#website\",\"url\":\"https:\/\/frenzyplus.com\/\",\"name\":\"Frenzyplus\",\"description\":\"Goood size dresses\",\"publisher\":{\"@id\":\"https:\/\/frenzyplus.com\/#organization\"},\"potentialAction\":[{\"@type\":\"SearchAction\",\"target\":{\"@type\":\"EntryPoint\",\"urlTemplate\":\"https:\/\/frenzyplus.com\/?s={search_term_string}\"},\"query-input\":{\"@type\":\"PropertyValueSpecification\",\"valueRequired\":true,\"valueName\":\"search_term_string\"}}],\"inLanguage\":\"pl-PL\"},{\"@type\":\"Organization\",\"@id\":\"https:\/\/frenzyplus.com\/#organization\",\"name\":\"Frenzy+\",\"url\":\"https:\/\/frenzyplus.com\/\",\"logo\":{\"@type\":\"ImageObject\",\"inLanguage\":\"pl-PL\",\"@id\":\"https:\/\/frenzyplus.com\/#\/schema\/logo\/image\/\",\"url\":\"https:\/\/frenzyplus.com\/wp-content\/uploads\/2025\/11\/Frenzy_logo_black.pdf.avif\",\"contentUrl\":\"https:\/\/frenzyplus.com\/wp-content\/uploads\/2025\/11\/Frenzy_logo_black.pdf.avif\",\"width\":870,\"height\":254,\"caption\":\"Frenzy+\"},\"image\":{\"@id\":\"https:\/\/frenzyplus.com\/#\/schema\/logo\/image\/\"}}]}<\/script>\n<!-- \/ Yoast SEO plugin. -->","yoast_head_json":{"title":"Koszula lniana NATURAL MIST - szara - Frenzy+","robots":{"index":"index","follow":"follow","max-snippet":"max-snippet:-1","max-image-preview":"max-image-preview:large","max-video-preview":"max-video-preview:-1"},"canonical":"https:\/\/frenzyplus.com\/pl_pl\/produkt\/koszula-lniana-natural-mist-szara\/","og_locale":"pl_PL","og_type":"article","og_title":"Koszula lniana NATURAL MIST - szara - Frenzy+","og_description":"Dodatkowe informacje:\u2022 lu\u017any, komfortowy fason idealny do stylizacji casual i smart casual\u2022 przewiewna, naturalna tkanina odpowiednia na wiosn\u0119 i lato\u2022 zapinana na guziki\u2022 klasyczny ko\u0142nierzyk koszulowy  Sk\u0142ad materia\u0142u:\u2022 75% bawe\u0142na\u2022 20% len\u2022 5% jedwab","og_url":"https:\/\/frenzyplus.com\/pl_pl\/produkt\/koszula-lniana-natural-mist-szara\/","og_site_name":"Frenzy+","article_modified_time":"2026-03-07T12:35:41+00:00","og_image":[{"width":1920,"height":2560,"url":"https:\/\/frenzyplus.com\/wp-content\/uploads\/2026\/03\/IMG_4755-scaled.avif","type":"image\/jpeg"}],"twitter_card":"summary_large_image","twitter_misc":{"Szacowany czas czytania":"1 minuta"},"schema":{"@context":"https:\/\/schema.org","@graph":[{"@type":"WebPage","@id":"https:\/\/frenzyplus.com\/produkt\/koszula-lniana-natural-mist-szara\/","url":"https:\/\/frenzyplus.com\/produkt\/koszula-lniana-natural-mist-szara\/","name":"Koszula lniana NATURAL MIST - szara - Frenzy+","isPartOf":{"@id":"https:\/\/frenzyplus.com\/#website"},"primaryImageOfPage":{"@id":"https:\/\/frenzyplus.com\/produkt\/koszula-lniana-natural-mist-szara\/#primaryimage"},"image":{"@id":"https:\/\/frenzyplus.com\/produkt\/koszula-lniana-natural-mist-szara\/#primaryimage"},"thumbnailUrl":"https:\/\/frenzyplus.com\/wp-content\/uploads\/2026\/03\/IMG_4755-scaled.avif","datePublished":"2026-03-07T12:19:39+00:00","dateModified":"2026-03-07T12:35:41+00:00","breadcrumb":{"@id":"https:\/\/frenzyplus.com\/produkt\/koszula-lniana-natural-mist-szara\/#breadcrumb"},"inLanguage":"pl-PL","potentialAction":[{"@type":"ReadAction","target":["https:\/\/frenzyplus.com\/produkt\/koszula-lniana-natural-mist-szara\/"]}]},{"@type":"ImageObject","inLanguage":"pl-PL","@id":"https:\/\/frenzyplus.com\/produkt\/koszula-lniana-natural-mist-szara\/#primaryimage","url":"https:\/\/frenzyplus.com\/wp-content\/uploads\/2026\/03\/IMG_4755-scaled.avif","contentUrl":"https:\/\/frenzyplus.com\/wp-content\/uploads\/2026\/03\/IMG_4755-scaled.avif","width":1920,"height":2560},{"@type":"BreadcrumbList","@id":"https:\/\/frenzyplus.com\/produkt\/koszula-lniana-natural-mist-szara\/#breadcrumb","itemListElement":[{"@type":"ListItem","position":1,"name":"Strona g\u0142\u00f3wna","item":"https:\/\/frenzyplus.com\/"},{"@type":"ListItem","position":2,"name":"Sklep","item":"https:\/\/frenzyplus.com\/sklep\/"},{"@type":"ListItem","position":3,"name":"Koszula lniana NATURAL MIST &#8211; szara"}]},{"@type":"WebSite","@id":"https:\/\/frenzyplus.com\/#website","url":"https:\/\/frenzyplus.com\/","name":"Frenzyplus","description":"Goood size dresses","publisher":{"@id":"https:\/\/frenzyplus.com\/#organization"},"potentialAction":[{"@type":"SearchAction","target":{"@type":"EntryPoint","urlTemplate":"https:\/\/frenzyplus.com\/?s={search_term_string}"},"query-input":{"@type":"PropertyValueSpecification","valueRequired":true,"valueName":"search_term_string"}}],"inLanguage":"pl-PL"},{"@type":"Organization","@id":"https:\/\/frenzyplus.com\/#organization","name":"Frenzy+","url":"https:\/\/frenzyplus.com\/","logo":{"@type":"ImageObject","inLanguage":"pl-PL","@id":"https:\/\/frenzyplus.com\/#\/schema\/logo\/image\/","url":"https:\/\/frenzyplus.com\/wp-content\/uploads\/2025\/11\/Frenzy_logo_black.pdf.avif","contentUrl":"https:\/\/frenzyplus.com\/wp-content\/uploads\/2025\/11\/Frenzy_logo_black.pdf.avif","width":870,"height":254,"caption":"Frenzy+"},"image":{"@id":"https:\/\/frenzyplus.com\/#\/schema\/logo\/image\/"}}]}},"jetpack_sharing_enabled":true,"_links":{"self":[{"href":"https:\/\/frenzyplus.com\/pl_pl\/wp-json\/wp\/v2\/product\/5216","targetHints":{"allow":["GET"]}}],"collection":[{"href":"https:\/\/frenzyplus.com\/pl_pl\/wp-json\/wp\/v2\/product"}],"about":[{"href":"https:\/\/frenzyplus.com\/pl_pl\/wp-json\/wp\/v2\/types\/product"}],"replies":[{"embeddable":true,"href":"https:\/\/frenzyplus.com\/pl_pl\/wp-json\/wp\/v2\/comments?post=5216"}],"version-history":[{"count":1,"href":"https:\/\/frenzyplus.com\/pl_pl\/wp-json\/wp\/v2\/product\/5216\/revisions"}],"predecessor-version":[{"id":5239,"href":"https:\/\/frenzyplus.com\/pl_pl\/wp-json\/wp\/v2\/product\/5216\/revisions\/5239"}],"wp:featuredmedia":[{"embeddable":true,"href":"https:\/\/frenzyplus.com\/pl_pl\/wp-json\/wp\/v2\/media\/5223"}],"wp:attachment":[{"href":"https:\/\/frenzyplus.com\/pl_pl\/wp-json\/wp\/v2\/media?parent=5216"}],"wp:term":[{"taxonomy":"product_brand","embeddable":true,"href":"https:\/\/frenzyplus.com\/pl_pl\/wp-json\/wp\/v2\/product_brand?post=5216"},{"taxonomy":"product_cat","embeddable":true,"href":"https:\/\/frenzyplus.com\/pl_pl\/wp-json\/wp\/v2\/product_cat?post=5216"},{"taxonomy":"product_tag","embeddable":true,"href":"https:\/\/frenzyplus.com\/pl_pl\/wp-json\/wp\/v2\/product_tag?post=5216"}],"curies":[{"name":"wp","href":"https:\/\/api.w.org\/{rel}","templated":true}]}}