{"id":4597,"date":"2025-12-06T12:31:53","date_gmt":"2025-12-06T11:31:53","guid":{"rendered":"https:\/\/frenzyplus.com\/?post_type=product&#038;p=4597"},"modified":"2026-02-25T13:58:45","modified_gmt":"2026-02-25T12:58:45","slug":"sweter-w-romby-argyle-chocolate-pink","status":"publish","type":"product","link":"https:\/\/frenzyplus.com\/pl_pl\/produkt\/sweter-w-romby-argyle-chocolate-pink\/","title":{"rendered":"Sweter w romby ARGYLE CHOCOLATE PINK"},"content":{"rendered":"<p class=\"p1\"><span class=\"s1\">Stylowy model stworzony dla kobiet, kt\u00f3re lubi\u0105 \u0142\u0105czy\u0107 wygod\u0119 z modowym charakterem. Ten sweter przyci\u0105ga uwag\u0119 klasycznym wzorem argyle oraz \u015bwietnie dobran\u0105 kolorystyk\u0105 ciep\u0142ego br\u0105zu i pudrowego r\u00f3\u017cu. Idealny na co dzie\u0144, do pracy, na spotkania i weekendowe wyj\u015bcia.<\/span><\/p>\n<p class=\"p1\"><span class=\"s1\">Zastosowana mieszanka w\u0142\u00f3kien sprawia, \u017ce sweter jest mi\u0119kki, elastyczny i bardzo przyjemny w noszeniu. Koszulowy ko\u0142nierzyk dodaje mu elegancji i subtelnie podkr\u0119ca styl ca\u0142ej stylizacji. To model, kt\u00f3ry pi\u0119knie prezentuje si\u0119 z jeansami, szerokimi spodniami lub klasycznymi cygaretkami.<\/span><\/p>\n","protected":false},"excerpt":{"rendered":"<p>Dodatkowe informacje:<br \/>\n\u2022 d\u0142ugo\u015b\u0107 ca\u0142kowita 60 cm<br \/>\n\u2022 szeroko\u015b\u0107 klatki piersiowej 63 cm<br \/>\n\u2022 d\u0142ugo\u015b\u0107 r\u0119kawa 59 cm<br \/>\n\u2022 sk\u0142ad materia\u0142u 29% wiskoza, 29% akryl, 28% poliester, 14% poliamid<br \/>\n\u2022 kolor br\u0105zowy z pudrowym r\u00f3\u017cem tworzy efektowny kontrast<br \/>\n\u2022 modelka ma 176 cm wzrostu<\/p>\n","protected":false},"featured_media":4601,"comment_status":"closed","ping_status":"closed","template":"","meta":{"site-sidebar-layout":"default","site-content-layout":"","ast-site-content-layout":"default","site-content-style":"default","site-sidebar-style":"default","ast-global-header-display":"","ast-banner-title-visibility":"","ast-main-header-display":"","ast-hfb-above-header-display":"","ast-hfb-below-header-display":"","ast-hfb-mobile-header-display":"","site-post-title":"","ast-breadcrumbs-content":"","ast-featured-img":"","footer-sml-layout":"","ast-disable-related-posts":"","theme-transparent-header-meta":"default","adv-header-id-meta":"","stick-header-meta":"","header-above-stick-meta":"","header-main-stick-meta":"","header-below-stick-meta":"","astra-migrate-meta-layouts":"set","ast-page-background-enabled":"default","ast-page-background-meta":{"desktop":{"background-color":"var(--ast-global-color-5)","background-image":"","background-repeat":"repeat","background-position":"center center","background-size":"auto","background-attachment":"scroll","background-type":"","background-media":"","overlay-type":"","overlay-color":"","overlay-opacity":"","overlay-gradient":""},"tablet":{"background-color":"","background-image":"","background-repeat":"repeat","background-position":"center center","background-size":"auto","background-attachment":"scroll","background-type":"","background-media":"","overlay-type":"","overlay-color":"","overlay-opacity":"","overlay-gradient":""},"mobile":{"background-color":"","background-image":"","background-repeat":"repeat","background-position":"center center","background-size":"auto","background-attachment":"scroll","background-type":"","background-media":"","overlay-type":"","overlay-color":"","overlay-opacity":"","overlay-gradient":""}},"ast-content-background-meta":{"desktop":{"background-color":"var(--ast-global-color-4)","background-image":"","background-repeat":"repeat","background-position":"center center","background-size":"auto","background-attachment":"scroll","background-type":"","background-media":"","overlay-type":"","overlay-color":"","overlay-opacity":"","overlay-gradient":""},"tablet":{"background-color":"var(--ast-global-color-4)","background-image":"","background-repeat":"repeat","background-position":"center center","background-size":"auto","background-attachment":"scroll","background-type":"","background-media":"","overlay-type":"","overlay-color":"","overlay-opacity":"","overlay-gradient":""},"mobile":{"background-color":"var(--ast-global-color-4)","background-image":"","background-repeat":"repeat","background-position":"center center","background-size":"auto","background-attachment":"scroll","background-type":"","background-media":"","overlay-type":"","overlay-color":"","overlay-opacity":"","overlay-gradient":""}}},"product_brand":[],"product_cat":[310,16],"product_tag":[],"class_list":{"0":"post-4597","1":"product","2":"type-product","3":"status-publish","4":"has-post-thumbnail","6":"product_cat-gorna-czesc-garderoby","7":"product_cat-sklep","8":"desktop-align-left","9":"tablet-align-left","10":"mobile-align-left","12":"first","13":"instock","14":"taxable","15":"shipping-taxable","16":"purchasable","17":"product-type-variable"},"yoast_head":"<!-- This site is optimized with the Yoast SEO plugin v26.8 - https:\/\/yoast.com\/product\/yoast-seo-wordpress\/ -->\n<title>Sweter w romby ARGYLE CHOCOLATE PINK - Frenzy+<\/title>\n<meta name=\"robots\" content=\"index, follow, max-snippet:-1, max-image-preview:large, max-video-preview:-1\" \/>\n<link rel=\"canonical\" href=\"https:\/\/frenzyplus.com\/pl_pl\/produkt\/sweter-w-romby-argyle-chocolate-pink\/\" \/>\n<meta property=\"og:locale\" content=\"pl_PL\" \/>\n<meta property=\"og:type\" content=\"article\" \/>\n<meta property=\"og:title\" content=\"Sweter w romby ARGYLE CHOCOLATE PINK - Frenzy+\" \/>\n<meta property=\"og:description\" content=\"Dodatkowe informacje: \u2022 d\u0142ugo\u015b\u0107 ca\u0142kowita 60 cm \u2022 szeroko\u015b\u0107 klatki piersiowej 63 cm \u2022 d\u0142ugo\u015b\u0107 r\u0119kawa 59 cm \u2022 sk\u0142ad materia\u0142u 29% wiskoza, 29% akryl, 28% poliester, 14% poliamid \u2022 kolor br\u0105zowy z pudrowym r\u00f3\u017cem tworzy efektowny kontrast \u2022 modelka ma 176 cm wzrostu\" \/>\n<meta property=\"og:url\" content=\"https:\/\/frenzyplus.com\/pl_pl\/produkt\/sweter-w-romby-argyle-chocolate-pink\/\" \/>\n<meta property=\"og:site_name\" content=\"Frenzy+\" \/>\n<meta property=\"article:modified_time\" content=\"2026-02-25T12:58:45+00:00\" \/>\n<meta property=\"og:image\" content=\"https:\/\/frenzyplus.com\/wp-content\/uploads\/2025\/12\/96.avif\" \/>\n\t<meta property=\"og:image:width\" content=\"1080\" \/>\n\t<meta property=\"og:image:height\" content=\"1350\" \/>\n\t<meta property=\"og:image:type\" content=\"image\/jpeg\" \/>\n<meta name=\"twitter:card\" content=\"summary_large_image\" \/>\n<meta name=\"twitter:label1\" content=\"Szacowany czas czytania\" \/>\n\t<meta name=\"twitter:data1\" content=\"1 minuta\" \/>\n<script type=\"application\/ld+json\" class=\"yoast-schema-graph\">{\"@context\":\"https:\/\/schema.org\",\"@graph\":[{\"@type\":\"WebPage\",\"@id\":\"https:\/\/frenzyplus.com\/produkt\/sweter-w-romby-argyle-chocolate-pink\/\",\"url\":\"https:\/\/frenzyplus.com\/produkt\/sweter-w-romby-argyle-chocolate-pink\/\",\"name\":\"Sweter w romby ARGYLE CHOCOLATE PINK - Frenzy+\",\"isPartOf\":{\"@id\":\"https:\/\/frenzyplus.com\/#website\"},\"primaryImageOfPage\":{\"@id\":\"https:\/\/frenzyplus.com\/produkt\/sweter-w-romby-argyle-chocolate-pink\/#primaryimage\"},\"image\":{\"@id\":\"https:\/\/frenzyplus.com\/produkt\/sweter-w-romby-argyle-chocolate-pink\/#primaryimage\"},\"thumbnailUrl\":\"https:\/\/frenzyplus.com\/wp-content\/uploads\/2025\/12\/96.avif\",\"datePublished\":\"2025-12-06T11:31:53+00:00\",\"dateModified\":\"2026-02-25T12:58:45+00:00\",\"breadcrumb\":{\"@id\":\"https:\/\/frenzyplus.com\/produkt\/sweter-w-romby-argyle-chocolate-pink\/#breadcrumb\"},\"inLanguage\":\"pl-PL\",\"potentialAction\":[{\"@type\":\"ReadAction\",\"target\":[\"https:\/\/frenzyplus.com\/produkt\/sweter-w-romby-argyle-chocolate-pink\/\"]}]},{\"@type\":\"ImageObject\",\"inLanguage\":\"pl-PL\",\"@id\":\"https:\/\/frenzyplus.com\/produkt\/sweter-w-romby-argyle-chocolate-pink\/#primaryimage\",\"url\":\"https:\/\/frenzyplus.com\/wp-content\/uploads\/2025\/12\/96.avif\",\"contentUrl\":\"https:\/\/frenzyplus.com\/wp-content\/uploads\/2025\/12\/96.avif\",\"width\":1080,\"height\":1350},{\"@type\":\"BreadcrumbList\",\"@id\":\"https:\/\/frenzyplus.com\/produkt\/sweter-w-romby-argyle-chocolate-pink\/#breadcrumb\",\"itemListElement\":[{\"@type\":\"ListItem\",\"position\":1,\"name\":\"Strona g\u0142\u00f3wna\",\"item\":\"https:\/\/frenzyplus.com\/\"},{\"@type\":\"ListItem\",\"position\":2,\"name\":\"Sklep\",\"item\":\"https:\/\/frenzyplus.com\/sklep\/\"},{\"@type\":\"ListItem\",\"position\":3,\"name\":\"Sweter w romby ARGYLE CHOCOLATE PINK\"}]},{\"@type\":\"WebSite\",\"@id\":\"https:\/\/frenzyplus.com\/#website\",\"url\":\"https:\/\/frenzyplus.com\/\",\"name\":\"Frenzyplus\",\"description\":\"Goood size dresses\",\"publisher\":{\"@id\":\"https:\/\/frenzyplus.com\/#organization\"},\"potentialAction\":[{\"@type\":\"SearchAction\",\"target\":{\"@type\":\"EntryPoint\",\"urlTemplate\":\"https:\/\/frenzyplus.com\/?s={search_term_string}\"},\"query-input\":{\"@type\":\"PropertyValueSpecification\",\"valueRequired\":true,\"valueName\":\"search_term_string\"}}],\"inLanguage\":\"pl-PL\"},{\"@type\":\"Organization\",\"@id\":\"https:\/\/frenzyplus.com\/#organization\",\"name\":\"Frenzy+\",\"url\":\"https:\/\/frenzyplus.com\/\",\"logo\":{\"@type\":\"ImageObject\",\"inLanguage\":\"pl-PL\",\"@id\":\"https:\/\/frenzyplus.com\/#\/schema\/logo\/image\/\",\"url\":\"https:\/\/frenzyplus.com\/wp-content\/uploads\/2025\/11\/Frenzy_logo_black.pdf.avif\",\"contentUrl\":\"https:\/\/frenzyplus.com\/wp-content\/uploads\/2025\/11\/Frenzy_logo_black.pdf.avif\",\"width\":870,\"height\":254,\"caption\":\"Frenzy+\"},\"image\":{\"@id\":\"https:\/\/frenzyplus.com\/#\/schema\/logo\/image\/\"}}]}<\/script>\n<!-- \/ Yoast SEO plugin. -->","yoast_head_json":{"title":"Sweter w romby ARGYLE CHOCOLATE PINK - Frenzy+","robots":{"index":"index","follow":"follow","max-snippet":"max-snippet:-1","max-image-preview":"max-image-preview:large","max-video-preview":"max-video-preview:-1"},"canonical":"https:\/\/frenzyplus.com\/pl_pl\/produkt\/sweter-w-romby-argyle-chocolate-pink\/","og_locale":"pl_PL","og_type":"article","og_title":"Sweter w romby ARGYLE CHOCOLATE PINK - Frenzy+","og_description":"Dodatkowe informacje: \u2022 d\u0142ugo\u015b\u0107 ca\u0142kowita 60 cm \u2022 szeroko\u015b\u0107 klatki piersiowej 63 cm \u2022 d\u0142ugo\u015b\u0107 r\u0119kawa 59 cm \u2022 sk\u0142ad materia\u0142u 29% wiskoza, 29% akryl, 28% poliester, 14% poliamid \u2022 kolor br\u0105zowy z pudrowym r\u00f3\u017cem tworzy efektowny kontrast \u2022 modelka ma 176 cm wzrostu","og_url":"https:\/\/frenzyplus.com\/pl_pl\/produkt\/sweter-w-romby-argyle-chocolate-pink\/","og_site_name":"Frenzy+","article_modified_time":"2026-02-25T12:58:45+00:00","og_image":[{"width":1080,"height":1350,"url":"https:\/\/frenzyplus.com\/wp-content\/uploads\/2025\/12\/96.avif","type":"image\/jpeg"}],"twitter_card":"summary_large_image","twitter_misc":{"Szacowany czas czytania":"1 minuta"},"schema":{"@context":"https:\/\/schema.org","@graph":[{"@type":"WebPage","@id":"https:\/\/frenzyplus.com\/produkt\/sweter-w-romby-argyle-chocolate-pink\/","url":"https:\/\/frenzyplus.com\/produkt\/sweter-w-romby-argyle-chocolate-pink\/","name":"Sweter w romby ARGYLE CHOCOLATE PINK - Frenzy+","isPartOf":{"@id":"https:\/\/frenzyplus.com\/#website"},"primaryImageOfPage":{"@id":"https:\/\/frenzyplus.com\/produkt\/sweter-w-romby-argyle-chocolate-pink\/#primaryimage"},"image":{"@id":"https:\/\/frenzyplus.com\/produkt\/sweter-w-romby-argyle-chocolate-pink\/#primaryimage"},"thumbnailUrl":"https:\/\/frenzyplus.com\/wp-content\/uploads\/2025\/12\/96.avif","datePublished":"2025-12-06T11:31:53+00:00","dateModified":"2026-02-25T12:58:45+00:00","breadcrumb":{"@id":"https:\/\/frenzyplus.com\/produkt\/sweter-w-romby-argyle-chocolate-pink\/#breadcrumb"},"inLanguage":"pl-PL","potentialAction":[{"@type":"ReadAction","target":["https:\/\/frenzyplus.com\/produkt\/sweter-w-romby-argyle-chocolate-pink\/"]}]},{"@type":"ImageObject","inLanguage":"pl-PL","@id":"https:\/\/frenzyplus.com\/produkt\/sweter-w-romby-argyle-chocolate-pink\/#primaryimage","url":"https:\/\/frenzyplus.com\/wp-content\/uploads\/2025\/12\/96.avif","contentUrl":"https:\/\/frenzyplus.com\/wp-content\/uploads\/2025\/12\/96.avif","width":1080,"height":1350},{"@type":"BreadcrumbList","@id":"https:\/\/frenzyplus.com\/produkt\/sweter-w-romby-argyle-chocolate-pink\/#breadcrumb","itemListElement":[{"@type":"ListItem","position":1,"name":"Strona g\u0142\u00f3wna","item":"https:\/\/frenzyplus.com\/"},{"@type":"ListItem","position":2,"name":"Sklep","item":"https:\/\/frenzyplus.com\/sklep\/"},{"@type":"ListItem","position":3,"name":"Sweter w romby ARGYLE CHOCOLATE PINK"}]},{"@type":"WebSite","@id":"https:\/\/frenzyplus.com\/#website","url":"https:\/\/frenzyplus.com\/","name":"Frenzyplus","description":"Goood size dresses","publisher":{"@id":"https:\/\/frenzyplus.com\/#organization"},"potentialAction":[{"@type":"SearchAction","target":{"@type":"EntryPoint","urlTemplate":"https:\/\/frenzyplus.com\/?s={search_term_string}"},"query-input":{"@type":"PropertyValueSpecification","valueRequired":true,"valueName":"search_term_string"}}],"inLanguage":"pl-PL"},{"@type":"Organization","@id":"https:\/\/frenzyplus.com\/#organization","name":"Frenzy+","url":"https:\/\/frenzyplus.com\/","logo":{"@type":"ImageObject","inLanguage":"pl-PL","@id":"https:\/\/frenzyplus.com\/#\/schema\/logo\/image\/","url":"https:\/\/frenzyplus.com\/wp-content\/uploads\/2025\/11\/Frenzy_logo_black.pdf.avif","contentUrl":"https:\/\/frenzyplus.com\/wp-content\/uploads\/2025\/11\/Frenzy_logo_black.pdf.avif","width":870,"height":254,"caption":"Frenzy+"},"image":{"@id":"https:\/\/frenzyplus.com\/#\/schema\/logo\/image\/"}}]}},"jetpack_sharing_enabled":true,"_links":{"self":[{"href":"https:\/\/frenzyplus.com\/pl_pl\/wp-json\/wp\/v2\/product\/4597","targetHints":{"allow":["GET"]}}],"collection":[{"href":"https:\/\/frenzyplus.com\/pl_pl\/wp-json\/wp\/v2\/product"}],"about":[{"href":"https:\/\/frenzyplus.com\/pl_pl\/wp-json\/wp\/v2\/types\/product"}],"replies":[{"embeddable":true,"href":"https:\/\/frenzyplus.com\/pl_pl\/wp-json\/wp\/v2\/comments?post=4597"}],"version-history":[{"count":2,"href":"https:\/\/frenzyplus.com\/pl_pl\/wp-json\/wp\/v2\/product\/4597\/revisions"}],"predecessor-version":[{"id":4608,"href":"https:\/\/frenzyplus.com\/pl_pl\/wp-json\/wp\/v2\/product\/4597\/revisions\/4608"}],"wp:featuredmedia":[{"embeddable":true,"href":"https:\/\/frenzyplus.com\/pl_pl\/wp-json\/wp\/v2\/media\/4601"}],"wp:attachment":[{"href":"https:\/\/frenzyplus.com\/pl_pl\/wp-json\/wp\/v2\/media?parent=4597"}],"wp:term":[{"taxonomy":"product_brand","embeddable":true,"href":"https:\/\/frenzyplus.com\/pl_pl\/wp-json\/wp\/v2\/product_brand?post=4597"},{"taxonomy":"product_cat","embeddable":true,"href":"https:\/\/frenzyplus.com\/pl_pl\/wp-json\/wp\/v2\/product_cat?post=4597"},{"taxonomy":"product_tag","embeddable":true,"href":"https:\/\/frenzyplus.com\/pl_pl\/wp-json\/wp\/v2\/product_tag?post=4597"}],"curies":[{"name":"wp","href":"https:\/\/api.w.org\/{rel}","templated":true}]}}