{"id":3899,"date":"2025-11-15T12:06:57","date_gmt":"2025-11-15T11:06:57","guid":{"rendered":"https:\/\/frenzyplus.com\/?post_type=product&#038;p=3899"},"modified":"2026-02-21T03:59:27","modified_gmt":"2026-02-21T02:59:27","slug":"spodenki-cekinowe-aura-czekoladowe","status":"publish","type":"product","link":"https:\/\/frenzyplus.com\/pl_pl\/produkt\/spodenki-cekinowe-aura-czekoladowe\/","title":{"rendered":"Spodenki cekinowe AURA &#8211; czekoladowe"},"content":{"rendered":"<p class=\"p1\"><span class=\"s1\">Efektowne spodenki AURA w odcieniu chocolate to idealna propozycja na \u015bwi\u0105teczne wyj\u015bcia, sylwestrowe stylizacje i wszystkie wieczory, kiedy chcesz doda\u0107 lookowi blasku. G\u0119sto naszyte cekiny tworz\u0105 intensywny po\u0142ysk, a elastyczna talia sprawia, \u017ce model \u015bwietnie dopasowuje si\u0119 do sylwetki i zapewnia wygod\u0119 przez ca\u0142y wiecz\u00f3r.<\/span><\/p>\n<p class=\"p1\"><span class=\"s1\">Mi\u0119kka podszewka zwi\u0119ksza komfort i sprawia, \u017ce spodenki nie gryz\u0105 i nie drapi\u0105 sk\u00f3ry. To model, kt\u00f3ry robi wra\u017cenie zar\u00f3wno z kr\u00f3tkim topem, jak i swetrem oversize.<\/span><\/p>\n","protected":false},"excerpt":{"rendered":"<p><strong>Dodatkowe informacje:<\/strong><br \/>\n\u2022 szeroko\u015b\u0107 w pasie 70 cm, elastyczna talia rozci\u0105ga si\u0119 do 120 cm<br \/>\n\u2022 d\u0142ugo\u015b\u0107 ca\u0142kowita 31 cm<br \/>\n\u2022 szeroko\u015b\u0107 nogawki 35 cm<br \/>\n\u2022 podszewka mi\u0119kka i komfortowa<br \/>\n\u2022 kolor czekoladowy \/ br\u0105zowy z intensywnym po\u0142yskiem<br \/>\n\u2022 modelka ma 176 cm wzrostu<\/p>\n","protected":false},"featured_media":3902,"comment_status":"closed","ping_status":"closed","template":"","meta":{"site-sidebar-layout":"default","site-content-layout":"","ast-site-content-layout":"default","site-content-style":"default","site-sidebar-style":"default","ast-global-header-display":"","ast-banner-title-visibility":"","ast-main-header-display":"","ast-hfb-above-header-display":"","ast-hfb-below-header-display":"","ast-hfb-mobile-header-display":"","site-post-title":"","ast-breadcrumbs-content":"","ast-featured-img":"","footer-sml-layout":"","ast-disable-related-posts":"","theme-transparent-header-meta":"default","adv-header-id-meta":"","stick-header-meta":"","header-above-stick-meta":"","header-main-stick-meta":"","header-below-stick-meta":"","astra-migrate-meta-layouts":"set","ast-page-background-enabled":"default","ast-page-background-meta":{"desktop":{"background-color":"var(--ast-global-color-5)","background-image":"","background-repeat":"repeat","background-position":"center center","background-size":"auto","background-attachment":"scroll","background-type":"","background-media":"","overlay-type":"","overlay-color":"","overlay-opacity":"","overlay-gradient":""},"tablet":{"background-color":"","background-image":"","background-repeat":"repeat","background-position":"center center","background-size":"auto","background-attachment":"scroll","background-type":"","background-media":"","overlay-type":"","overlay-color":"","overlay-opacity":"","overlay-gradient":""},"mobile":{"background-color":"","background-image":"","background-repeat":"repeat","background-position":"center center","background-size":"auto","background-attachment":"scroll","background-type":"","background-media":"","overlay-type":"","overlay-color":"","overlay-opacity":"","overlay-gradient":""}},"ast-content-background-meta":{"desktop":{"background-color":"var(--ast-global-color-4)","background-image":"","background-repeat":"repeat","background-position":"center center","background-size":"auto","background-attachment":"scroll","background-type":"","background-media":"","overlay-type":"","overlay-color":"","overlay-opacity":"","overlay-gradient":""},"tablet":{"background-color":"var(--ast-global-color-4)","background-image":"","background-repeat":"repeat","background-position":"center center","background-size":"auto","background-attachment":"scroll","background-type":"","background-media":"","overlay-type":"","overlay-color":"","overlay-opacity":"","overlay-gradient":""},"mobile":{"background-color":"var(--ast-global-color-4)","background-image":"","background-repeat":"repeat","background-position":"center center","background-size":"auto","background-attachment":"scroll","background-type":"","background-media":"","overlay-type":"","overlay-color":"","overlay-opacity":"","overlay-gradient":""}}},"product_brand":[],"product_cat":[311,16],"product_tag":[],"class_list":{"0":"post-3899","1":"product","2":"type-product","3":"status-publish","4":"has-post-thumbnail","6":"product_cat-dolna-czesc-garderoby","7":"product_cat-sklep","8":"desktop-align-left","9":"tablet-align-left","10":"mobile-align-left","12":"first","13":"instock","14":"taxable","15":"shipping-taxable","16":"purchasable","17":"product-type-variable"},"yoast_head":"<!-- This site is optimized with the Yoast SEO plugin v26.8 - https:\/\/yoast.com\/product\/yoast-seo-wordpress\/ -->\n<title>Spodenki cekinowe AURA - czekoladowe - Frenzy+<\/title>\n<meta name=\"robots\" content=\"index, follow, max-snippet:-1, max-image-preview:large, max-video-preview:-1\" \/>\n<link rel=\"canonical\" href=\"https:\/\/frenzyplus.com\/pl_pl\/produkt\/spodenki-cekinowe-aura-czekoladowe\/\" \/>\n<meta property=\"og:locale\" content=\"pl_PL\" \/>\n<meta property=\"og:type\" content=\"article\" \/>\n<meta property=\"og:title\" content=\"Spodenki cekinowe AURA - czekoladowe - Frenzy+\" \/>\n<meta property=\"og:description\" content=\"Dodatkowe informacje: \u2022 szeroko\u015b\u0107 w pasie 70 cm, elastyczna talia rozci\u0105ga si\u0119 do 120 cm \u2022 d\u0142ugo\u015b\u0107 ca\u0142kowita 31 cm \u2022 szeroko\u015b\u0107 nogawki 35 cm \u2022 podszewka mi\u0119kka i komfortowa \u2022 kolor czekoladowy \/ br\u0105zowy z intensywnym po\u0142yskiem \u2022 modelka ma 176 cm wzrostu\" \/>\n<meta property=\"og:url\" content=\"https:\/\/frenzyplus.com\/pl_pl\/produkt\/spodenki-cekinowe-aura-czekoladowe\/\" \/>\n<meta property=\"og:site_name\" content=\"Frenzy+\" \/>\n<meta property=\"article:modified_time\" content=\"2026-02-21T02:59:27+00:00\" \/>\n<meta property=\"og:image\" content=\"https:\/\/frenzyplus.com\/wp-content\/uploads\/2025\/11\/72.avif\" \/>\n\t<meta property=\"og:image:width\" content=\"1080\" \/>\n\t<meta property=\"og:image:height\" content=\"1350\" \/>\n\t<meta property=\"og:image:type\" content=\"image\/jpeg\" \/>\n<meta name=\"twitter:card\" content=\"summary_large_image\" \/>\n<meta name=\"twitter:label1\" content=\"Szacowany czas czytania\" \/>\n\t<meta name=\"twitter:data1\" content=\"1 minuta\" \/>\n<script type=\"application\/ld+json\" class=\"yoast-schema-graph\">{\"@context\":\"https:\/\/schema.org\",\"@graph\":[{\"@type\":\"WebPage\",\"@id\":\"https:\/\/frenzyplus.com\/produkt\/spodenki-cekinowe-aura-czekoladowe\/\",\"url\":\"https:\/\/frenzyplus.com\/produkt\/spodenki-cekinowe-aura-czekoladowe\/\",\"name\":\"Spodenki cekinowe AURA - czekoladowe - Frenzy+\",\"isPartOf\":{\"@id\":\"https:\/\/frenzyplus.com\/#website\"},\"primaryImageOfPage\":{\"@id\":\"https:\/\/frenzyplus.com\/produkt\/spodenki-cekinowe-aura-czekoladowe\/#primaryimage\"},\"image\":{\"@id\":\"https:\/\/frenzyplus.com\/produkt\/spodenki-cekinowe-aura-czekoladowe\/#primaryimage\"},\"thumbnailUrl\":\"https:\/\/frenzyplus.com\/wp-content\/uploads\/2025\/11\/72.avif\",\"datePublished\":\"2025-11-15T11:06:57+00:00\",\"dateModified\":\"2026-02-21T02:59:27+00:00\",\"breadcrumb\":{\"@id\":\"https:\/\/frenzyplus.com\/produkt\/spodenki-cekinowe-aura-czekoladowe\/#breadcrumb\"},\"inLanguage\":\"pl-PL\",\"potentialAction\":[{\"@type\":\"ReadAction\",\"target\":[\"https:\/\/frenzyplus.com\/produkt\/spodenki-cekinowe-aura-czekoladowe\/\"]}]},{\"@type\":\"ImageObject\",\"inLanguage\":\"pl-PL\",\"@id\":\"https:\/\/frenzyplus.com\/produkt\/spodenki-cekinowe-aura-czekoladowe\/#primaryimage\",\"url\":\"https:\/\/frenzyplus.com\/wp-content\/uploads\/2025\/11\/72.avif\",\"contentUrl\":\"https:\/\/frenzyplus.com\/wp-content\/uploads\/2025\/11\/72.avif\",\"width\":1080,\"height\":1350},{\"@type\":\"BreadcrumbList\",\"@id\":\"https:\/\/frenzyplus.com\/produkt\/spodenki-cekinowe-aura-czekoladowe\/#breadcrumb\",\"itemListElement\":[{\"@type\":\"ListItem\",\"position\":1,\"name\":\"Strona g\u0142\u00f3wna\",\"item\":\"https:\/\/frenzyplus.com\/\"},{\"@type\":\"ListItem\",\"position\":2,\"name\":\"Sklep\",\"item\":\"https:\/\/frenzyplus.com\/sklep\/\"},{\"@type\":\"ListItem\",\"position\":3,\"name\":\"Spodenki cekinowe AURA &#8211; czekoladowe\"}]},{\"@type\":\"WebSite\",\"@id\":\"https:\/\/frenzyplus.com\/#website\",\"url\":\"https:\/\/frenzyplus.com\/\",\"name\":\"Frenzyplus\",\"description\":\"Goood size dresses\",\"publisher\":{\"@id\":\"https:\/\/frenzyplus.com\/#organization\"},\"potentialAction\":[{\"@type\":\"SearchAction\",\"target\":{\"@type\":\"EntryPoint\",\"urlTemplate\":\"https:\/\/frenzyplus.com\/?s={search_term_string}\"},\"query-input\":{\"@type\":\"PropertyValueSpecification\",\"valueRequired\":true,\"valueName\":\"search_term_string\"}}],\"inLanguage\":\"pl-PL\"},{\"@type\":\"Organization\",\"@id\":\"https:\/\/frenzyplus.com\/#organization\",\"name\":\"Frenzy+\",\"url\":\"https:\/\/frenzyplus.com\/\",\"logo\":{\"@type\":\"ImageObject\",\"inLanguage\":\"pl-PL\",\"@id\":\"https:\/\/frenzyplus.com\/#\/schema\/logo\/image\/\",\"url\":\"https:\/\/frenzyplus.com\/wp-content\/uploads\/2025\/11\/Frenzy_logo_black.pdf.avif\",\"contentUrl\":\"https:\/\/frenzyplus.com\/wp-content\/uploads\/2025\/11\/Frenzy_logo_black.pdf.avif\",\"width\":870,\"height\":254,\"caption\":\"Frenzy+\"},\"image\":{\"@id\":\"https:\/\/frenzyplus.com\/#\/schema\/logo\/image\/\"}}]}<\/script>\n<!-- \/ Yoast SEO plugin. -->","yoast_head_json":{"title":"Spodenki cekinowe AURA - czekoladowe - Frenzy+","robots":{"index":"index","follow":"follow","max-snippet":"max-snippet:-1","max-image-preview":"max-image-preview:large","max-video-preview":"max-video-preview:-1"},"canonical":"https:\/\/frenzyplus.com\/pl_pl\/produkt\/spodenki-cekinowe-aura-czekoladowe\/","og_locale":"pl_PL","og_type":"article","og_title":"Spodenki cekinowe AURA - czekoladowe - Frenzy+","og_description":"Dodatkowe informacje: \u2022 szeroko\u015b\u0107 w pasie 70 cm, elastyczna talia rozci\u0105ga si\u0119 do 120 cm \u2022 d\u0142ugo\u015b\u0107 ca\u0142kowita 31 cm \u2022 szeroko\u015b\u0107 nogawki 35 cm \u2022 podszewka mi\u0119kka i komfortowa \u2022 kolor czekoladowy \/ br\u0105zowy z intensywnym po\u0142yskiem \u2022 modelka ma 176 cm wzrostu","og_url":"https:\/\/frenzyplus.com\/pl_pl\/produkt\/spodenki-cekinowe-aura-czekoladowe\/","og_site_name":"Frenzy+","article_modified_time":"2026-02-21T02:59:27+00:00","og_image":[{"width":1080,"height":1350,"url":"https:\/\/frenzyplus.com\/wp-content\/uploads\/2025\/11\/72.avif","type":"image\/jpeg"}],"twitter_card":"summary_large_image","twitter_misc":{"Szacowany czas czytania":"1 minuta"},"schema":{"@context":"https:\/\/schema.org","@graph":[{"@type":"WebPage","@id":"https:\/\/frenzyplus.com\/produkt\/spodenki-cekinowe-aura-czekoladowe\/","url":"https:\/\/frenzyplus.com\/produkt\/spodenki-cekinowe-aura-czekoladowe\/","name":"Spodenki cekinowe AURA - czekoladowe - Frenzy+","isPartOf":{"@id":"https:\/\/frenzyplus.com\/#website"},"primaryImageOfPage":{"@id":"https:\/\/frenzyplus.com\/produkt\/spodenki-cekinowe-aura-czekoladowe\/#primaryimage"},"image":{"@id":"https:\/\/frenzyplus.com\/produkt\/spodenki-cekinowe-aura-czekoladowe\/#primaryimage"},"thumbnailUrl":"https:\/\/frenzyplus.com\/wp-content\/uploads\/2025\/11\/72.avif","datePublished":"2025-11-15T11:06:57+00:00","dateModified":"2026-02-21T02:59:27+00:00","breadcrumb":{"@id":"https:\/\/frenzyplus.com\/produkt\/spodenki-cekinowe-aura-czekoladowe\/#breadcrumb"},"inLanguage":"pl-PL","potentialAction":[{"@type":"ReadAction","target":["https:\/\/frenzyplus.com\/produkt\/spodenki-cekinowe-aura-czekoladowe\/"]}]},{"@type":"ImageObject","inLanguage":"pl-PL","@id":"https:\/\/frenzyplus.com\/produkt\/spodenki-cekinowe-aura-czekoladowe\/#primaryimage","url":"https:\/\/frenzyplus.com\/wp-content\/uploads\/2025\/11\/72.avif","contentUrl":"https:\/\/frenzyplus.com\/wp-content\/uploads\/2025\/11\/72.avif","width":1080,"height":1350},{"@type":"BreadcrumbList","@id":"https:\/\/frenzyplus.com\/produkt\/spodenki-cekinowe-aura-czekoladowe\/#breadcrumb","itemListElement":[{"@type":"ListItem","position":1,"name":"Strona g\u0142\u00f3wna","item":"https:\/\/frenzyplus.com\/"},{"@type":"ListItem","position":2,"name":"Sklep","item":"https:\/\/frenzyplus.com\/sklep\/"},{"@type":"ListItem","position":3,"name":"Spodenki cekinowe AURA &#8211; czekoladowe"}]},{"@type":"WebSite","@id":"https:\/\/frenzyplus.com\/#website","url":"https:\/\/frenzyplus.com\/","name":"Frenzyplus","description":"Goood size dresses","publisher":{"@id":"https:\/\/frenzyplus.com\/#organization"},"potentialAction":[{"@type":"SearchAction","target":{"@type":"EntryPoint","urlTemplate":"https:\/\/frenzyplus.com\/?s={search_term_string}"},"query-input":{"@type":"PropertyValueSpecification","valueRequired":true,"valueName":"search_term_string"}}],"inLanguage":"pl-PL"},{"@type":"Organization","@id":"https:\/\/frenzyplus.com\/#organization","name":"Frenzy+","url":"https:\/\/frenzyplus.com\/","logo":{"@type":"ImageObject","inLanguage":"pl-PL","@id":"https:\/\/frenzyplus.com\/#\/schema\/logo\/image\/","url":"https:\/\/frenzyplus.com\/wp-content\/uploads\/2025\/11\/Frenzy_logo_black.pdf.avif","contentUrl":"https:\/\/frenzyplus.com\/wp-content\/uploads\/2025\/11\/Frenzy_logo_black.pdf.avif","width":870,"height":254,"caption":"Frenzy+"},"image":{"@id":"https:\/\/frenzyplus.com\/#\/schema\/logo\/image\/"}}]}},"jetpack_sharing_enabled":true,"_links":{"self":[{"href":"https:\/\/frenzyplus.com\/pl_pl\/wp-json\/wp\/v2\/product\/3899","targetHints":{"allow":["GET"]}}],"collection":[{"href":"https:\/\/frenzyplus.com\/pl_pl\/wp-json\/wp\/v2\/product"}],"about":[{"href":"https:\/\/frenzyplus.com\/pl_pl\/wp-json\/wp\/v2\/types\/product"}],"replies":[{"embeddable":true,"href":"https:\/\/frenzyplus.com\/pl_pl\/wp-json\/wp\/v2\/comments?post=3899"}],"version-history":[{"count":1,"href":"https:\/\/frenzyplus.com\/pl_pl\/wp-json\/wp\/v2\/product\/3899\/revisions"}],"predecessor-version":[{"id":4672,"href":"https:\/\/frenzyplus.com\/pl_pl\/wp-json\/wp\/v2\/product\/3899\/revisions\/4672"}],"wp:featuredmedia":[{"embeddable":true,"href":"https:\/\/frenzyplus.com\/pl_pl\/wp-json\/wp\/v2\/media\/3902"}],"wp:attachment":[{"href":"https:\/\/frenzyplus.com\/pl_pl\/wp-json\/wp\/v2\/media?parent=3899"}],"wp:term":[{"taxonomy":"product_brand","embeddable":true,"href":"https:\/\/frenzyplus.com\/pl_pl\/wp-json\/wp\/v2\/product_brand?post=3899"},{"taxonomy":"product_cat","embeddable":true,"href":"https:\/\/frenzyplus.com\/pl_pl\/wp-json\/wp\/v2\/product_cat?post=3899"},{"taxonomy":"product_tag","embeddable":true,"href":"https:\/\/frenzyplus.com\/pl_pl\/wp-json\/wp\/v2\/product_tag?post=3899"}],"curies":[{"name":"wp","href":"https:\/\/api.w.org\/{rel}","templated":true}]}}