{"id":3761,"date":"2025-11-09T16:07:05","date_gmt":"2025-11-09T15:07:05","guid":{"rendered":"https:\/\/frenzyplus.com\/?post_type=product&#038;p=3761"},"modified":"2026-03-01T04:14:13","modified_gmt":"2026-03-01T03:14:13","slug":"sweter-luna-bezowo-czekoladowy-w-paski","status":"publish","type":"product","link":"https:\/\/frenzyplus.com\/pl_pl\/produkt\/sweter-luna-bezowo-czekoladowy-w-paski\/","title":{"rendered":"Sweter LUNA &#8211; be\u017cowo-czekoladowy w paski"},"content":{"rendered":"<p class=\"p1\"><span class=\"s1\">Mi\u0119kki, przytulny i niezwykle stylowy \u2013 sweter LUNA w be\u017cowo-czekoladowe pasy to idealny wyb\u00f3r na ch\u0142odniejsze dni. Lu\u017any fason z delikatnie obni\u017con\u0105 lini\u0105 ramion i okr\u0105g\u0142ym dekoltem tworzy efekt swobodnej, nieprzesadzonej elegancji. Puszysta faktura pi\u0119knie uk\u0142ada si\u0119 na sylwetce i dodaje lekko\u015bci ka\u017cdej stylizacji.<\/span><\/p>\n<p class=\"p1\"><span class=\"s1\">Dzi\u0119ki swojej uniwersalnej kolorystyce pasuje zar\u00f3wno do jasnych jeans\u00f3w, jak i ciemnych spodni czy sp\u00f3dnic z ekosk\u00f3ry. To model, kt\u00f3ry bez trudu \u0142\u0105czy wygod\u0119 z modnym wygl\u0105dem.<\/span><\/p>\n","protected":false},"excerpt":{"rendered":"<p><strong>Dodatkowe informacje:<\/strong><br \/>\n\u2022 Sk\u0142ad: 55% poliester, 30% poliamid, 13% we\u0142na, 2% elastan<br \/>\n\u2022 Kolor: be\u017cowo-czekoladowy w paski<br \/>\n\u2022 D\u0142ugo\u015b\u0107 ca\u0142kowita: 57 cm<br \/>\n\u2022 D\u0142ugo\u015b\u0107 r\u0119kawa: 78 cm<br \/>\n\u2022 Szeroko\u015b\u0107 w biu\u015bcie: 67 cm<br \/>\n\u2022 Szeroko\u015b\u0107 do\u0142u: 42 cm<\/p>\n<p>Modelka ma 176 cm wzrostu.<\/p>\n","protected":false},"featured_media":3762,"comment_status":"closed","ping_status":"closed","template":"","meta":{"site-sidebar-layout":"default","site-content-layout":"","ast-site-content-layout":"default","site-content-style":"default","site-sidebar-style":"default","ast-global-header-display":"","ast-banner-title-visibility":"","ast-main-header-display":"","ast-hfb-above-header-display":"","ast-hfb-below-header-display":"","ast-hfb-mobile-header-display":"","site-post-title":"","ast-breadcrumbs-content":"","ast-featured-img":"","footer-sml-layout":"","ast-disable-related-posts":"","theme-transparent-header-meta":"default","adv-header-id-meta":"","stick-header-meta":"","header-above-stick-meta":"","header-main-stick-meta":"","header-below-stick-meta":"","astra-migrate-meta-layouts":"set","ast-page-background-enabled":"default","ast-page-background-meta":{"desktop":{"background-color":"var(--ast-global-color-5)","background-image":"","background-repeat":"repeat","background-position":"center center","background-size":"auto","background-attachment":"scroll","background-type":"","background-media":"","overlay-type":"","overlay-color":"","overlay-opacity":"","overlay-gradient":""},"tablet":{"background-color":"","background-image":"","background-repeat":"repeat","background-position":"center center","background-size":"auto","background-attachment":"scroll","background-type":"","background-media":"","overlay-type":"","overlay-color":"","overlay-opacity":"","overlay-gradient":""},"mobile":{"background-color":"","background-image":"","background-repeat":"repeat","background-position":"center center","background-size":"auto","background-attachment":"scroll","background-type":"","background-media":"","overlay-type":"","overlay-color":"","overlay-opacity":"","overlay-gradient":""}},"ast-content-background-meta":{"desktop":{"background-color":"var(--ast-global-color-4)","background-image":"","background-repeat":"repeat","background-position":"center center","background-size":"auto","background-attachment":"scroll","background-type":"","background-media":"","overlay-type":"","overlay-color":"","overlay-opacity":"","overlay-gradient":""},"tablet":{"background-color":"var(--ast-global-color-4)","background-image":"","background-repeat":"repeat","background-position":"center center","background-size":"auto","background-attachment":"scroll","background-type":"","background-media":"","overlay-type":"","overlay-color":"","overlay-opacity":"","overlay-gradient":""},"mobile":{"background-color":"var(--ast-global-color-4)","background-image":"","background-repeat":"repeat","background-position":"center center","background-size":"auto","background-attachment":"scroll","background-type":"","background-media":"","overlay-type":"","overlay-color":"","overlay-opacity":"","overlay-gradient":""}}},"product_brand":[],"product_cat":[310,16],"product_tag":[],"class_list":{"0":"post-3761","1":"product","2":"type-product","3":"status-publish","4":"has-post-thumbnail","6":"product_cat-gorna-czesc-garderoby","7":"product_cat-sklep","8":"desktop-align-left","9":"tablet-align-left","10":"mobile-align-left","12":"first","13":"instock","14":"taxable","15":"shipping-taxable","16":"purchasable","17":"product-type-variable"},"yoast_head":"<!-- This site is optimized with the Yoast SEO plugin v26.8 - https:\/\/yoast.com\/product\/yoast-seo-wordpress\/ -->\n<title>Sweter LUNA - be\u017cowo-czekoladowy w paski - Frenzy+<\/title>\n<meta name=\"robots\" content=\"index, follow, max-snippet:-1, max-image-preview:large, max-video-preview:-1\" \/>\n<link rel=\"canonical\" href=\"https:\/\/frenzyplus.com\/pl_pl\/produkt\/sweter-luna-bezowo-czekoladowy-w-paski\/\" \/>\n<meta property=\"og:locale\" content=\"pl_PL\" \/>\n<meta property=\"og:type\" content=\"article\" \/>\n<meta property=\"og:title\" content=\"Sweter LUNA - be\u017cowo-czekoladowy w paski - Frenzy+\" \/>\n<meta property=\"og:description\" content=\"Dodatkowe informacje: \u2022 Sk\u0142ad: 55% poliester, 30% poliamid, 13% we\u0142na, 2% elastan \u2022 Kolor: be\u017cowo-czekoladowy w paski \u2022 D\u0142ugo\u015b\u0107 ca\u0142kowita: 57 cm \u2022 D\u0142ugo\u015b\u0107 r\u0119kawa: 78 cm \u2022 Szeroko\u015b\u0107 w biu\u015bcie: 67 cm \u2022 Szeroko\u015b\u0107 do\u0142u: 42 cm  Modelka ma 176 cm wzrostu.\" \/>\n<meta property=\"og:url\" content=\"https:\/\/frenzyplus.com\/pl_pl\/produkt\/sweter-luna-bezowo-czekoladowy-w-paski\/\" \/>\n<meta property=\"og:site_name\" content=\"Frenzy+\" \/>\n<meta property=\"article:modified_time\" content=\"2026-03-01T03:14:13+00:00\" \/>\n<meta property=\"og:image\" content=\"https:\/\/frenzyplus.com\/wp-content\/uploads\/2025\/11\/62.avif\" \/>\n\t<meta property=\"og:image:width\" content=\"1080\" \/>\n\t<meta property=\"og:image:height\" content=\"1350\" \/>\n\t<meta property=\"og:image:type\" content=\"image\/jpeg\" \/>\n<meta name=\"twitter:card\" content=\"summary_large_image\" \/>\n<meta name=\"twitter:label1\" content=\"Szacowany czas czytania\" \/>\n\t<meta name=\"twitter:data1\" content=\"1 minuta\" \/>\n<script type=\"application\/ld+json\" class=\"yoast-schema-graph\">{\"@context\":\"https:\/\/schema.org\",\"@graph\":[{\"@type\":\"WebPage\",\"@id\":\"https:\/\/frenzyplus.com\/produkt\/sweter-luna-bezowo-czekoladowy-w-paski\/\",\"url\":\"https:\/\/frenzyplus.com\/produkt\/sweter-luna-bezowo-czekoladowy-w-paski\/\",\"name\":\"Sweter LUNA - be\u017cowo-czekoladowy w paski - Frenzy+\",\"isPartOf\":{\"@id\":\"https:\/\/frenzyplus.com\/#website\"},\"primaryImageOfPage\":{\"@id\":\"https:\/\/frenzyplus.com\/produkt\/sweter-luna-bezowo-czekoladowy-w-paski\/#primaryimage\"},\"image\":{\"@id\":\"https:\/\/frenzyplus.com\/produkt\/sweter-luna-bezowo-czekoladowy-w-paski\/#primaryimage\"},\"thumbnailUrl\":\"https:\/\/frenzyplus.com\/wp-content\/uploads\/2025\/11\/62.avif\",\"datePublished\":\"2025-11-09T15:07:05+00:00\",\"dateModified\":\"2026-03-01T03:14:13+00:00\",\"breadcrumb\":{\"@id\":\"https:\/\/frenzyplus.com\/produkt\/sweter-luna-bezowo-czekoladowy-w-paski\/#breadcrumb\"},\"inLanguage\":\"pl-PL\",\"potentialAction\":[{\"@type\":\"ReadAction\",\"target\":[\"https:\/\/frenzyplus.com\/produkt\/sweter-luna-bezowo-czekoladowy-w-paski\/\"]}]},{\"@type\":\"ImageObject\",\"inLanguage\":\"pl-PL\",\"@id\":\"https:\/\/frenzyplus.com\/produkt\/sweter-luna-bezowo-czekoladowy-w-paski\/#primaryimage\",\"url\":\"https:\/\/frenzyplus.com\/wp-content\/uploads\/2025\/11\/62.avif\",\"contentUrl\":\"https:\/\/frenzyplus.com\/wp-content\/uploads\/2025\/11\/62.avif\",\"width\":1080,\"height\":1350},{\"@type\":\"BreadcrumbList\",\"@id\":\"https:\/\/frenzyplus.com\/produkt\/sweter-luna-bezowo-czekoladowy-w-paski\/#breadcrumb\",\"itemListElement\":[{\"@type\":\"ListItem\",\"position\":1,\"name\":\"Strona g\u0142\u00f3wna\",\"item\":\"https:\/\/frenzyplus.com\/\"},{\"@type\":\"ListItem\",\"position\":2,\"name\":\"Sklep\",\"item\":\"https:\/\/frenzyplus.com\/sklep\/\"},{\"@type\":\"ListItem\",\"position\":3,\"name\":\"Sweter LUNA &#8211; be\u017cowo-czekoladowy w paski\"}]},{\"@type\":\"WebSite\",\"@id\":\"https:\/\/frenzyplus.com\/#website\",\"url\":\"https:\/\/frenzyplus.com\/\",\"name\":\"Frenzyplus\",\"description\":\"Goood size dresses\",\"publisher\":{\"@id\":\"https:\/\/frenzyplus.com\/#organization\"},\"potentialAction\":[{\"@type\":\"SearchAction\",\"target\":{\"@type\":\"EntryPoint\",\"urlTemplate\":\"https:\/\/frenzyplus.com\/?s={search_term_string}\"},\"query-input\":{\"@type\":\"PropertyValueSpecification\",\"valueRequired\":true,\"valueName\":\"search_term_string\"}}],\"inLanguage\":\"pl-PL\"},{\"@type\":\"Organization\",\"@id\":\"https:\/\/frenzyplus.com\/#organization\",\"name\":\"Frenzy+\",\"url\":\"https:\/\/frenzyplus.com\/\",\"logo\":{\"@type\":\"ImageObject\",\"inLanguage\":\"pl-PL\",\"@id\":\"https:\/\/frenzyplus.com\/#\/schema\/logo\/image\/\",\"url\":\"https:\/\/frenzyplus.com\/wp-content\/uploads\/2025\/11\/Frenzy_logo_black.pdf.avif\",\"contentUrl\":\"https:\/\/frenzyplus.com\/wp-content\/uploads\/2025\/11\/Frenzy_logo_black.pdf.avif\",\"width\":870,\"height\":254,\"caption\":\"Frenzy+\"},\"image\":{\"@id\":\"https:\/\/frenzyplus.com\/#\/schema\/logo\/image\/\"}}]}<\/script>\n<!-- \/ Yoast SEO plugin. -->","yoast_head_json":{"title":"Sweter LUNA - be\u017cowo-czekoladowy w paski - Frenzy+","robots":{"index":"index","follow":"follow","max-snippet":"max-snippet:-1","max-image-preview":"max-image-preview:large","max-video-preview":"max-video-preview:-1"},"canonical":"https:\/\/frenzyplus.com\/pl_pl\/produkt\/sweter-luna-bezowo-czekoladowy-w-paski\/","og_locale":"pl_PL","og_type":"article","og_title":"Sweter LUNA - be\u017cowo-czekoladowy w paski - Frenzy+","og_description":"Dodatkowe informacje: \u2022 Sk\u0142ad: 55% poliester, 30% poliamid, 13% we\u0142na, 2% elastan \u2022 Kolor: be\u017cowo-czekoladowy w paski \u2022 D\u0142ugo\u015b\u0107 ca\u0142kowita: 57 cm \u2022 D\u0142ugo\u015b\u0107 r\u0119kawa: 78 cm \u2022 Szeroko\u015b\u0107 w biu\u015bcie: 67 cm \u2022 Szeroko\u015b\u0107 do\u0142u: 42 cm  Modelka ma 176 cm wzrostu.","og_url":"https:\/\/frenzyplus.com\/pl_pl\/produkt\/sweter-luna-bezowo-czekoladowy-w-paski\/","og_site_name":"Frenzy+","article_modified_time":"2026-03-01T03:14:13+00:00","og_image":[{"width":1080,"height":1350,"url":"https:\/\/frenzyplus.com\/wp-content\/uploads\/2025\/11\/62.avif","type":"image\/jpeg"}],"twitter_card":"summary_large_image","twitter_misc":{"Szacowany czas czytania":"1 minuta"},"schema":{"@context":"https:\/\/schema.org","@graph":[{"@type":"WebPage","@id":"https:\/\/frenzyplus.com\/produkt\/sweter-luna-bezowo-czekoladowy-w-paski\/","url":"https:\/\/frenzyplus.com\/produkt\/sweter-luna-bezowo-czekoladowy-w-paski\/","name":"Sweter LUNA - be\u017cowo-czekoladowy w paski - Frenzy+","isPartOf":{"@id":"https:\/\/frenzyplus.com\/#website"},"primaryImageOfPage":{"@id":"https:\/\/frenzyplus.com\/produkt\/sweter-luna-bezowo-czekoladowy-w-paski\/#primaryimage"},"image":{"@id":"https:\/\/frenzyplus.com\/produkt\/sweter-luna-bezowo-czekoladowy-w-paski\/#primaryimage"},"thumbnailUrl":"https:\/\/frenzyplus.com\/wp-content\/uploads\/2025\/11\/62.avif","datePublished":"2025-11-09T15:07:05+00:00","dateModified":"2026-03-01T03:14:13+00:00","breadcrumb":{"@id":"https:\/\/frenzyplus.com\/produkt\/sweter-luna-bezowo-czekoladowy-w-paski\/#breadcrumb"},"inLanguage":"pl-PL","potentialAction":[{"@type":"ReadAction","target":["https:\/\/frenzyplus.com\/produkt\/sweter-luna-bezowo-czekoladowy-w-paski\/"]}]},{"@type":"ImageObject","inLanguage":"pl-PL","@id":"https:\/\/frenzyplus.com\/produkt\/sweter-luna-bezowo-czekoladowy-w-paski\/#primaryimage","url":"https:\/\/frenzyplus.com\/wp-content\/uploads\/2025\/11\/62.avif","contentUrl":"https:\/\/frenzyplus.com\/wp-content\/uploads\/2025\/11\/62.avif","width":1080,"height":1350},{"@type":"BreadcrumbList","@id":"https:\/\/frenzyplus.com\/produkt\/sweter-luna-bezowo-czekoladowy-w-paski\/#breadcrumb","itemListElement":[{"@type":"ListItem","position":1,"name":"Strona g\u0142\u00f3wna","item":"https:\/\/frenzyplus.com\/"},{"@type":"ListItem","position":2,"name":"Sklep","item":"https:\/\/frenzyplus.com\/sklep\/"},{"@type":"ListItem","position":3,"name":"Sweter LUNA &#8211; be\u017cowo-czekoladowy w paski"}]},{"@type":"WebSite","@id":"https:\/\/frenzyplus.com\/#website","url":"https:\/\/frenzyplus.com\/","name":"Frenzyplus","description":"Goood size dresses","publisher":{"@id":"https:\/\/frenzyplus.com\/#organization"},"potentialAction":[{"@type":"SearchAction","target":{"@type":"EntryPoint","urlTemplate":"https:\/\/frenzyplus.com\/?s={search_term_string}"},"query-input":{"@type":"PropertyValueSpecification","valueRequired":true,"valueName":"search_term_string"}}],"inLanguage":"pl-PL"},{"@type":"Organization","@id":"https:\/\/frenzyplus.com\/#organization","name":"Frenzy+","url":"https:\/\/frenzyplus.com\/","logo":{"@type":"ImageObject","inLanguage":"pl-PL","@id":"https:\/\/frenzyplus.com\/#\/schema\/logo\/image\/","url":"https:\/\/frenzyplus.com\/wp-content\/uploads\/2025\/11\/Frenzy_logo_black.pdf.avif","contentUrl":"https:\/\/frenzyplus.com\/wp-content\/uploads\/2025\/11\/Frenzy_logo_black.pdf.avif","width":870,"height":254,"caption":"Frenzy+"},"image":{"@id":"https:\/\/frenzyplus.com\/#\/schema\/logo\/image\/"}}]}},"jetpack_sharing_enabled":true,"_links":{"self":[{"href":"https:\/\/frenzyplus.com\/pl_pl\/wp-json\/wp\/v2\/product\/3761","targetHints":{"allow":["GET"]}}],"collection":[{"href":"https:\/\/frenzyplus.com\/pl_pl\/wp-json\/wp\/v2\/product"}],"about":[{"href":"https:\/\/frenzyplus.com\/pl_pl\/wp-json\/wp\/v2\/types\/product"}],"replies":[{"embeddable":true,"href":"https:\/\/frenzyplus.com\/pl_pl\/wp-json\/wp\/v2\/comments?post=3761"}],"version-history":[{"count":1,"href":"https:\/\/frenzyplus.com\/pl_pl\/wp-json\/wp\/v2\/product\/3761\/revisions"}],"predecessor-version":[{"id":4890,"href":"https:\/\/frenzyplus.com\/pl_pl\/wp-json\/wp\/v2\/product\/3761\/revisions\/4890"}],"wp:featuredmedia":[{"embeddable":true,"href":"https:\/\/frenzyplus.com\/pl_pl\/wp-json\/wp\/v2\/media\/3762"}],"wp:attachment":[{"href":"https:\/\/frenzyplus.com\/pl_pl\/wp-json\/wp\/v2\/media?parent=3761"}],"wp:term":[{"taxonomy":"product_brand","embeddable":true,"href":"https:\/\/frenzyplus.com\/pl_pl\/wp-json\/wp\/v2\/product_brand?post=3761"},{"taxonomy":"product_cat","embeddable":true,"href":"https:\/\/frenzyplus.com\/pl_pl\/wp-json\/wp\/v2\/product_cat?post=3761"},{"taxonomy":"product_tag","embeddable":true,"href":"https:\/\/frenzyplus.com\/pl_pl\/wp-json\/wp\/v2\/product_tag?post=3761"}],"curies":[{"name":"wp","href":"https:\/\/api.w.org\/{rel}","templated":true}]}}