{"id":3631,"date":"2025-11-08T16:58:30","date_gmt":"2025-11-08T15:58:30","guid":{"rendered":"https:\/\/frenzyplus.com\/?post_type=product&#038;p=3631"},"modified":"2026-03-01T04:14:13","modified_gmt":"2026-03-01T03:14:13","slug":"sweter-z-alpaki-i-welny-nuvia-ecru","status":"publish","type":"product","link":"https:\/\/frenzyplus.com\/pl_pl\/produkt\/sweter-z-alpaki-i-welny-nuvia-ecru\/","title":{"rendered":"Sweter z alpaki i we\u0142ny NUVIA \u2013 ecru"},"content":{"rendered":"<p class=\"p1\"><span class=\"s1\">Mi\u0119kki, ciep\u0142y i lekki sweter o lekko puszystej fakturze, wykonany z mieszanki alpaki, we\u0142ny i poliamidu. Ma klasyczny, prosty kr\u00f3j z dekoltem zapinanym na guziki i delikatne wyko\u0144czenie przy mankietach oraz u do\u0142u.<\/span><\/p>\n<p class=\"p1\"><span class=\"s1\">Dzi\u0119ki naturalnym w\u0142\u00f3knom doskonale ogrzewa, a jednocze\u015bnie pozwala sk\u00f3rze oddycha\u0107. Idealny do noszenia zar\u00f3wno solo, jak i na koszul\u0119 czy sukienk\u0119. Sprawdzi si\u0119 w codziennych stylizacjach w duchu casual i minimalistycznym.<\/span><\/p>\n","protected":false},"excerpt":{"rendered":"<p>Dodatkowe informacje:<\/p>\n<p>\u2022 Sk\u0142ad: 20% alpaka, 25% we\u0142na, 55% poliamid<br \/>\n\u2022 Kolor: be\u017cowy ecru<br \/>\n\u2022 Kr\u00f3j: klasyczny, zapinany na guziki<br \/>\n\u2022 Faktura: mi\u0119kka, puszysta, lekko w\u0142ochata<br \/>\n\u2022 Sezon: jesie\u0144 \/ zima<\/p>\n<p>Modelka ma 176 wzrostu.<\/p>\n","protected":false},"featured_media":3635,"comment_status":"closed","ping_status":"closed","template":"","meta":{"site-sidebar-layout":"default","site-content-layout":"","ast-site-content-layout":"default","site-content-style":"default","site-sidebar-style":"default","ast-global-header-display":"","ast-banner-title-visibility":"","ast-main-header-display":"","ast-hfb-above-header-display":"","ast-hfb-below-header-display":"","ast-hfb-mobile-header-display":"","site-post-title":"","ast-breadcrumbs-content":"","ast-featured-img":"","footer-sml-layout":"","ast-disable-related-posts":"","theme-transparent-header-meta":"default","adv-header-id-meta":"","stick-header-meta":"","header-above-stick-meta":"","header-main-stick-meta":"","header-below-stick-meta":"","astra-migrate-meta-layouts":"set","ast-page-background-enabled":"default","ast-page-background-meta":{"desktop":{"background-color":"var(--ast-global-color-5)","background-image":"","background-repeat":"repeat","background-position":"center center","background-size":"auto","background-attachment":"scroll","background-type":"","background-media":"","overlay-type":"","overlay-color":"","overlay-opacity":"","overlay-gradient":""},"tablet":{"background-color":"","background-image":"","background-repeat":"repeat","background-position":"center center","background-size":"auto","background-attachment":"scroll","background-type":"","background-media":"","overlay-type":"","overlay-color":"","overlay-opacity":"","overlay-gradient":""},"mobile":{"background-color":"","background-image":"","background-repeat":"repeat","background-position":"center center","background-size":"auto","background-attachment":"scroll","background-type":"","background-media":"","overlay-type":"","overlay-color":"","overlay-opacity":"","overlay-gradient":""}},"ast-content-background-meta":{"desktop":{"background-color":"var(--ast-global-color-4)","background-image":"","background-repeat":"repeat","background-position":"center center","background-size":"auto","background-attachment":"scroll","background-type":"","background-media":"","overlay-type":"","overlay-color":"","overlay-opacity":"","overlay-gradient":""},"tablet":{"background-color":"var(--ast-global-color-4)","background-image":"","background-repeat":"repeat","background-position":"center center","background-size":"auto","background-attachment":"scroll","background-type":"","background-media":"","overlay-type":"","overlay-color":"","overlay-opacity":"","overlay-gradient":""},"mobile":{"background-color":"var(--ast-global-color-4)","background-image":"","background-repeat":"repeat","background-position":"center center","background-size":"auto","background-attachment":"scroll","background-type":"","background-media":"","overlay-type":"","overlay-color":"","overlay-opacity":"","overlay-gradient":""}}},"product_brand":[],"product_cat":[310,16],"product_tag":[],"class_list":{"0":"post-3631","1":"product","2":"type-product","3":"status-publish","4":"has-post-thumbnail","6":"product_cat-gorna-czesc-garderoby","7":"product_cat-sklep","8":"desktop-align-left","9":"tablet-align-left","10":"mobile-align-left","12":"first","13":"instock","14":"taxable","15":"shipping-taxable","16":"purchasable","17":"product-type-variable"},"yoast_head":"<!-- This site is optimized with the Yoast SEO plugin v26.8 - https:\/\/yoast.com\/product\/yoast-seo-wordpress\/ -->\n<title>Sweter z alpaki i we\u0142ny NUVIA \u2013 ecru - Frenzy+<\/title>\n<meta name=\"robots\" content=\"index, follow, max-snippet:-1, max-image-preview:large, max-video-preview:-1\" \/>\n<link rel=\"canonical\" href=\"https:\/\/frenzyplus.com\/pl_pl\/produkt\/sweter-z-alpaki-i-welny-nuvia-ecru\/\" \/>\n<meta property=\"og:locale\" content=\"pl_PL\" \/>\n<meta property=\"og:type\" content=\"article\" \/>\n<meta property=\"og:title\" content=\"Sweter z alpaki i we\u0142ny NUVIA \u2013 ecru - Frenzy+\" \/>\n<meta property=\"og:description\" content=\"Dodatkowe informacje:  \u2022 Sk\u0142ad: 20% alpaka, 25% we\u0142na, 55% poliamid \u2022 Kolor: be\u017cowy ecru \u2022 Kr\u00f3j: klasyczny, zapinany na guziki \u2022 Faktura: mi\u0119kka, puszysta, lekko w\u0142ochata \u2022 Sezon: jesie\u0144 \/ zima  Modelka ma 176 wzrostu.\" \/>\n<meta property=\"og:url\" content=\"https:\/\/frenzyplus.com\/pl_pl\/produkt\/sweter-z-alpaki-i-welny-nuvia-ecru\/\" \/>\n<meta property=\"og:site_name\" content=\"Frenzy+\" \/>\n<meta property=\"article:modified_time\" content=\"2026-03-01T03:14:13+00:00\" \/>\n<meta property=\"og:image\" content=\"https:\/\/frenzyplus.com\/wp-content\/uploads\/2025\/11\/31-1.avif\" \/>\n\t<meta property=\"og:image:width\" content=\"1080\" \/>\n\t<meta property=\"og:image:height\" content=\"1350\" \/>\n\t<meta property=\"og:image:type\" content=\"image\/jpeg\" \/>\n<meta name=\"twitter:card\" content=\"summary_large_image\" \/>\n<meta name=\"twitter:label1\" content=\"Szacowany czas czytania\" \/>\n\t<meta name=\"twitter:data1\" content=\"1 minuta\" \/>\n<script type=\"application\/ld+json\" class=\"yoast-schema-graph\">{\"@context\":\"https:\/\/schema.org\",\"@graph\":[{\"@type\":\"WebPage\",\"@id\":\"https:\/\/frenzyplus.com\/produkt\/sweter-z-alpaki-i-welny-nuvia-ecru\/\",\"url\":\"https:\/\/frenzyplus.com\/produkt\/sweter-z-alpaki-i-welny-nuvia-ecru\/\",\"name\":\"Sweter z alpaki i we\u0142ny NUVIA \u2013 ecru - Frenzy+\",\"isPartOf\":{\"@id\":\"https:\/\/frenzyplus.com\/#website\"},\"primaryImageOfPage\":{\"@id\":\"https:\/\/frenzyplus.com\/produkt\/sweter-z-alpaki-i-welny-nuvia-ecru\/#primaryimage\"},\"image\":{\"@id\":\"https:\/\/frenzyplus.com\/produkt\/sweter-z-alpaki-i-welny-nuvia-ecru\/#primaryimage\"},\"thumbnailUrl\":\"https:\/\/frenzyplus.com\/wp-content\/uploads\/2025\/11\/31-1.avif\",\"datePublished\":\"2025-11-08T15:58:30+00:00\",\"dateModified\":\"2026-03-01T03:14:13+00:00\",\"breadcrumb\":{\"@id\":\"https:\/\/frenzyplus.com\/produkt\/sweter-z-alpaki-i-welny-nuvia-ecru\/#breadcrumb\"},\"inLanguage\":\"pl-PL\",\"potentialAction\":[{\"@type\":\"ReadAction\",\"target\":[\"https:\/\/frenzyplus.com\/produkt\/sweter-z-alpaki-i-welny-nuvia-ecru\/\"]}]},{\"@type\":\"ImageObject\",\"inLanguage\":\"pl-PL\",\"@id\":\"https:\/\/frenzyplus.com\/produkt\/sweter-z-alpaki-i-welny-nuvia-ecru\/#primaryimage\",\"url\":\"https:\/\/frenzyplus.com\/wp-content\/uploads\/2025\/11\/31-1.avif\",\"contentUrl\":\"https:\/\/frenzyplus.com\/wp-content\/uploads\/2025\/11\/31-1.avif\",\"width\":1080,\"height\":1350},{\"@type\":\"BreadcrumbList\",\"@id\":\"https:\/\/frenzyplus.com\/produkt\/sweter-z-alpaki-i-welny-nuvia-ecru\/#breadcrumb\",\"itemListElement\":[{\"@type\":\"ListItem\",\"position\":1,\"name\":\"Strona g\u0142\u00f3wna\",\"item\":\"https:\/\/frenzyplus.com\/\"},{\"@type\":\"ListItem\",\"position\":2,\"name\":\"Sklep\",\"item\":\"https:\/\/frenzyplus.com\/sklep\/\"},{\"@type\":\"ListItem\",\"position\":3,\"name\":\"Sweter z alpaki i we\u0142ny NUVIA \u2013 ecru\"}]},{\"@type\":\"WebSite\",\"@id\":\"https:\/\/frenzyplus.com\/#website\",\"url\":\"https:\/\/frenzyplus.com\/\",\"name\":\"Frenzyplus\",\"description\":\"Goood size dresses\",\"publisher\":{\"@id\":\"https:\/\/frenzyplus.com\/#organization\"},\"potentialAction\":[{\"@type\":\"SearchAction\",\"target\":{\"@type\":\"EntryPoint\",\"urlTemplate\":\"https:\/\/frenzyplus.com\/?s={search_term_string}\"},\"query-input\":{\"@type\":\"PropertyValueSpecification\",\"valueRequired\":true,\"valueName\":\"search_term_string\"}}],\"inLanguage\":\"pl-PL\"},{\"@type\":\"Organization\",\"@id\":\"https:\/\/frenzyplus.com\/#organization\",\"name\":\"Frenzy+\",\"url\":\"https:\/\/frenzyplus.com\/\",\"logo\":{\"@type\":\"ImageObject\",\"inLanguage\":\"pl-PL\",\"@id\":\"https:\/\/frenzyplus.com\/#\/schema\/logo\/image\/\",\"url\":\"https:\/\/frenzyplus.com\/wp-content\/uploads\/2025\/11\/Frenzy_logo_black.pdf.avif\",\"contentUrl\":\"https:\/\/frenzyplus.com\/wp-content\/uploads\/2025\/11\/Frenzy_logo_black.pdf.avif\",\"width\":870,\"height\":254,\"caption\":\"Frenzy+\"},\"image\":{\"@id\":\"https:\/\/frenzyplus.com\/#\/schema\/logo\/image\/\"}}]}<\/script>\n<!-- \/ Yoast SEO plugin. -->","yoast_head_json":{"title":"Sweter z alpaki i we\u0142ny NUVIA \u2013 ecru - Frenzy+","robots":{"index":"index","follow":"follow","max-snippet":"max-snippet:-1","max-image-preview":"max-image-preview:large","max-video-preview":"max-video-preview:-1"},"canonical":"https:\/\/frenzyplus.com\/pl_pl\/produkt\/sweter-z-alpaki-i-welny-nuvia-ecru\/","og_locale":"pl_PL","og_type":"article","og_title":"Sweter z alpaki i we\u0142ny NUVIA \u2013 ecru - Frenzy+","og_description":"Dodatkowe informacje:  \u2022 Sk\u0142ad: 20% alpaka, 25% we\u0142na, 55% poliamid \u2022 Kolor: be\u017cowy ecru \u2022 Kr\u00f3j: klasyczny, zapinany na guziki \u2022 Faktura: mi\u0119kka, puszysta, lekko w\u0142ochata \u2022 Sezon: jesie\u0144 \/ zima  Modelka ma 176 wzrostu.","og_url":"https:\/\/frenzyplus.com\/pl_pl\/produkt\/sweter-z-alpaki-i-welny-nuvia-ecru\/","og_site_name":"Frenzy+","article_modified_time":"2026-03-01T03:14:13+00:00","og_image":[{"width":1080,"height":1350,"url":"https:\/\/frenzyplus.com\/wp-content\/uploads\/2025\/11\/31-1.avif","type":"image\/jpeg"}],"twitter_card":"summary_large_image","twitter_misc":{"Szacowany czas czytania":"1 minuta"},"schema":{"@context":"https:\/\/schema.org","@graph":[{"@type":"WebPage","@id":"https:\/\/frenzyplus.com\/produkt\/sweter-z-alpaki-i-welny-nuvia-ecru\/","url":"https:\/\/frenzyplus.com\/produkt\/sweter-z-alpaki-i-welny-nuvia-ecru\/","name":"Sweter z alpaki i we\u0142ny NUVIA \u2013 ecru - Frenzy+","isPartOf":{"@id":"https:\/\/frenzyplus.com\/#website"},"primaryImageOfPage":{"@id":"https:\/\/frenzyplus.com\/produkt\/sweter-z-alpaki-i-welny-nuvia-ecru\/#primaryimage"},"image":{"@id":"https:\/\/frenzyplus.com\/produkt\/sweter-z-alpaki-i-welny-nuvia-ecru\/#primaryimage"},"thumbnailUrl":"https:\/\/frenzyplus.com\/wp-content\/uploads\/2025\/11\/31-1.avif","datePublished":"2025-11-08T15:58:30+00:00","dateModified":"2026-03-01T03:14:13+00:00","breadcrumb":{"@id":"https:\/\/frenzyplus.com\/produkt\/sweter-z-alpaki-i-welny-nuvia-ecru\/#breadcrumb"},"inLanguage":"pl-PL","potentialAction":[{"@type":"ReadAction","target":["https:\/\/frenzyplus.com\/produkt\/sweter-z-alpaki-i-welny-nuvia-ecru\/"]}]},{"@type":"ImageObject","inLanguage":"pl-PL","@id":"https:\/\/frenzyplus.com\/produkt\/sweter-z-alpaki-i-welny-nuvia-ecru\/#primaryimage","url":"https:\/\/frenzyplus.com\/wp-content\/uploads\/2025\/11\/31-1.avif","contentUrl":"https:\/\/frenzyplus.com\/wp-content\/uploads\/2025\/11\/31-1.avif","width":1080,"height":1350},{"@type":"BreadcrumbList","@id":"https:\/\/frenzyplus.com\/produkt\/sweter-z-alpaki-i-welny-nuvia-ecru\/#breadcrumb","itemListElement":[{"@type":"ListItem","position":1,"name":"Strona g\u0142\u00f3wna","item":"https:\/\/frenzyplus.com\/"},{"@type":"ListItem","position":2,"name":"Sklep","item":"https:\/\/frenzyplus.com\/sklep\/"},{"@type":"ListItem","position":3,"name":"Sweter z alpaki i we\u0142ny NUVIA \u2013 ecru"}]},{"@type":"WebSite","@id":"https:\/\/frenzyplus.com\/#website","url":"https:\/\/frenzyplus.com\/","name":"Frenzyplus","description":"Goood size dresses","publisher":{"@id":"https:\/\/frenzyplus.com\/#organization"},"potentialAction":[{"@type":"SearchAction","target":{"@type":"EntryPoint","urlTemplate":"https:\/\/frenzyplus.com\/?s={search_term_string}"},"query-input":{"@type":"PropertyValueSpecification","valueRequired":true,"valueName":"search_term_string"}}],"inLanguage":"pl-PL"},{"@type":"Organization","@id":"https:\/\/frenzyplus.com\/#organization","name":"Frenzy+","url":"https:\/\/frenzyplus.com\/","logo":{"@type":"ImageObject","inLanguage":"pl-PL","@id":"https:\/\/frenzyplus.com\/#\/schema\/logo\/image\/","url":"https:\/\/frenzyplus.com\/wp-content\/uploads\/2025\/11\/Frenzy_logo_black.pdf.avif","contentUrl":"https:\/\/frenzyplus.com\/wp-content\/uploads\/2025\/11\/Frenzy_logo_black.pdf.avif","width":870,"height":254,"caption":"Frenzy+"},"image":{"@id":"https:\/\/frenzyplus.com\/#\/schema\/logo\/image\/"}}]}},"jetpack_sharing_enabled":true,"_links":{"self":[{"href":"https:\/\/frenzyplus.com\/pl_pl\/wp-json\/wp\/v2\/product\/3631","targetHints":{"allow":["GET"]}}],"collection":[{"href":"https:\/\/frenzyplus.com\/pl_pl\/wp-json\/wp\/v2\/product"}],"about":[{"href":"https:\/\/frenzyplus.com\/pl_pl\/wp-json\/wp\/v2\/types\/product"}],"replies":[{"embeddable":true,"href":"https:\/\/frenzyplus.com\/pl_pl\/wp-json\/wp\/v2\/comments?post=3631"}],"version-history":[{"count":1,"href":"https:\/\/frenzyplus.com\/pl_pl\/wp-json\/wp\/v2\/product\/3631\/revisions"}],"predecessor-version":[{"id":4900,"href":"https:\/\/frenzyplus.com\/pl_pl\/wp-json\/wp\/v2\/product\/3631\/revisions\/4900"}],"wp:featuredmedia":[{"embeddable":true,"href":"https:\/\/frenzyplus.com\/pl_pl\/wp-json\/wp\/v2\/media\/3635"}],"wp:attachment":[{"href":"https:\/\/frenzyplus.com\/pl_pl\/wp-json\/wp\/v2\/media?parent=3631"}],"wp:term":[{"taxonomy":"product_brand","embeddable":true,"href":"https:\/\/frenzyplus.com\/pl_pl\/wp-json\/wp\/v2\/product_brand?post=3631"},{"taxonomy":"product_cat","embeddable":true,"href":"https:\/\/frenzyplus.com\/pl_pl\/wp-json\/wp\/v2\/product_cat?post=3631"},{"taxonomy":"product_tag","embeddable":true,"href":"https:\/\/frenzyplus.com\/pl_pl\/wp-json\/wp\/v2\/product_tag?post=3631"}],"curies":[{"name":"wp","href":"https:\/\/api.w.org\/{rel}","templated":true}]}}