{"id":1298,"date":"2025-03-19T20:38:04","date_gmt":"2025-03-19T19:38:04","guid":{"rendered":"https:\/\/frenzyplus.com\/?post_type=product&#038;p=1298"},"modified":"2025-04-06T19:21:36","modified_gmt":"2025-04-06T17:21:36","slug":"indium","status":"publish","type":"product","link":"https:\/\/frenzyplus.com\/pl_pl\/produkt\/indium\/","title":{"rendered":"Spodnie Indium"},"content":{"rendered":"<p><span data-sheets-root=\"1\">Odkryj wyj\u0105tkowe granatowe spodnie Indium z wiskozy \u2013 idealne po\u0142\u0105czenie komfortu, elegancji i nowoczesnego designu. Zaprojektowane z my\u015bl\u0105 o kobietach ceni\u0105cych mod\u0119 plus size, te spodnie wyr\u00f3\u017cniaj\u0105 si\u0119 szerok\u0105 nogawk\u0105, kt\u00f3ra optycznie wyd\u0142u\u017ca sylwetk\u0119 i skutecznie maskuje brzuch. Klasyczny, jednolity granatowy kolor sprawia, \u017ce produkt doskonale komponuje si\u0119 zar\u00f3wno z eleganckimi, jak i casualowymi stylizacjami. Sprawdzi si\u0119 na imprez\u0119, \u015bwi\u0105teczne spotkania, romantyczn\u0105 randk\u0119, wakacyjne wyjazdy, a tak\u017ce jako codzienny element garderoby.Wysokiej jako\u015bci wiskoza gwarantuje nie tylko komfort noszenia, ale tak\u017ce trwa\u0142o\u015b\u0107 i \u0142atwo\u015b\u0107 piel\u0119gnacji.<\/span><\/p>\n","protected":false},"excerpt":{"rendered":"<p><strong>Dodatkowe informacje:<\/strong><\/p>\n<p>Maskuj\u0105ce brzuch, Wyd\u0142u\u017caj\u0105ce sylwetk\u0119<\/p>\n<p><strong>Materia\u0142:<\/strong>Wiskoza<br \/>\n<strong>Kolor:\u00a0<\/strong>Granatowy<\/p>\n<p>Modelka ma 175cm wzrostu i nosi rozmiar 48\/50<\/p>\n<p><a href=\"https:\/\/frenzyplus.com\/jak-dobrac-rozmiar\/\">Sprawd\u017a jak prawid\u0142owo dobra\u0107 rozmiar<\/a><\/p>\n","protected":false},"featured_media":1308,"comment_status":"open","ping_status":"closed","template":"","meta":{"site-sidebar-layout":"default","site-content-layout":"","ast-site-content-layout":"default","site-content-style":"default","site-sidebar-style":"default","ast-global-header-display":"","ast-banner-title-visibility":"","ast-main-header-display":"","ast-hfb-above-header-display":"","ast-hfb-below-header-display":"","ast-hfb-mobile-header-display":"","site-post-title":"","ast-breadcrumbs-content":"","ast-featured-img":"","footer-sml-layout":"","ast-disable-related-posts":"","theme-transparent-header-meta":"","adv-header-id-meta":"","stick-header-meta":"","header-above-stick-meta":"","header-main-stick-meta":"","header-below-stick-meta":"","astra-migrate-meta-layouts":"default","ast-page-background-enabled":"default","ast-page-background-meta":{"desktop":{"background-color":"var(--ast-global-color-5)","background-image":"","background-repeat":"repeat","background-position":"center center","background-size":"auto","background-attachment":"scroll","background-type":"","background-media":"","overlay-type":"","overlay-color":"","overlay-opacity":"","overlay-gradient":""},"tablet":{"background-color":"","background-image":"","background-repeat":"repeat","background-position":"center center","background-size":"auto","background-attachment":"scroll","background-type":"","background-media":"","overlay-type":"","overlay-color":"","overlay-opacity":"","overlay-gradient":""},"mobile":{"background-color":"","background-image":"","background-repeat":"repeat","background-position":"center center","background-size":"auto","background-attachment":"scroll","background-type":"","background-media":"","overlay-type":"","overlay-color":"","overlay-opacity":"","overlay-gradient":""}},"ast-content-background-meta":{"desktop":{"background-color":"var(--ast-global-color-4)","background-image":"","background-repeat":"repeat","background-position":"center center","background-size":"auto","background-attachment":"scroll","background-type":"","background-media":"","overlay-type":"","overlay-color":"","overlay-opacity":"","overlay-gradient":""},"tablet":{"background-color":"var(--ast-global-color-4)","background-image":"","background-repeat":"repeat","background-position":"center center","background-size":"auto","background-attachment":"scroll","background-type":"","background-media":"","overlay-type":"","overlay-color":"","overlay-opacity":"","overlay-gradient":""},"mobile":{"background-color":"var(--ast-global-color-4)","background-image":"","background-repeat":"repeat","background-position":"center center","background-size":"auto","background-attachment":"scroll","background-type":"","background-media":"","overlay-type":"","overlay-color":"","overlay-opacity":"","overlay-gradient":""}}},"product_brand":[],"product_cat":[16],"product_tag":[73,46,42,43,45],"class_list":{"0":"post-1298","1":"product","2":"type-product","3":"status-publish","4":"has-post-thumbnail","6":"product_cat-sklep","7":"product_tag-casual","8":"product_tag-na-co-dzien","9":"product_tag-na-impreze","10":"product_tag-na-swieta","11":"product_tag-na-wakacje","12":"desktop-align-left","13":"tablet-align-left","14":"mobile-align-left","16":"first","17":"instock","18":"taxable","19":"shipping-taxable","20":"purchasable","21":"product-type-variable"},"yoast_head":"<!-- This site is optimized with the Yoast SEO plugin v26.8 - https:\/\/yoast.com\/product\/yoast-seo-wordpress\/ -->\n<title>Spodnie Indium - spodnie - Frenzy+ ubrania plus size szyte w Polsce<\/title>\n<meta name=\"description\" content=\"Odkryj wyj\u0105tkowe granatowe spodnie Indium z wiskozy \u2013 idealne po\u0142\u0105czenie komfortu i nowoczesnego designu. Zaprojektowane z my\u015bl\u0105 o kobietach plus size.\" \/>\n<meta name=\"robots\" content=\"index, follow, max-snippet:-1, max-image-preview:large, max-video-preview:-1\" \/>\n<link rel=\"canonical\" href=\"https:\/\/frenzyplus.com\/pl_pl\/produkt\/indium\/\" \/>\n<meta property=\"og:locale\" content=\"pl_PL\" \/>\n<meta property=\"og:type\" content=\"article\" \/>\n<meta property=\"og:title\" content=\"Spodnie Indium - spodnie - Frenzy+ ubrania plus size szyte w Polsce\" \/>\n<meta property=\"og:description\" content=\"Odkryj wyj\u0105tkowe granatowe spodnie Indium z wiskozy \u2013 idealne po\u0142\u0105czenie komfortu i nowoczesnego designu. Zaprojektowane z my\u015bl\u0105 o kobietach plus size.\" \/>\n<meta property=\"og:url\" content=\"https:\/\/frenzyplus.com\/pl_pl\/produkt\/indium\/\" \/>\n<meta property=\"og:site_name\" content=\"Frenzy+\" \/>\n<meta property=\"article:modified_time\" content=\"2025-04-06T17:21:36+00:00\" \/>\n<meta property=\"og:image\" content=\"https:\/\/frenzyplus.com\/wp-content\/uploads\/2025\/03\/main-frenzy-plus-size-odziez-dla-puszystych-xxl-1199-min.jpg\" \/>\n\t<meta property=\"og:image:width\" content=\"960\" \/>\n\t<meta property=\"og:image:height\" content=\"1200\" \/>\n\t<meta property=\"og:image:type\" content=\"image\/jpeg\" \/>\n<meta name=\"twitter:card\" content=\"summary_large_image\" \/>\n<meta name=\"twitter:label1\" content=\"Szacowany czas czytania\" \/>\n\t<meta name=\"twitter:data1\" content=\"1 minuta\" \/>\n<script type=\"application\/ld+json\" class=\"yoast-schema-graph\">{\"@context\":\"https:\/\/schema.org\",\"@graph\":[{\"@type\":\"WebPage\",\"@id\":\"https:\/\/frenzyplus.com\/produkt\/indium\/\",\"url\":\"https:\/\/frenzyplus.com\/produkt\/indium\/\",\"name\":\"Spodnie Indium - spodnie - Frenzy+ ubrania plus size szyte w Polsce\",\"isPartOf\":{\"@id\":\"https:\/\/frenzyplus.com\/#website\"},\"primaryImageOfPage\":{\"@id\":\"https:\/\/frenzyplus.com\/produkt\/indium\/#primaryimage\"},\"image\":{\"@id\":\"https:\/\/frenzyplus.com\/produkt\/indium\/#primaryimage\"},\"thumbnailUrl\":\"https:\/\/i0.wp.com\/frenzyplus.com\/wp-content\/uploads\/2025\/03\/main-frenzy-plus-size-odziez-dla-puszystych-xxl-1199-min.jpg?fit=960%2C1200&ssl=1\",\"datePublished\":\"2025-03-19T19:38:04+00:00\",\"dateModified\":\"2025-04-06T17:21:36+00:00\",\"description\":\"Odkryj wyj\u0105tkowe granatowe spodnie Indium z wiskozy \u2013 idealne po\u0142\u0105czenie komfortu i nowoczesnego designu. Zaprojektowane z my\u015bl\u0105 o kobietach plus size.\",\"breadcrumb\":{\"@id\":\"https:\/\/frenzyplus.com\/produkt\/indium\/#breadcrumb\"},\"inLanguage\":\"pl-PL\",\"potentialAction\":[{\"@type\":\"ReadAction\",\"target\":[\"https:\/\/frenzyplus.com\/produkt\/indium\/\"]}]},{\"@type\":\"ImageObject\",\"inLanguage\":\"pl-PL\",\"@id\":\"https:\/\/frenzyplus.com\/produkt\/indium\/#primaryimage\",\"url\":\"https:\/\/i0.wp.com\/frenzyplus.com\/wp-content\/uploads\/2025\/03\/main-frenzy-plus-size-odziez-dla-puszystych-xxl-1199-min.jpg?fit=960%2C1200&ssl=1\",\"contentUrl\":\"https:\/\/i0.wp.com\/frenzyplus.com\/wp-content\/uploads\/2025\/03\/main-frenzy-plus-size-odziez-dla-puszystych-xxl-1199-min.jpg?fit=960%2C1200&ssl=1\",\"width\":960,\"height\":1200,\"caption\":\"Indium - szerokie spodnie plus size w kolorze granatowym\"},{\"@type\":\"BreadcrumbList\",\"@id\":\"https:\/\/frenzyplus.com\/produkt\/indium\/#breadcrumb\",\"itemListElement\":[{\"@type\":\"ListItem\",\"position\":1,\"name\":\"Strona g\u0142\u00f3wna\",\"item\":\"https:\/\/frenzyplus.com\/\"},{\"@type\":\"ListItem\",\"position\":2,\"name\":\"Sklep\",\"item\":\"https:\/\/frenzyplus.com\/sklep\/\"},{\"@type\":\"ListItem\",\"position\":3,\"name\":\"Spodnie Indium\"}]},{\"@type\":\"WebSite\",\"@id\":\"https:\/\/frenzyplus.com\/#website\",\"url\":\"https:\/\/frenzyplus.com\/\",\"name\":\"Frenzyplus\",\"description\":\"Goood size dresses\",\"publisher\":{\"@id\":\"https:\/\/frenzyplus.com\/#organization\"},\"potentialAction\":[{\"@type\":\"SearchAction\",\"target\":{\"@type\":\"EntryPoint\",\"urlTemplate\":\"https:\/\/frenzyplus.com\/?s={search_term_string}\"},\"query-input\":{\"@type\":\"PropertyValueSpecification\",\"valueRequired\":true,\"valueName\":\"search_term_string\"}}],\"inLanguage\":\"pl-PL\"},{\"@type\":\"Organization\",\"@id\":\"https:\/\/frenzyplus.com\/#organization\",\"name\":\"Frenzy+\",\"url\":\"https:\/\/frenzyplus.com\/\",\"logo\":{\"@type\":\"ImageObject\",\"inLanguage\":\"pl-PL\",\"@id\":\"https:\/\/frenzyplus.com\/#\/schema\/logo\/image\/\",\"url\":\"https:\/\/frenzyplus.com\/wp-content\/uploads\/2025\/11\/Frenzy_logo_black.pdf.avif\",\"contentUrl\":\"https:\/\/frenzyplus.com\/wp-content\/uploads\/2025\/11\/Frenzy_logo_black.pdf.avif\",\"width\":870,\"height\":254,\"caption\":\"Frenzy+\"},\"image\":{\"@id\":\"https:\/\/frenzyplus.com\/#\/schema\/logo\/image\/\"}}]}<\/script>\n<!-- \/ Yoast SEO plugin. -->","yoast_head_json":{"title":"Spodnie Indium - spodnie - Frenzy+ ubrania plus size szyte w Polsce","description":"Odkryj wyj\u0105tkowe granatowe spodnie Indium z wiskozy \u2013 idealne po\u0142\u0105czenie komfortu i nowoczesnego designu. Zaprojektowane z my\u015bl\u0105 o kobietach plus size.","robots":{"index":"index","follow":"follow","max-snippet":"max-snippet:-1","max-image-preview":"max-image-preview:large","max-video-preview":"max-video-preview:-1"},"canonical":"https:\/\/frenzyplus.com\/pl_pl\/produkt\/indium\/","og_locale":"pl_PL","og_type":"article","og_title":"Spodnie Indium - spodnie - Frenzy+ ubrania plus size szyte w Polsce","og_description":"Odkryj wyj\u0105tkowe granatowe spodnie Indium z wiskozy \u2013 idealne po\u0142\u0105czenie komfortu i nowoczesnego designu. Zaprojektowane z my\u015bl\u0105 o kobietach plus size.","og_url":"https:\/\/frenzyplus.com\/pl_pl\/produkt\/indium\/","og_site_name":"Frenzy+","article_modified_time":"2025-04-06T17:21:36+00:00","og_image":[{"width":960,"height":1200,"url":"https:\/\/frenzyplus.com\/wp-content\/uploads\/2025\/03\/main-frenzy-plus-size-odziez-dla-puszystych-xxl-1199-min.jpg","type":"image\/jpeg"}],"twitter_card":"summary_large_image","twitter_misc":{"Szacowany czas czytania":"1 minuta"},"schema":{"@context":"https:\/\/schema.org","@graph":[{"@type":"WebPage","@id":"https:\/\/frenzyplus.com\/produkt\/indium\/","url":"https:\/\/frenzyplus.com\/produkt\/indium\/","name":"Spodnie Indium - spodnie - Frenzy+ ubrania plus size szyte w Polsce","isPartOf":{"@id":"https:\/\/frenzyplus.com\/#website"},"primaryImageOfPage":{"@id":"https:\/\/frenzyplus.com\/produkt\/indium\/#primaryimage"},"image":{"@id":"https:\/\/frenzyplus.com\/produkt\/indium\/#primaryimage"},"thumbnailUrl":"https:\/\/i0.wp.com\/frenzyplus.com\/wp-content\/uploads\/2025\/03\/main-frenzy-plus-size-odziez-dla-puszystych-xxl-1199-min.jpg?fit=960%2C1200&ssl=1","datePublished":"2025-03-19T19:38:04+00:00","dateModified":"2025-04-06T17:21:36+00:00","description":"Odkryj wyj\u0105tkowe granatowe spodnie Indium z wiskozy \u2013 idealne po\u0142\u0105czenie komfortu i nowoczesnego designu. Zaprojektowane z my\u015bl\u0105 o kobietach plus size.","breadcrumb":{"@id":"https:\/\/frenzyplus.com\/produkt\/indium\/#breadcrumb"},"inLanguage":"pl-PL","potentialAction":[{"@type":"ReadAction","target":["https:\/\/frenzyplus.com\/produkt\/indium\/"]}]},{"@type":"ImageObject","inLanguage":"pl-PL","@id":"https:\/\/frenzyplus.com\/produkt\/indium\/#primaryimage","url":"https:\/\/i0.wp.com\/frenzyplus.com\/wp-content\/uploads\/2025\/03\/main-frenzy-plus-size-odziez-dla-puszystych-xxl-1199-min.jpg?fit=960%2C1200&ssl=1","contentUrl":"https:\/\/i0.wp.com\/frenzyplus.com\/wp-content\/uploads\/2025\/03\/main-frenzy-plus-size-odziez-dla-puszystych-xxl-1199-min.jpg?fit=960%2C1200&ssl=1","width":960,"height":1200,"caption":"Indium - szerokie spodnie plus size w kolorze granatowym"},{"@type":"BreadcrumbList","@id":"https:\/\/frenzyplus.com\/produkt\/indium\/#breadcrumb","itemListElement":[{"@type":"ListItem","position":1,"name":"Strona g\u0142\u00f3wna","item":"https:\/\/frenzyplus.com\/"},{"@type":"ListItem","position":2,"name":"Sklep","item":"https:\/\/frenzyplus.com\/sklep\/"},{"@type":"ListItem","position":3,"name":"Spodnie Indium"}]},{"@type":"WebSite","@id":"https:\/\/frenzyplus.com\/#website","url":"https:\/\/frenzyplus.com\/","name":"Frenzyplus","description":"Goood size dresses","publisher":{"@id":"https:\/\/frenzyplus.com\/#organization"},"potentialAction":[{"@type":"SearchAction","target":{"@type":"EntryPoint","urlTemplate":"https:\/\/frenzyplus.com\/?s={search_term_string}"},"query-input":{"@type":"PropertyValueSpecification","valueRequired":true,"valueName":"search_term_string"}}],"inLanguage":"pl-PL"},{"@type":"Organization","@id":"https:\/\/frenzyplus.com\/#organization","name":"Frenzy+","url":"https:\/\/frenzyplus.com\/","logo":{"@type":"ImageObject","inLanguage":"pl-PL","@id":"https:\/\/frenzyplus.com\/#\/schema\/logo\/image\/","url":"https:\/\/frenzyplus.com\/wp-content\/uploads\/2025\/11\/Frenzy_logo_black.pdf.avif","contentUrl":"https:\/\/frenzyplus.com\/wp-content\/uploads\/2025\/11\/Frenzy_logo_black.pdf.avif","width":870,"height":254,"caption":"Frenzy+"},"image":{"@id":"https:\/\/frenzyplus.com\/#\/schema\/logo\/image\/"}}]}},"jetpack_sharing_enabled":true,"_links":{"self":[{"href":"https:\/\/frenzyplus.com\/pl_pl\/wp-json\/wp\/v2\/product\/1298","targetHints":{"allow":["GET"]}}],"collection":[{"href":"https:\/\/frenzyplus.com\/pl_pl\/wp-json\/wp\/v2\/product"}],"about":[{"href":"https:\/\/frenzyplus.com\/pl_pl\/wp-json\/wp\/v2\/types\/product"}],"replies":[{"embeddable":true,"href":"https:\/\/frenzyplus.com\/pl_pl\/wp-json\/wp\/v2\/comments?post=1298"}],"version-history":[{"count":0,"href":"https:\/\/frenzyplus.com\/pl_pl\/wp-json\/wp\/v2\/product\/1298\/revisions"}],"wp:featuredmedia":[{"embeddable":true,"href":"https:\/\/frenzyplus.com\/pl_pl\/wp-json\/wp\/v2\/media\/1308"}],"wp:attachment":[{"href":"https:\/\/frenzyplus.com\/pl_pl\/wp-json\/wp\/v2\/media?parent=1298"}],"wp:term":[{"taxonomy":"product_brand","embeddable":true,"href":"https:\/\/frenzyplus.com\/pl_pl\/wp-json\/wp\/v2\/product_brand?post=1298"},{"taxonomy":"product_cat","embeddable":true,"href":"https:\/\/frenzyplus.com\/pl_pl\/wp-json\/wp\/v2\/product_cat?post=1298"},{"taxonomy":"product_tag","embeddable":true,"href":"https:\/\/frenzyplus.com\/pl_pl\/wp-json\/wp\/v2\/product_tag?post=1298"}],"curies":[{"name":"wp","href":"https:\/\/api.w.org\/{rel}","templated":true}]}}