{"id":1253,"date":"2025-03-19T19:59:22","date_gmt":"2025-03-19T18:59:22","guid":{"rendered":"https:\/\/frenzyplus.com\/?post_type=product&#038;p=1253"},"modified":"2025-04-06T19:20:02","modified_gmt":"2025-04-06T17:20:02","slug":"bismuthum","status":"publish","type":"product","link":"https:\/\/frenzyplus.com\/pl_pl\/produkt\/bismuthum\/","title":{"rendered":"Spodnie Bismuthum"},"content":{"rendered":"<p><span data-sheets-root=\"1\">R\u00f3\u017cowe spodnie Bismuthum to idealna propozycja dla sylwetki plus size. R\u00f3\u017cowe spodnie z wiskozy to odwa\u017cny must-have dla kobiet szukaj\u0105cych modnych i wygodnych rozwi\u0105za\u0144. Te spodnie plus size wyr\u00f3\u017cniaj\u0105 si\u0119 szerokimi nogawkami, kt\u00f3re zapewniaj\u0105 lekko\u015b\u0107 i pe\u0142n\u0105 swobod\u0119 ruchu, a starannie zaprojektowany fason podkre\u015bla proporcje sylwetki, optycznie j\u0105 wysmuklaj\u0105c. Idealne na co dzie\u0144, jak i na wyj\u0105tkowe okazje, te modne spodnie dla kobiet plus size \u0142\u0105cz\u0105 komfort z niebanalnym stylem, stanowi\u0105c efektowny akcent ka\u017cdej garderoby.<\/span><\/p>\n","protected":false},"excerpt":{"rendered":"<p><strong>Dodatkowe informacje:<\/strong><\/p>\n<p>Maskuj\u0105ce brzuch, Wyd\u0142u\u017caj\u0105ce sylwetk\u0119<\/p>\n<p><strong>Materia\u0142:\u00a0<\/strong>Wiskoza<br \/>\n<strong>Kolor:<\/strong>R\u00f3\u017cowy<\/p>\n<p>Modelka ma 165cm wzrostu i nosi rozmiar 46\/48<\/p>\n<p><a href=\"https:\/\/frenzyplus.com\/jak-dobrac-rozmiar\/\">Sprawd\u017a jak prawid\u0142owo dobra\u0107 rozmiar<\/a><\/p>\n","protected":false},"featured_media":1277,"comment_status":"open","ping_status":"closed","template":"","meta":{"site-sidebar-layout":"default","site-content-layout":"","ast-site-content-layout":"default","site-content-style":"default","site-sidebar-style":"default","ast-global-header-display":"","ast-banner-title-visibility":"","ast-main-header-display":"","ast-hfb-above-header-display":"","ast-hfb-below-header-display":"","ast-hfb-mobile-header-display":"","site-post-title":"","ast-breadcrumbs-content":"","ast-featured-img":"","footer-sml-layout":"","ast-disable-related-posts":"","theme-transparent-header-meta":"","adv-header-id-meta":"","stick-header-meta":"","header-above-stick-meta":"","header-main-stick-meta":"","header-below-stick-meta":"","astra-migrate-meta-layouts":"default","ast-page-background-enabled":"default","ast-page-background-meta":{"desktop":{"background-color":"var(--ast-global-color-5)","background-image":"","background-repeat":"repeat","background-position":"center center","background-size":"auto","background-attachment":"scroll","background-type":"","background-media":"","overlay-type":"","overlay-color":"","overlay-opacity":"","overlay-gradient":""},"tablet":{"background-color":"","background-image":"","background-repeat":"repeat","background-position":"center center","background-size":"auto","background-attachment":"scroll","background-type":"","background-media":"","overlay-type":"","overlay-color":"","overlay-opacity":"","overlay-gradient":""},"mobile":{"background-color":"","background-image":"","background-repeat":"repeat","background-position":"center center","background-size":"auto","background-attachment":"scroll","background-type":"","background-media":"","overlay-type":"","overlay-color":"","overlay-opacity":"","overlay-gradient":""}},"ast-content-background-meta":{"desktop":{"background-color":"var(--ast-global-color-4)","background-image":"","background-repeat":"repeat","background-position":"center center","background-size":"auto","background-attachment":"scroll","background-type":"","background-media":"","overlay-type":"","overlay-color":"","overlay-opacity":"","overlay-gradient":""},"tablet":{"background-color":"var(--ast-global-color-4)","background-image":"","background-repeat":"repeat","background-position":"center center","background-size":"auto","background-attachment":"scroll","background-type":"","background-media":"","overlay-type":"","overlay-color":"","overlay-opacity":"","overlay-gradient":""},"mobile":{"background-color":"var(--ast-global-color-4)","background-image":"","background-repeat":"repeat","background-position":"center center","background-size":"auto","background-attachment":"scroll","background-type":"","background-media":"","overlay-type":"","overlay-color":"","overlay-opacity":"","overlay-gradient":""}}},"product_brand":[],"product_cat":[16],"product_tag":[73,46,42,44,43,45],"class_list":{"0":"post-1253","1":"product","2":"type-product","3":"status-publish","4":"has-post-thumbnail","6":"product_cat-sklep","7":"product_tag-casual","8":"product_tag-na-co-dzien","9":"product_tag-na-impreze","10":"product_tag-na-randke","11":"product_tag-na-swieta","12":"product_tag-na-wakacje","13":"desktop-align-left","14":"tablet-align-left","15":"mobile-align-left","17":"first","18":"instock","19":"taxable","20":"shipping-taxable","21":"purchasable","22":"product-type-variable"},"yoast_head":"<!-- This site is optimized with the Yoast SEO plugin v26.8 - https:\/\/yoast.com\/product\/yoast-seo-wordpress\/ -->\n<title>Spodnie Bismuthum - spodnie - Frenzy+ ubrania plus size szyte w Polsce<\/title>\n<meta name=\"description\" content=\"R\u00f3\u017cowe spodnie z wiskozy Bismuthum to idealna propozycja dla sylwetki plus size. To odwa\u017cny must-have dla kobiet szukaj\u0105cych modnych i wygodnych rozwi\u0105za\u0144\" \/>\n<meta name=\"robots\" content=\"index, follow, max-snippet:-1, max-image-preview:large, max-video-preview:-1\" \/>\n<link rel=\"canonical\" href=\"https:\/\/frenzyplus.com\/pl_pl\/produkt\/bismuthum\/\" \/>\n<meta property=\"og:locale\" content=\"pl_PL\" \/>\n<meta property=\"og:type\" content=\"article\" \/>\n<meta property=\"og:title\" content=\"Spodnie Bismuthum - spodnie - Frenzy+ ubrania plus size szyte w Polsce\" \/>\n<meta property=\"og:description\" content=\"R\u00f3\u017cowe spodnie z wiskozy Bismuthum to idealna propozycja dla sylwetki plus size. To odwa\u017cny must-have dla kobiet szukaj\u0105cych modnych i wygodnych rozwi\u0105za\u0144\" \/>\n<meta property=\"og:url\" content=\"https:\/\/frenzyplus.com\/pl_pl\/produkt\/bismuthum\/\" \/>\n<meta property=\"og:site_name\" content=\"Frenzy+\" \/>\n<meta property=\"article:modified_time\" content=\"2025-04-06T17:20:02+00:00\" \/>\n<meta property=\"og:image\" content=\"https:\/\/frenzyplus.com\/wp-content\/uploads\/2025\/03\/frenzy-plus-size-odziez-dla-puszystych-xxl_-3-min.jpg\" \/>\n\t<meta property=\"og:image:width\" content=\"960\" \/>\n\t<meta property=\"og:image:height\" content=\"1200\" \/>\n\t<meta property=\"og:image:type\" content=\"image\/jpeg\" \/>\n<meta name=\"twitter:card\" content=\"summary_large_image\" \/>\n<meta name=\"twitter:label1\" content=\"Szacowany czas czytania\" \/>\n\t<meta name=\"twitter:data1\" content=\"1 minuta\" \/>\n<script type=\"application\/ld+json\" class=\"yoast-schema-graph\">{\"@context\":\"https:\/\/schema.org\",\"@graph\":[{\"@type\":\"WebPage\",\"@id\":\"https:\/\/frenzyplus.com\/produkt\/bismuthum\/\",\"url\":\"https:\/\/frenzyplus.com\/produkt\/bismuthum\/\",\"name\":\"Spodnie Bismuthum - spodnie - Frenzy+ ubrania plus size szyte w Polsce\",\"isPartOf\":{\"@id\":\"https:\/\/frenzyplus.com\/#website\"},\"primaryImageOfPage\":{\"@id\":\"https:\/\/frenzyplus.com\/produkt\/bismuthum\/#primaryimage\"},\"image\":{\"@id\":\"https:\/\/frenzyplus.com\/produkt\/bismuthum\/#primaryimage\"},\"thumbnailUrl\":\"https:\/\/i0.wp.com\/frenzyplus.com\/wp-content\/uploads\/2025\/03\/frenzy-plus-size-odziez-dla-puszystych-xxl_-3-min.jpg?fit=960%2C1200&ssl=1\",\"datePublished\":\"2025-03-19T18:59:22+00:00\",\"dateModified\":\"2025-04-06T17:20:02+00:00\",\"description\":\"R\u00f3\u017cowe spodnie z wiskozy Bismuthum to idealna propozycja dla sylwetki plus size. To odwa\u017cny must-have dla kobiet szukaj\u0105cych modnych i wygodnych rozwi\u0105za\u0144\",\"breadcrumb\":{\"@id\":\"https:\/\/frenzyplus.com\/produkt\/bismuthum\/#breadcrumb\"},\"inLanguage\":\"pl-PL\",\"potentialAction\":[{\"@type\":\"ReadAction\",\"target\":[\"https:\/\/frenzyplus.com\/produkt\/bismuthum\/\"]}]},{\"@type\":\"ImageObject\",\"inLanguage\":\"pl-PL\",\"@id\":\"https:\/\/frenzyplus.com\/produkt\/bismuthum\/#primaryimage\",\"url\":\"https:\/\/i0.wp.com\/frenzyplus.com\/wp-content\/uploads\/2025\/03\/frenzy-plus-size-odziez-dla-puszystych-xxl_-3-min.jpg?fit=960%2C1200&ssl=1\",\"contentUrl\":\"https:\/\/i0.wp.com\/frenzyplus.com\/wp-content\/uploads\/2025\/03\/frenzy-plus-size-odziez-dla-puszystych-xxl_-3-min.jpg?fit=960%2C1200&ssl=1\",\"width\":960,\"height\":1200,\"caption\":\"Bismuthum - r\u00f3\u017cowe spodnie\"},{\"@type\":\"BreadcrumbList\",\"@id\":\"https:\/\/frenzyplus.com\/produkt\/bismuthum\/#breadcrumb\",\"itemListElement\":[{\"@type\":\"ListItem\",\"position\":1,\"name\":\"Strona g\u0142\u00f3wna\",\"item\":\"https:\/\/frenzyplus.com\/\"},{\"@type\":\"ListItem\",\"position\":2,\"name\":\"Sklep\",\"item\":\"https:\/\/frenzyplus.com\/sklep\/\"},{\"@type\":\"ListItem\",\"position\":3,\"name\":\"Spodnie Bismuthum\"}]},{\"@type\":\"WebSite\",\"@id\":\"https:\/\/frenzyplus.com\/#website\",\"url\":\"https:\/\/frenzyplus.com\/\",\"name\":\"Frenzyplus\",\"description\":\"Goood size dresses\",\"publisher\":{\"@id\":\"https:\/\/frenzyplus.com\/#organization\"},\"potentialAction\":[{\"@type\":\"SearchAction\",\"target\":{\"@type\":\"EntryPoint\",\"urlTemplate\":\"https:\/\/frenzyplus.com\/?s={search_term_string}\"},\"query-input\":{\"@type\":\"PropertyValueSpecification\",\"valueRequired\":true,\"valueName\":\"search_term_string\"}}],\"inLanguage\":\"pl-PL\"},{\"@type\":\"Organization\",\"@id\":\"https:\/\/frenzyplus.com\/#organization\",\"name\":\"Frenzy+\",\"url\":\"https:\/\/frenzyplus.com\/\",\"logo\":{\"@type\":\"ImageObject\",\"inLanguage\":\"pl-PL\",\"@id\":\"https:\/\/frenzyplus.com\/#\/schema\/logo\/image\/\",\"url\":\"https:\/\/frenzyplus.com\/wp-content\/uploads\/2025\/11\/Frenzy_logo_black.pdf.avif\",\"contentUrl\":\"https:\/\/frenzyplus.com\/wp-content\/uploads\/2025\/11\/Frenzy_logo_black.pdf.avif\",\"width\":870,\"height\":254,\"caption\":\"Frenzy+\"},\"image\":{\"@id\":\"https:\/\/frenzyplus.com\/#\/schema\/logo\/image\/\"}}]}<\/script>\n<!-- \/ Yoast SEO plugin. -->","yoast_head_json":{"title":"Spodnie Bismuthum - spodnie - Frenzy+ ubrania plus size szyte w Polsce","description":"R\u00f3\u017cowe spodnie z wiskozy Bismuthum to idealna propozycja dla sylwetki plus size. To odwa\u017cny must-have dla kobiet szukaj\u0105cych modnych i wygodnych rozwi\u0105za\u0144","robots":{"index":"index","follow":"follow","max-snippet":"max-snippet:-1","max-image-preview":"max-image-preview:large","max-video-preview":"max-video-preview:-1"},"canonical":"https:\/\/frenzyplus.com\/pl_pl\/produkt\/bismuthum\/","og_locale":"pl_PL","og_type":"article","og_title":"Spodnie Bismuthum - spodnie - Frenzy+ ubrania plus size szyte w Polsce","og_description":"R\u00f3\u017cowe spodnie z wiskozy Bismuthum to idealna propozycja dla sylwetki plus size. To odwa\u017cny must-have dla kobiet szukaj\u0105cych modnych i wygodnych rozwi\u0105za\u0144","og_url":"https:\/\/frenzyplus.com\/pl_pl\/produkt\/bismuthum\/","og_site_name":"Frenzy+","article_modified_time":"2025-04-06T17:20:02+00:00","og_image":[{"width":960,"height":1200,"url":"https:\/\/frenzyplus.com\/wp-content\/uploads\/2025\/03\/frenzy-plus-size-odziez-dla-puszystych-xxl_-3-min.jpg","type":"image\/jpeg"}],"twitter_card":"summary_large_image","twitter_misc":{"Szacowany czas czytania":"1 minuta"},"schema":{"@context":"https:\/\/schema.org","@graph":[{"@type":"WebPage","@id":"https:\/\/frenzyplus.com\/produkt\/bismuthum\/","url":"https:\/\/frenzyplus.com\/produkt\/bismuthum\/","name":"Spodnie Bismuthum - spodnie - Frenzy+ ubrania plus size szyte w Polsce","isPartOf":{"@id":"https:\/\/frenzyplus.com\/#website"},"primaryImageOfPage":{"@id":"https:\/\/frenzyplus.com\/produkt\/bismuthum\/#primaryimage"},"image":{"@id":"https:\/\/frenzyplus.com\/produkt\/bismuthum\/#primaryimage"},"thumbnailUrl":"https:\/\/i0.wp.com\/frenzyplus.com\/wp-content\/uploads\/2025\/03\/frenzy-plus-size-odziez-dla-puszystych-xxl_-3-min.jpg?fit=960%2C1200&ssl=1","datePublished":"2025-03-19T18:59:22+00:00","dateModified":"2025-04-06T17:20:02+00:00","description":"R\u00f3\u017cowe spodnie z wiskozy Bismuthum to idealna propozycja dla sylwetki plus size. To odwa\u017cny must-have dla kobiet szukaj\u0105cych modnych i wygodnych rozwi\u0105za\u0144","breadcrumb":{"@id":"https:\/\/frenzyplus.com\/produkt\/bismuthum\/#breadcrumb"},"inLanguage":"pl-PL","potentialAction":[{"@type":"ReadAction","target":["https:\/\/frenzyplus.com\/produkt\/bismuthum\/"]}]},{"@type":"ImageObject","inLanguage":"pl-PL","@id":"https:\/\/frenzyplus.com\/produkt\/bismuthum\/#primaryimage","url":"https:\/\/i0.wp.com\/frenzyplus.com\/wp-content\/uploads\/2025\/03\/frenzy-plus-size-odziez-dla-puszystych-xxl_-3-min.jpg?fit=960%2C1200&ssl=1","contentUrl":"https:\/\/i0.wp.com\/frenzyplus.com\/wp-content\/uploads\/2025\/03\/frenzy-plus-size-odziez-dla-puszystych-xxl_-3-min.jpg?fit=960%2C1200&ssl=1","width":960,"height":1200,"caption":"Bismuthum - r\u00f3\u017cowe spodnie"},{"@type":"BreadcrumbList","@id":"https:\/\/frenzyplus.com\/produkt\/bismuthum\/#breadcrumb","itemListElement":[{"@type":"ListItem","position":1,"name":"Strona g\u0142\u00f3wna","item":"https:\/\/frenzyplus.com\/"},{"@type":"ListItem","position":2,"name":"Sklep","item":"https:\/\/frenzyplus.com\/sklep\/"},{"@type":"ListItem","position":3,"name":"Spodnie Bismuthum"}]},{"@type":"WebSite","@id":"https:\/\/frenzyplus.com\/#website","url":"https:\/\/frenzyplus.com\/","name":"Frenzyplus","description":"Goood size dresses","publisher":{"@id":"https:\/\/frenzyplus.com\/#organization"},"potentialAction":[{"@type":"SearchAction","target":{"@type":"EntryPoint","urlTemplate":"https:\/\/frenzyplus.com\/?s={search_term_string}"},"query-input":{"@type":"PropertyValueSpecification","valueRequired":true,"valueName":"search_term_string"}}],"inLanguage":"pl-PL"},{"@type":"Organization","@id":"https:\/\/frenzyplus.com\/#organization","name":"Frenzy+","url":"https:\/\/frenzyplus.com\/","logo":{"@type":"ImageObject","inLanguage":"pl-PL","@id":"https:\/\/frenzyplus.com\/#\/schema\/logo\/image\/","url":"https:\/\/frenzyplus.com\/wp-content\/uploads\/2025\/11\/Frenzy_logo_black.pdf.avif","contentUrl":"https:\/\/frenzyplus.com\/wp-content\/uploads\/2025\/11\/Frenzy_logo_black.pdf.avif","width":870,"height":254,"caption":"Frenzy+"},"image":{"@id":"https:\/\/frenzyplus.com\/#\/schema\/logo\/image\/"}}]}},"jetpack_sharing_enabled":true,"_links":{"self":[{"href":"https:\/\/frenzyplus.com\/pl_pl\/wp-json\/wp\/v2\/product\/1253","targetHints":{"allow":["GET"]}}],"collection":[{"href":"https:\/\/frenzyplus.com\/pl_pl\/wp-json\/wp\/v2\/product"}],"about":[{"href":"https:\/\/frenzyplus.com\/pl_pl\/wp-json\/wp\/v2\/types\/product"}],"replies":[{"embeddable":true,"href":"https:\/\/frenzyplus.com\/pl_pl\/wp-json\/wp\/v2\/comments?post=1253"}],"version-history":[{"count":0,"href":"https:\/\/frenzyplus.com\/pl_pl\/wp-json\/wp\/v2\/product\/1253\/revisions"}],"wp:featuredmedia":[{"embeddable":true,"href":"https:\/\/frenzyplus.com\/pl_pl\/wp-json\/wp\/v2\/media\/1277"}],"wp:attachment":[{"href":"https:\/\/frenzyplus.com\/pl_pl\/wp-json\/wp\/v2\/media?parent=1253"}],"wp:term":[{"taxonomy":"product_brand","embeddable":true,"href":"https:\/\/frenzyplus.com\/pl_pl\/wp-json\/wp\/v2\/product_brand?post=1253"},{"taxonomy":"product_cat","embeddable":true,"href":"https:\/\/frenzyplus.com\/pl_pl\/wp-json\/wp\/v2\/product_cat?post=1253"},{"taxonomy":"product_tag","embeddable":true,"href":"https:\/\/frenzyplus.com\/pl_pl\/wp-json\/wp\/v2\/product_tag?post=1253"}],"curies":[{"name":"wp","href":"https:\/\/api.w.org\/{rel}","templated":true}]}}