{"id":990,"date":"2025-03-10T19:16:25","date_gmt":"2025-03-10T18:16:25","guid":{"rendered":"https:\/\/frenzyplus.com\/?post_type=product&#038;p=990"},"modified":"2025-04-13T13:09:13","modified_gmt":"2025-04-13T11:09:13","slug":"boron","status":"publish","type":"product","link":"https:\/\/frenzyplus.com\/en\/product\/boron\/","title":{"rendered":"Boron"},"content":{"rendered":"<p><span data-sheets-root=\"1\">The Boron dress is light and airy with a beautiful floral pattern. It is the perfect choice for women who value both comfort and style. It is made of high-quality viscose. It is lightweight and airy, and fits the figure perfectly. The looser cut subtly conceals the stomach area. Its classic cut makes it suitable for everyday wear as well as special occasions. The floral print gives it a fresh, romantic feel \u2014 perfect for dates, holiday strolls, or family gatherings.<br \/>\n<\/span><\/p>","protected":false},"excerpt":{"rendered":"<p><strong>Additional Information:<\/strong><\/p>\n<p><span data-sheets-root=\"1\">Tummy concealing<\/span><\/p>\n<p><strong>Material:<\/strong>Viscose<br \/>\n<strong>Color:<\/strong>White \/ pink \/ blue<\/p>\n<p>Model is 165cm tall and wears size 46\/48<\/p>\n<p><a href=\"https:\/\/frenzyplus.com\/en\/jak-dobrac-rozmiar\/\">Check how to properly select your size<\/a><\/p>","protected":false},"featured_media":1003,"comment_status":"open","ping_status":"closed","template":"","meta":{"site-sidebar-layout":"default","site-content-layout":"","ast-site-content-layout":"default","site-content-style":"default","site-sidebar-style":"default","ast-global-header-display":"","ast-banner-title-visibility":"","ast-main-header-display":"","ast-hfb-above-header-display":"","ast-hfb-below-header-display":"","ast-hfb-mobile-header-display":"","site-post-title":"","ast-breadcrumbs-content":"","ast-featured-img":"","footer-sml-layout":"","ast-disable-related-posts":"","theme-transparent-header-meta":"","adv-header-id-meta":"","stick-header-meta":"","header-above-stick-meta":"","header-main-stick-meta":"","header-below-stick-meta":"","astra-migrate-meta-layouts":"default","ast-page-background-enabled":"default","ast-page-background-meta":{"desktop":{"background-color":"var(--ast-global-color-5)","background-image":"","background-repeat":"repeat","background-position":"center center","background-size":"auto","background-attachment":"scroll","background-type":"","background-media":"","overlay-type":"","overlay-color":"","overlay-opacity":"","overlay-gradient":""},"tablet":{"background-color":"","background-image":"","background-repeat":"repeat","background-position":"center center","background-size":"auto","background-attachment":"scroll","background-type":"","background-media":"","overlay-type":"","overlay-color":"","overlay-opacity":"","overlay-gradient":""},"mobile":{"background-color":"","background-image":"","background-repeat":"repeat","background-position":"center center","background-size":"auto","background-attachment":"scroll","background-type":"","background-media":"","overlay-type":"","overlay-color":"","overlay-opacity":"","overlay-gradient":""}},"ast-content-background-meta":{"desktop":{"background-color":"var(--ast-global-color-4)","background-image":"","background-repeat":"repeat","background-position":"center center","background-size":"auto","background-attachment":"scroll","background-type":"","background-media":"","overlay-type":"","overlay-color":"","overlay-opacity":"","overlay-gradient":""},"tablet":{"background-color":"var(--ast-global-color-4)","background-image":"","background-repeat":"repeat","background-position":"center center","background-size":"auto","background-attachment":"scroll","background-type":"","background-media":"","overlay-type":"","overlay-color":"","overlay-opacity":"","overlay-gradient":""},"mobile":{"background-color":"var(--ast-global-color-4)","background-image":"","background-repeat":"repeat","background-position":"center center","background-size":"auto","background-attachment":"scroll","background-type":"","background-media":"","overlay-type":"","overlay-color":"","overlay-opacity":"","overlay-gradient":""}}},"product_brand":[],"product_cat":[16],"product_tag":[46,42,44,43,45],"class_list":{"0":"post-990","1":"product","2":"type-product","3":"status-publish","4":"has-post-thumbnail","6":"product_cat-sklep","7":"product_tag-na-co-dzien","8":"product_tag-na-impreze","9":"product_tag-na-randke","10":"product_tag-na-swieta","11":"product_tag-na-wakacje","12":"desktop-align-left","13":"tablet-align-left","14":"mobile-align-left","16":"first","17":"instock","18":"taxable","19":"shipping-taxable","20":"purchasable","21":"product-type-variable"},"yoast_head":"<!-- This site is optimized with the Yoast SEO plugin v26.8 - https:\/\/yoast.com\/product\/yoast-seo-wordpress\/ -->\n<title>Boron - sukienka z lnu - Frenzy+ ubrania plus size szyte w Polsce<\/title>\n<meta name=\"description\" content=\"Boron to zwiewna sukienka w kwiatowy wz\u00f3r. Jest to idealny wyb\u00f3r sukienki dla puszystych kobiet ceni\u0105cych komfort i styl.\" \/>\n<meta name=\"robots\" content=\"index, follow, max-snippet:-1, max-image-preview:large, max-video-preview:-1\" \/>\n<link rel=\"canonical\" href=\"https:\/\/frenzyplus.com\/en\/product\/boron\/\" \/>\n<meta property=\"og:locale\" content=\"en_GB\" \/>\n<meta property=\"og:type\" content=\"article\" \/>\n<meta property=\"og:title\" content=\"Boron - sukienka z lnu - Frenzy+ ubrania plus size szyte w Polsce\" \/>\n<meta property=\"og:description\" content=\"Boron to zwiewna sukienka w kwiatowy wz\u00f3r. Jest to idealny wyb\u00f3r sukienki dla puszystych kobiet ceni\u0105cych komfort i styl.\" \/>\n<meta property=\"og:url\" content=\"https:\/\/frenzyplus.com\/en\/product\/boron\/\" \/>\n<meta property=\"og:site_name\" content=\"Frenzy+\" \/>\n<meta property=\"article:modified_time\" content=\"2025-04-13T11:09:13+00:00\" \/>\n<meta property=\"og:image\" content=\"https:\/\/frenzyplus.com\/wp-content\/uploads\/2025\/03\/main-frenzy-plus-size-odziez-dla-puszystych-xxl-1900-min.jpg\" \/>\n\t<meta property=\"og:image:width\" content=\"960\" \/>\n\t<meta property=\"og:image:height\" content=\"1200\" \/>\n\t<meta property=\"og:image:type\" content=\"image\/jpeg\" \/>\n<meta name=\"twitter:card\" content=\"summary_large_image\" \/>\n<meta name=\"twitter:label1\" content=\"Estimated reading time\" \/>\n\t<meta name=\"twitter:data1\" content=\"1 minute\" \/>\n<script type=\"application\/ld+json\" class=\"yoast-schema-graph\">{\"@context\":\"https:\/\/schema.org\",\"@graph\":[{\"@type\":\"WebPage\",\"@id\":\"https:\/\/frenzyplus.com\/produkt\/boron\/\",\"url\":\"https:\/\/frenzyplus.com\/produkt\/boron\/\",\"name\":\"Boron - sukienka z lnu - Frenzy+ ubrania plus size szyte w Polsce\",\"isPartOf\":{\"@id\":\"https:\/\/frenzyplus.com\/#website\"},\"primaryImageOfPage\":{\"@id\":\"https:\/\/frenzyplus.com\/produkt\/boron\/#primaryimage\"},\"image\":{\"@id\":\"https:\/\/frenzyplus.com\/produkt\/boron\/#primaryimage\"},\"thumbnailUrl\":\"https:\/\/i0.wp.com\/frenzyplus.com\/wp-content\/uploads\/2025\/03\/main-frenzy-plus-size-odziez-dla-puszystych-xxl-1900-min.jpg?fit=960%2C1200&ssl=1\",\"datePublished\":\"2025-03-10T18:16:25+00:00\",\"dateModified\":\"2025-04-13T11:09:13+00:00\",\"description\":\"Boron to zwiewna sukienka w kwiatowy wz\u00f3r. Jest to idealny wyb\u00f3r sukienki dla puszystych kobiet ceni\u0105cych komfort i styl.\",\"breadcrumb\":{\"@id\":\"https:\/\/frenzyplus.com\/produkt\/boron\/#breadcrumb\"},\"inLanguage\":\"en-GB\",\"potentialAction\":[{\"@type\":\"ReadAction\",\"target\":[\"https:\/\/frenzyplus.com\/produkt\/boron\/\"]}]},{\"@type\":\"ImageObject\",\"inLanguage\":\"en-GB\",\"@id\":\"https:\/\/frenzyplus.com\/produkt\/boron\/#primaryimage\",\"url\":\"https:\/\/i0.wp.com\/frenzyplus.com\/wp-content\/uploads\/2025\/03\/main-frenzy-plus-size-odziez-dla-puszystych-xxl-1900-min.jpg?fit=960%2C1200&ssl=1\",\"contentUrl\":\"https:\/\/i0.wp.com\/frenzyplus.com\/wp-content\/uploads\/2025\/03\/main-frenzy-plus-size-odziez-dla-puszystych-xxl-1900-min.jpg?fit=960%2C1200&ssl=1\",\"width\":960,\"height\":1200,\"caption\":\"Boron - z przodu. Sukienka dla puszystych w kwiatowym wzorze maskuj\u0105ca brzuch\"},{\"@type\":\"BreadcrumbList\",\"@id\":\"https:\/\/frenzyplus.com\/produkt\/boron\/#breadcrumb\",\"itemListElement\":[{\"@type\":\"ListItem\",\"position\":1,\"name\":\"Strona g\u0142\u00f3wna\",\"item\":\"https:\/\/frenzyplus.com\/\"},{\"@type\":\"ListItem\",\"position\":2,\"name\":\"Sklep\",\"item\":\"https:\/\/frenzyplus.com\/sklep\/\"},{\"@type\":\"ListItem\",\"position\":3,\"name\":\"Boron\"}]},{\"@type\":\"WebSite\",\"@id\":\"https:\/\/frenzyplus.com\/#website\",\"url\":\"https:\/\/frenzyplus.com\/\",\"name\":\"Frenzyplus\",\"description\":\"Goood size dresses\",\"publisher\":{\"@id\":\"https:\/\/frenzyplus.com\/#organization\"},\"potentialAction\":[{\"@type\":\"SearchAction\",\"target\":{\"@type\":\"EntryPoint\",\"urlTemplate\":\"https:\/\/frenzyplus.com\/?s={search_term_string}\"},\"query-input\":{\"@type\":\"PropertyValueSpecification\",\"valueRequired\":true,\"valueName\":\"search_term_string\"}}],\"inLanguage\":\"en-GB\"},{\"@type\":\"Organization\",\"@id\":\"https:\/\/frenzyplus.com\/#organization\",\"name\":\"Frenzy+\",\"url\":\"https:\/\/frenzyplus.com\/\",\"logo\":{\"@type\":\"ImageObject\",\"inLanguage\":\"en-GB\",\"@id\":\"https:\/\/frenzyplus.com\/#\/schema\/logo\/image\/\",\"url\":\"https:\/\/frenzyplus.com\/wp-content\/uploads\/2025\/11\/Frenzy_logo_black.pdf.avif\",\"contentUrl\":\"https:\/\/frenzyplus.com\/wp-content\/uploads\/2025\/11\/Frenzy_logo_black.pdf.avif\",\"width\":870,\"height\":254,\"caption\":\"Frenzy+\"},\"image\":{\"@id\":\"https:\/\/frenzyplus.com\/#\/schema\/logo\/image\/\"}}]}<\/script>\n<!-- \/ Yoast SEO plugin. -->","yoast_head_json":{"title":"Boron - sukienka z lnu - Frenzy+ ubrania plus size szyte w Polsce","description":"Boron to zwiewna sukienka w kwiatowy wz\u00f3r. Jest to idealny wyb\u00f3r sukienki dla puszystych kobiet ceni\u0105cych komfort i styl.","robots":{"index":"index","follow":"follow","max-snippet":"max-snippet:-1","max-image-preview":"max-image-preview:large","max-video-preview":"max-video-preview:-1"},"canonical":"https:\/\/frenzyplus.com\/en\/product\/boron\/","og_locale":"en_GB","og_type":"article","og_title":"Boron - sukienka z lnu - Frenzy+ ubrania plus size szyte w Polsce","og_description":"Boron to zwiewna sukienka w kwiatowy wz\u00f3r. Jest to idealny wyb\u00f3r sukienki dla puszystych kobiet ceni\u0105cych komfort i styl.","og_url":"https:\/\/frenzyplus.com\/en\/product\/boron\/","og_site_name":"Frenzy+","article_modified_time":"2025-04-13T11:09:13+00:00","og_image":[{"width":960,"height":1200,"url":"https:\/\/frenzyplus.com\/wp-content\/uploads\/2025\/03\/main-frenzy-plus-size-odziez-dla-puszystych-xxl-1900-min.jpg","type":"image\/jpeg"}],"twitter_card":"summary_large_image","twitter_misc":{"Estimated reading time":"1 minute"},"schema":{"@context":"https:\/\/schema.org","@graph":[{"@type":"WebPage","@id":"https:\/\/frenzyplus.com\/produkt\/boron\/","url":"https:\/\/frenzyplus.com\/produkt\/boron\/","name":"Boron - sukienka z lnu - Frenzy+ ubrania plus size szyte w Polsce","isPartOf":{"@id":"https:\/\/frenzyplus.com\/#website"},"primaryImageOfPage":{"@id":"https:\/\/frenzyplus.com\/produkt\/boron\/#primaryimage"},"image":{"@id":"https:\/\/frenzyplus.com\/produkt\/boron\/#primaryimage"},"thumbnailUrl":"https:\/\/i0.wp.com\/frenzyplus.com\/wp-content\/uploads\/2025\/03\/main-frenzy-plus-size-odziez-dla-puszystych-xxl-1900-min.jpg?fit=960%2C1200&ssl=1","datePublished":"2025-03-10T18:16:25+00:00","dateModified":"2025-04-13T11:09:13+00:00","description":"Boron to zwiewna sukienka w kwiatowy wz\u00f3r. Jest to idealny wyb\u00f3r sukienki dla puszystych kobiet ceni\u0105cych komfort i styl.","breadcrumb":{"@id":"https:\/\/frenzyplus.com\/produkt\/boron\/#breadcrumb"},"inLanguage":"en-GB","potentialAction":[{"@type":"ReadAction","target":["https:\/\/frenzyplus.com\/produkt\/boron\/"]}]},{"@type":"ImageObject","inLanguage":"en-GB","@id":"https:\/\/frenzyplus.com\/produkt\/boron\/#primaryimage","url":"https:\/\/i0.wp.com\/frenzyplus.com\/wp-content\/uploads\/2025\/03\/main-frenzy-plus-size-odziez-dla-puszystych-xxl-1900-min.jpg?fit=960%2C1200&ssl=1","contentUrl":"https:\/\/i0.wp.com\/frenzyplus.com\/wp-content\/uploads\/2025\/03\/main-frenzy-plus-size-odziez-dla-puszystych-xxl-1900-min.jpg?fit=960%2C1200&ssl=1","width":960,"height":1200,"caption":"Boron - z przodu. Sukienka dla puszystych w kwiatowym wzorze maskuj\u0105ca brzuch"},{"@type":"BreadcrumbList","@id":"https:\/\/frenzyplus.com\/produkt\/boron\/#breadcrumb","itemListElement":[{"@type":"ListItem","position":1,"name":"Strona g\u0142\u00f3wna","item":"https:\/\/frenzyplus.com\/"},{"@type":"ListItem","position":2,"name":"Sklep","item":"https:\/\/frenzyplus.com\/sklep\/"},{"@type":"ListItem","position":3,"name":"Boron"}]},{"@type":"WebSite","@id":"https:\/\/frenzyplus.com\/#website","url":"https:\/\/frenzyplus.com\/","name":"Frenzyplus","description":"Goood size dresses","publisher":{"@id":"https:\/\/frenzyplus.com\/#organization"},"potentialAction":[{"@type":"SearchAction","target":{"@type":"EntryPoint","urlTemplate":"https:\/\/frenzyplus.com\/?s={search_term_string}"},"query-input":{"@type":"PropertyValueSpecification","valueRequired":true,"valueName":"search_term_string"}}],"inLanguage":"en-GB"},{"@type":"Organization","@id":"https:\/\/frenzyplus.com\/#organization","name":"Frenzy+","url":"https:\/\/frenzyplus.com\/","logo":{"@type":"ImageObject","inLanguage":"en-GB","@id":"https:\/\/frenzyplus.com\/#\/schema\/logo\/image\/","url":"https:\/\/frenzyplus.com\/wp-content\/uploads\/2025\/11\/Frenzy_logo_black.pdf.avif","contentUrl":"https:\/\/frenzyplus.com\/wp-content\/uploads\/2025\/11\/Frenzy_logo_black.pdf.avif","width":870,"height":254,"caption":"Frenzy+"},"image":{"@id":"https:\/\/frenzyplus.com\/#\/schema\/logo\/image\/"}}]}},"jetpack_sharing_enabled":true,"_links":{"self":[{"href":"https:\/\/frenzyplus.com\/en\/wp-json\/wp\/v2\/product\/990","targetHints":{"allow":["GET"]}}],"collection":[{"href":"https:\/\/frenzyplus.com\/en\/wp-json\/wp\/v2\/product"}],"about":[{"href":"https:\/\/frenzyplus.com\/en\/wp-json\/wp\/v2\/types\/product"}],"replies":[{"embeddable":true,"href":"https:\/\/frenzyplus.com\/en\/wp-json\/wp\/v2\/comments?post=990"}],"version-history":[{"count":0,"href":"https:\/\/frenzyplus.com\/en\/wp-json\/wp\/v2\/product\/990\/revisions"}],"wp:featuredmedia":[{"embeddable":true,"href":"https:\/\/frenzyplus.com\/en\/wp-json\/wp\/v2\/media\/1003"}],"wp:attachment":[{"href":"https:\/\/frenzyplus.com\/en\/wp-json\/wp\/v2\/media?parent=990"}],"wp:term":[{"taxonomy":"product_brand","embeddable":true,"href":"https:\/\/frenzyplus.com\/en\/wp-json\/wp\/v2\/product_brand?post=990"},{"taxonomy":"product_cat","embeddable":true,"href":"https:\/\/frenzyplus.com\/en\/wp-json\/wp\/v2\/product_cat?post=990"},{"taxonomy":"product_tag","embeddable":true,"href":"https:\/\/frenzyplus.com\/en\/wp-json\/wp\/v2\/product_tag?post=990"}],"curies":[{"name":"wp","href":"https:\/\/api.w.org\/{rel}","templated":true}]}}