{"id":5359,"date":"2026-03-15T11:04:34","date_gmt":"2026-03-15T10:04:34","guid":{"rendered":"https:\/\/frenzyplus.com\/?post_type=product&#038;p=5359"},"modified":"2026-04-19T20:31:59","modified_gmt":"2026-04-19T18:31:59","slug":"koszula-jeansowa-denim-classic-shirt","status":"publish","type":"product","link":"https:\/\/frenzyplus.com\/en\/product\/koszula-jeansowa-denim-classic-shirt\/","title":{"rendered":"Koszula jeansowa DENIM CLASSIC SHIRT"},"content":{"rendered":"<p class=\"p1\">Ponadczasowa koszula jeansowa damska w klasycznym odcieniu niebieskiego denimu to element garderoby, kt\u00f3ry nigdy nie wychodzi z mody. Lekko dopasowany fason pi\u0119knie uk\u0142ada si\u0119 na sylwetce, a mi\u0119kki denim zapewnia komfort noszenia przez ca\u0142y dzie\u0144. Model zapinany na napy z kieszeniami na piersi doskonale sprawdzi si\u0119 zar\u00f3wno jako koszula, jak i lekka narzutka do wielu stylizacji. To uniwersalny wyb\u00f3r do codziennych outfit\u00f3w \u2013 \u015bwietnie wygl\u0105da z eleganckimi spodniami, jeansami, sp\u00f3dnic\u0105 lub narzucona na top.<\/p>","protected":false},"excerpt":{"rendered":"<p><strong data-start=\"555\" data-end=\"580\">Additional Information:<\/strong><br data-start=\"580\" data-end=\"583\" \/>\u2022 klasyczna koszula jeansowa w stylu casual<br data-start=\"626\" data-end=\"629\" \/>\u2022 zapinana na metalowe napy<br data-start=\"656\" data-end=\"659\" \/>\u2022 dwie kieszenie na piersi z klapk\u0105<br data-start=\"694\" data-end=\"697\" data-is-only-node=\"\" \/>\u2022 mi\u0119kki, komfortowy denim z lekk\u0105 elastyczno\u015bci\u0105<\/p>\n<p><strong data-start=\"944\" data-end=\"964\">Sk\u0142ad materia\u0142u:<\/strong><br data-start=\"964\" data-end=\"967\" \/>\u2022 70% bawe\u0142na<br data-start=\"980\" data-end=\"983\" \/>\u2022 29% poliester<br data-start=\"998\" data-end=\"1001\" \/>\u2022 1% elastan<\/p>","protected":false},"featured_media":5362,"comment_status":"closed","ping_status":"closed","template":"","meta":{"site-sidebar-layout":"default","site-content-layout":"","ast-site-content-layout":"default","site-content-style":"default","site-sidebar-style":"default","ast-global-header-display":"","ast-banner-title-visibility":"","ast-main-header-display":"","ast-hfb-above-header-display":"","ast-hfb-below-header-display":"","ast-hfb-mobile-header-display":"","site-post-title":"","ast-breadcrumbs-content":"","ast-featured-img":"","footer-sml-layout":"","ast-disable-related-posts":"","theme-transparent-header-meta":"default","adv-header-id-meta":"","stick-header-meta":"","header-above-stick-meta":"","header-main-stick-meta":"","header-below-stick-meta":"","astra-migrate-meta-layouts":"set","ast-page-background-enabled":"default","ast-page-background-meta":{"desktop":{"background-color":"var(--ast-global-color-5)","background-image":"","background-repeat":"repeat","background-position":"center center","background-size":"auto","background-attachment":"scroll","background-type":"","background-media":"","overlay-type":"","overlay-color":"","overlay-opacity":"","overlay-gradient":""},"tablet":{"background-color":"","background-image":"","background-repeat":"repeat","background-position":"center center","background-size":"auto","background-attachment":"scroll","background-type":"","background-media":"","overlay-type":"","overlay-color":"","overlay-opacity":"","overlay-gradient":""},"mobile":{"background-color":"","background-image":"","background-repeat":"repeat","background-position":"center center","background-size":"auto","background-attachment":"scroll","background-type":"","background-media":"","overlay-type":"","overlay-color":"","overlay-opacity":"","overlay-gradient":""}},"ast-content-background-meta":{"desktop":{"background-color":"var(--ast-global-color-4)","background-image":"","background-repeat":"repeat","background-position":"center center","background-size":"auto","background-attachment":"scroll","background-type":"","background-media":"","overlay-type":"","overlay-color":"","overlay-opacity":"","overlay-gradient":""},"tablet":{"background-color":"var(--ast-global-color-4)","background-image":"","background-repeat":"repeat","background-position":"center center","background-size":"auto","background-attachment":"scroll","background-type":"","background-media":"","overlay-type":"","overlay-color":"","overlay-opacity":"","overlay-gradient":""},"mobile":{"background-color":"var(--ast-global-color-4)","background-image":"","background-repeat":"repeat","background-position":"center center","background-size":"auto","background-attachment":"scroll","background-type":"","background-media":"","overlay-type":"","overlay-color":"","overlay-opacity":"","overlay-gradient":""}}},"product_brand":[],"product_cat":[310,16],"product_tag":[],"class_list":{"0":"post-5359","1":"product","2":"type-product","3":"status-publish","4":"has-post-thumbnail","6":"product_cat-gorna-czesc-garderoby","7":"product_cat-sklep","8":"desktop-align-left","9":"tablet-align-left","10":"mobile-align-left","12":"first","13":"instock","14":"taxable","15":"shipping-taxable","16":"purchasable","17":"product-type-variable"},"yoast_head":"<!-- This site is optimized with the Yoast SEO plugin v26.8 - https:\/\/yoast.com\/product\/yoast-seo-wordpress\/ -->\n<title>Koszula jeansowa DENIM CLASSIC SHIRT - Frenzy+<\/title>\n<meta name=\"robots\" content=\"index, follow, max-snippet:-1, max-image-preview:large, max-video-preview:-1\" \/>\n<link rel=\"canonical\" href=\"https:\/\/frenzyplus.com\/en\/product\/koszula-jeansowa-denim-classic-shirt\/\" \/>\n<meta property=\"og:locale\" content=\"en_GB\" \/>\n<meta property=\"og:type\" content=\"article\" \/>\n<meta property=\"og:title\" content=\"Koszula jeansowa DENIM CLASSIC SHIRT - Frenzy+\" \/>\n<meta property=\"og:description\" content=\"Dodatkowe informacje:\u2022 klasyczna koszula jeansowa w stylu casual\u2022 zapinana na metalowe napy\u2022 dwie kieszenie na piersi z klapk\u0105\u2022 mi\u0119kki, komfortowy denim z lekk\u0105 elastyczno\u015bci\u0105  Sk\u0142ad materia\u0142u:\u2022 70% bawe\u0142na\u2022 29% poliester\u2022 1% elastan\" \/>\n<meta property=\"og:url\" content=\"https:\/\/frenzyplus.com\/en\/product\/koszula-jeansowa-denim-classic-shirt\/\" \/>\n<meta property=\"og:site_name\" content=\"Frenzy+\" \/>\n<meta property=\"article:modified_time\" content=\"2026-04-19T18:31:59+00:00\" \/>\n<meta property=\"og:image\" content=\"https:\/\/frenzyplus.com\/wp-content\/uploads\/2026\/03\/IMG_5014-scaled.avif\" \/>\n\t<meta property=\"og:image:width\" content=\"1920\" \/>\n\t<meta property=\"og:image:height\" content=\"2560\" \/>\n\t<meta property=\"og:image:type\" content=\"image\/jpeg\" \/>\n<meta name=\"twitter:card\" content=\"summary_large_image\" \/>\n<meta name=\"twitter:label1\" content=\"Estimated reading time\" \/>\n\t<meta name=\"twitter:data1\" content=\"1 minute\" \/>\n<script type=\"application\/ld+json\" class=\"yoast-schema-graph\">{\"@context\":\"https:\/\/schema.org\",\"@graph\":[{\"@type\":\"WebPage\",\"@id\":\"https:\/\/frenzyplus.com\/produkt\/koszula-jeansowa-denim-classic-shirt\/\",\"url\":\"https:\/\/frenzyplus.com\/produkt\/koszula-jeansowa-denim-classic-shirt\/\",\"name\":\"Koszula jeansowa DENIM CLASSIC SHIRT - Frenzy+\",\"isPartOf\":{\"@id\":\"https:\/\/frenzyplus.com\/#website\"},\"primaryImageOfPage\":{\"@id\":\"https:\/\/frenzyplus.com\/produkt\/koszula-jeansowa-denim-classic-shirt\/#primaryimage\"},\"image\":{\"@id\":\"https:\/\/frenzyplus.com\/produkt\/koszula-jeansowa-denim-classic-shirt\/#primaryimage\"},\"thumbnailUrl\":\"https:\/\/frenzyplus.com\/wp-content\/uploads\/2026\/03\/IMG_5014-scaled.avif\",\"datePublished\":\"2026-03-15T10:04:34+00:00\",\"dateModified\":\"2026-04-19T18:31:59+00:00\",\"breadcrumb\":{\"@id\":\"https:\/\/frenzyplus.com\/produkt\/koszula-jeansowa-denim-classic-shirt\/#breadcrumb\"},\"inLanguage\":\"en-GB\",\"potentialAction\":[{\"@type\":\"ReadAction\",\"target\":[\"https:\/\/frenzyplus.com\/produkt\/koszula-jeansowa-denim-classic-shirt\/\"]}]},{\"@type\":\"ImageObject\",\"inLanguage\":\"en-GB\",\"@id\":\"https:\/\/frenzyplus.com\/produkt\/koszula-jeansowa-denim-classic-shirt\/#primaryimage\",\"url\":\"https:\/\/frenzyplus.com\/wp-content\/uploads\/2026\/03\/IMG_5014-scaled.avif\",\"contentUrl\":\"https:\/\/frenzyplus.com\/wp-content\/uploads\/2026\/03\/IMG_5014-scaled.avif\",\"width\":1920,\"height\":2560},{\"@type\":\"BreadcrumbList\",\"@id\":\"https:\/\/frenzyplus.com\/produkt\/koszula-jeansowa-denim-classic-shirt\/#breadcrumb\",\"itemListElement\":[{\"@type\":\"ListItem\",\"position\":1,\"name\":\"Strona g\u0142\u00f3wna\",\"item\":\"https:\/\/frenzyplus.com\/\"},{\"@type\":\"ListItem\",\"position\":2,\"name\":\"Sklep\",\"item\":\"https:\/\/frenzyplus.com\/sklep\/\"},{\"@type\":\"ListItem\",\"position\":3,\"name\":\"Koszula jeansowa DENIM CLASSIC SHIRT\"}]},{\"@type\":\"WebSite\",\"@id\":\"https:\/\/frenzyplus.com\/#website\",\"url\":\"https:\/\/frenzyplus.com\/\",\"name\":\"Frenzyplus\",\"description\":\"Goood size dresses\",\"publisher\":{\"@id\":\"https:\/\/frenzyplus.com\/#organization\"},\"potentialAction\":[{\"@type\":\"SearchAction\",\"target\":{\"@type\":\"EntryPoint\",\"urlTemplate\":\"https:\/\/frenzyplus.com\/?s={search_term_string}\"},\"query-input\":{\"@type\":\"PropertyValueSpecification\",\"valueRequired\":true,\"valueName\":\"search_term_string\"}}],\"inLanguage\":\"en-GB\"},{\"@type\":\"Organization\",\"@id\":\"https:\/\/frenzyplus.com\/#organization\",\"name\":\"Frenzy+\",\"url\":\"https:\/\/frenzyplus.com\/\",\"logo\":{\"@type\":\"ImageObject\",\"inLanguage\":\"en-GB\",\"@id\":\"https:\/\/frenzyplus.com\/#\/schema\/logo\/image\/\",\"url\":\"https:\/\/frenzyplus.com\/wp-content\/uploads\/2025\/11\/Frenzy_logo_black.pdf.avif\",\"contentUrl\":\"https:\/\/frenzyplus.com\/wp-content\/uploads\/2025\/11\/Frenzy_logo_black.pdf.avif\",\"width\":870,\"height\":254,\"caption\":\"Frenzy+\"},\"image\":{\"@id\":\"https:\/\/frenzyplus.com\/#\/schema\/logo\/image\/\"}}]}<\/script>\n<!-- \/ Yoast SEO plugin. -->","yoast_head_json":{"title":"Koszula jeansowa DENIM CLASSIC SHIRT - Frenzy+","robots":{"index":"index","follow":"follow","max-snippet":"max-snippet:-1","max-image-preview":"max-image-preview:large","max-video-preview":"max-video-preview:-1"},"canonical":"https:\/\/frenzyplus.com\/en\/product\/koszula-jeansowa-denim-classic-shirt\/","og_locale":"en_GB","og_type":"article","og_title":"Koszula jeansowa DENIM CLASSIC SHIRT - Frenzy+","og_description":"Dodatkowe informacje:\u2022 klasyczna koszula jeansowa w stylu casual\u2022 zapinana na metalowe napy\u2022 dwie kieszenie na piersi z klapk\u0105\u2022 mi\u0119kki, komfortowy denim z lekk\u0105 elastyczno\u015bci\u0105  Sk\u0142ad materia\u0142u:\u2022 70% bawe\u0142na\u2022 29% poliester\u2022 1% elastan","og_url":"https:\/\/frenzyplus.com\/en\/product\/koszula-jeansowa-denim-classic-shirt\/","og_site_name":"Frenzy+","article_modified_time":"2026-04-19T18:31:59+00:00","og_image":[{"width":1920,"height":2560,"url":"https:\/\/frenzyplus.com\/wp-content\/uploads\/2026\/03\/IMG_5014-scaled.avif","type":"image\/jpeg"}],"twitter_card":"summary_large_image","twitter_misc":{"Estimated reading time":"1 minute"},"schema":{"@context":"https:\/\/schema.org","@graph":[{"@type":"WebPage","@id":"https:\/\/frenzyplus.com\/produkt\/koszula-jeansowa-denim-classic-shirt\/","url":"https:\/\/frenzyplus.com\/produkt\/koszula-jeansowa-denim-classic-shirt\/","name":"Koszula jeansowa DENIM CLASSIC SHIRT - Frenzy+","isPartOf":{"@id":"https:\/\/frenzyplus.com\/#website"},"primaryImageOfPage":{"@id":"https:\/\/frenzyplus.com\/produkt\/koszula-jeansowa-denim-classic-shirt\/#primaryimage"},"image":{"@id":"https:\/\/frenzyplus.com\/produkt\/koszula-jeansowa-denim-classic-shirt\/#primaryimage"},"thumbnailUrl":"https:\/\/frenzyplus.com\/wp-content\/uploads\/2026\/03\/IMG_5014-scaled.avif","datePublished":"2026-03-15T10:04:34+00:00","dateModified":"2026-04-19T18:31:59+00:00","breadcrumb":{"@id":"https:\/\/frenzyplus.com\/produkt\/koszula-jeansowa-denim-classic-shirt\/#breadcrumb"},"inLanguage":"en-GB","potentialAction":[{"@type":"ReadAction","target":["https:\/\/frenzyplus.com\/produkt\/koszula-jeansowa-denim-classic-shirt\/"]}]},{"@type":"ImageObject","inLanguage":"en-GB","@id":"https:\/\/frenzyplus.com\/produkt\/koszula-jeansowa-denim-classic-shirt\/#primaryimage","url":"https:\/\/frenzyplus.com\/wp-content\/uploads\/2026\/03\/IMG_5014-scaled.avif","contentUrl":"https:\/\/frenzyplus.com\/wp-content\/uploads\/2026\/03\/IMG_5014-scaled.avif","width":1920,"height":2560},{"@type":"BreadcrumbList","@id":"https:\/\/frenzyplus.com\/produkt\/koszula-jeansowa-denim-classic-shirt\/#breadcrumb","itemListElement":[{"@type":"ListItem","position":1,"name":"Strona g\u0142\u00f3wna","item":"https:\/\/frenzyplus.com\/"},{"@type":"ListItem","position":2,"name":"Sklep","item":"https:\/\/frenzyplus.com\/sklep\/"},{"@type":"ListItem","position":3,"name":"Koszula jeansowa DENIM CLASSIC SHIRT"}]},{"@type":"WebSite","@id":"https:\/\/frenzyplus.com\/#website","url":"https:\/\/frenzyplus.com\/","name":"Frenzyplus","description":"Goood size dresses","publisher":{"@id":"https:\/\/frenzyplus.com\/#organization"},"potentialAction":[{"@type":"SearchAction","target":{"@type":"EntryPoint","urlTemplate":"https:\/\/frenzyplus.com\/?s={search_term_string}"},"query-input":{"@type":"PropertyValueSpecification","valueRequired":true,"valueName":"search_term_string"}}],"inLanguage":"en-GB"},{"@type":"Organization","@id":"https:\/\/frenzyplus.com\/#organization","name":"Frenzy+","url":"https:\/\/frenzyplus.com\/","logo":{"@type":"ImageObject","inLanguage":"en-GB","@id":"https:\/\/frenzyplus.com\/#\/schema\/logo\/image\/","url":"https:\/\/frenzyplus.com\/wp-content\/uploads\/2025\/11\/Frenzy_logo_black.pdf.avif","contentUrl":"https:\/\/frenzyplus.com\/wp-content\/uploads\/2025\/11\/Frenzy_logo_black.pdf.avif","width":870,"height":254,"caption":"Frenzy+"},"image":{"@id":"https:\/\/frenzyplus.com\/#\/schema\/logo\/image\/"}}]}},"jetpack_sharing_enabled":true,"_links":{"self":[{"href":"https:\/\/frenzyplus.com\/en\/wp-json\/wp\/v2\/product\/5359","targetHints":{"allow":["GET"]}}],"collection":[{"href":"https:\/\/frenzyplus.com\/en\/wp-json\/wp\/v2\/product"}],"about":[{"href":"https:\/\/frenzyplus.com\/en\/wp-json\/wp\/v2\/types\/product"}],"replies":[{"embeddable":true,"href":"https:\/\/frenzyplus.com\/en\/wp-json\/wp\/v2\/comments?post=5359"}],"version-history":[{"count":2,"href":"https:\/\/frenzyplus.com\/en\/wp-json\/wp\/v2\/product\/5359\/revisions"}],"predecessor-version":[{"id":5373,"href":"https:\/\/frenzyplus.com\/en\/wp-json\/wp\/v2\/product\/5359\/revisions\/5373"}],"wp:featuredmedia":[{"embeddable":true,"href":"https:\/\/frenzyplus.com\/en\/wp-json\/wp\/v2\/media\/5362"}],"wp:attachment":[{"href":"https:\/\/frenzyplus.com\/en\/wp-json\/wp\/v2\/media?parent=5359"}],"wp:term":[{"taxonomy":"product_brand","embeddable":true,"href":"https:\/\/frenzyplus.com\/en\/wp-json\/wp\/v2\/product_brand?post=5359"},{"taxonomy":"product_cat","embeddable":true,"href":"https:\/\/frenzyplus.com\/en\/wp-json\/wp\/v2\/product_cat?post=5359"},{"taxonomy":"product_tag","embeddable":true,"href":"https:\/\/frenzyplus.com\/en\/wp-json\/wp\/v2\/product_tag?post=5359"}],"curies":[{"name":"wp","href":"https:\/\/api.w.org\/{rel}","templated":true}]}}