{"id":4609,"date":"2025-12-06T12:53:29","date_gmt":"2025-12-06T11:53:29","guid":{"rendered":"https:\/\/frenzyplus.com\/?post_type=product&#038;p=4609"},"modified":"2026-02-01T03:28:50","modified_gmt":"2026-02-01T02:28:50","slug":"kurtka-puchowa-white-duck-puffy-choco","status":"publish","type":"product","link":"https:\/\/frenzyplus.com\/en\/product\/kurtka-puchowa-white-duck-puffy-choco\/","title":{"rendered":"Kurtka puchowa WHITE DUCK PUFFY CHOCO"},"content":{"rendered":"<p class=\"p1\"><span class=\"s1\">Ciep\u0142a, ultralekka i \u015bwietnie skrojona kurtka PUFFY CHOCO to model, kt\u00f3ry otuli Ci\u0119 w ch\u0142odne dni i jednocze\u015bnie doda stylu ka\u017cdej codziennej stylizacji. Kr\u00f3tszy, pude\u0142kowy kr\u00f3j pi\u0119knie uk\u0142ada si\u0119 na sylwetce, a dopracowane detale tworz\u0105 efekt premium. Kurtka ma g\u0142\u0119boki kaptur z regulacj\u0105, wygodne kieszenie i pikowanie, kt\u00f3re r\u00f3wnomiernie utrzymuje puch, zapewniaj\u0105c maksymalny komfort.<\/span><\/p>\n<p class=\"p1\"><span class=\"s1\">Kolor czekoladowy podkre\u015bli urod\u0119 i \u015bwietnie zgra si\u0119 zar\u00f3wno z jeansami, jak i sportowymi stylizacjami. To model idealny na zim\u0119, lekki, ale bardzo ciep\u0142y dzi\u0119ki wype\u0142nieniu z puchu bia\u0142ej kaczki 90 proc.<\/span><\/p>","protected":false},"excerpt":{"rendered":"<p>Dodatkowe informacje<br \/>\n\u2022 d\u0142ugo\u015b\u0107 ca\u0142kowita 55 cm<br \/>\n\u2022 szeroko\u015b\u0107 w klatce piersiowej 65 cm<br \/>\n\u2022 d\u0142ugo\u015b\u0107 r\u0119kawa 68 cm<br \/>\n\u2022 materia\u0142 wierzchni 100%. nylon<br \/>\n\u2022 podszewka 100 proc. poliester<br \/>\n\u2022 wype\u0142nienie 90 proc. puch bia\u0142ej kaczki plus 10 proc. pierze<br \/>\n\u2022 komfortowy kaptur z regulacj\u0105<br \/>\n\u2022 dwie przednie kieszenie zapinane na napy<br \/>\n\u2022 modelka ma 176 cm wzrostu<\/p>","protected":false},"featured_media":4614,"comment_status":"closed","ping_status":"closed","template":"","meta":{"site-sidebar-layout":"default","site-content-layout":"","ast-site-content-layout":"default","site-content-style":"default","site-sidebar-style":"default","ast-global-header-display":"","ast-banner-title-visibility":"","ast-main-header-display":"","ast-hfb-above-header-display":"","ast-hfb-below-header-display":"","ast-hfb-mobile-header-display":"","site-post-title":"","ast-breadcrumbs-content":"","ast-featured-img":"","footer-sml-layout":"","ast-disable-related-posts":"","theme-transparent-header-meta":"default","adv-header-id-meta":"","stick-header-meta":"","header-above-stick-meta":"","header-main-stick-meta":"","header-below-stick-meta":"","astra-migrate-meta-layouts":"set","ast-page-background-enabled":"default","ast-page-background-meta":{"desktop":{"background-color":"var(--ast-global-color-5)","background-image":"","background-repeat":"repeat","background-position":"center center","background-size":"auto","background-attachment":"scroll","background-type":"","background-media":"","overlay-type":"","overlay-color":"","overlay-opacity":"","overlay-gradient":""},"tablet":{"background-color":"","background-image":"","background-repeat":"repeat","background-position":"center center","background-size":"auto","background-attachment":"scroll","background-type":"","background-media":"","overlay-type":"","overlay-color":"","overlay-opacity":"","overlay-gradient":""},"mobile":{"background-color":"","background-image":"","background-repeat":"repeat","background-position":"center center","background-size":"auto","background-attachment":"scroll","background-type":"","background-media":"","overlay-type":"","overlay-color":"","overlay-opacity":"","overlay-gradient":""}},"ast-content-background-meta":{"desktop":{"background-color":"var(--ast-global-color-4)","background-image":"","background-repeat":"repeat","background-position":"center center","background-size":"auto","background-attachment":"scroll","background-type":"","background-media":"","overlay-type":"","overlay-color":"","overlay-opacity":"","overlay-gradient":""},"tablet":{"background-color":"var(--ast-global-color-4)","background-image":"","background-repeat":"repeat","background-position":"center center","background-size":"auto","background-attachment":"scroll","background-type":"","background-media":"","overlay-type":"","overlay-color":"","overlay-opacity":"","overlay-gradient":""},"mobile":{"background-color":"var(--ast-global-color-4)","background-image":"","background-repeat":"repeat","background-position":"center center","background-size":"auto","background-attachment":"scroll","background-type":"","background-media":"","overlay-type":"","overlay-color":"","overlay-opacity":"","overlay-gradient":""}}},"product_brand":[],"product_cat":[310,16],"product_tag":[],"class_list":{"0":"post-4609","1":"product","2":"type-product","3":"status-publish","4":"has-post-thumbnail","6":"product_cat-gorna-czesc-garderoby","7":"product_cat-sklep","8":"desktop-align-left","9":"tablet-align-left","10":"mobile-align-left","12":"first","13":"outofstock","14":"taxable","15":"shipping-taxable","16":"purchasable","17":"product-type-variable"},"yoast_head":"<!-- This site is optimized with the Yoast SEO plugin v26.8 - https:\/\/yoast.com\/product\/yoast-seo-wordpress\/ -->\n<title>Kurtka puchowa WHITE DUCK PUFFY CHOCO - Frenzy+<\/title>\n<meta name=\"robots\" content=\"index, follow, max-snippet:-1, max-image-preview:large, max-video-preview:-1\" \/>\n<link rel=\"canonical\" href=\"https:\/\/frenzyplus.com\/en\/product\/kurtka-puchowa-white-duck-puffy-choco\/\" \/>\n<meta property=\"og:locale\" content=\"en_GB\" \/>\n<meta property=\"og:type\" content=\"article\" \/>\n<meta property=\"og:title\" content=\"Kurtka puchowa WHITE DUCK PUFFY CHOCO - Frenzy+\" \/>\n<meta property=\"og:description\" content=\"Dodatkowe informacje \u2022 d\u0142ugo\u015b\u0107 ca\u0142kowita 55 cm \u2022 szeroko\u015b\u0107 w klatce piersiowej 65 cm \u2022 d\u0142ugo\u015b\u0107 r\u0119kawa 68 cm \u2022 materia\u0142 wierzchni 100%. nylon \u2022 podszewka 100 proc. poliester \u2022 wype\u0142nienie 90 proc. puch bia\u0142ej kaczki plus 10 proc. pierze \u2022 komfortowy kaptur z regulacj\u0105 \u2022 dwie przednie kieszenie zapinane na napy \u2022 modelka ma 176 cm wzrostu\" \/>\n<meta property=\"og:url\" content=\"https:\/\/frenzyplus.com\/en\/product\/kurtka-puchowa-white-duck-puffy-choco\/\" \/>\n<meta property=\"og:site_name\" content=\"Frenzy+\" \/>\n<meta property=\"article:modified_time\" content=\"2026-02-01T02:28:50+00:00\" \/>\n<meta property=\"og:image\" content=\"https:\/\/frenzyplus.com\/wp-content\/uploads\/2025\/12\/100.avif\" \/>\n\t<meta property=\"og:image:width\" content=\"1080\" \/>\n\t<meta property=\"og:image:height\" content=\"1350\" \/>\n\t<meta property=\"og:image:type\" content=\"image\/jpeg\" \/>\n<meta name=\"twitter:card\" content=\"summary_large_image\" \/>\n<meta name=\"twitter:label1\" content=\"Estimated reading time\" \/>\n\t<meta name=\"twitter:data1\" content=\"1 minute\" \/>\n<script type=\"application\/ld+json\" class=\"yoast-schema-graph\">{\"@context\":\"https:\/\/schema.org\",\"@graph\":[{\"@type\":\"WebPage\",\"@id\":\"https:\/\/frenzyplus.com\/produkt\/kurtka-puchowa-white-duck-puffy-choco\/\",\"url\":\"https:\/\/frenzyplus.com\/produkt\/kurtka-puchowa-white-duck-puffy-choco\/\",\"name\":\"Kurtka puchowa WHITE DUCK PUFFY CHOCO - Frenzy+\",\"isPartOf\":{\"@id\":\"https:\/\/frenzyplus.com\/#website\"},\"primaryImageOfPage\":{\"@id\":\"https:\/\/frenzyplus.com\/produkt\/kurtka-puchowa-white-duck-puffy-choco\/#primaryimage\"},\"image\":{\"@id\":\"https:\/\/frenzyplus.com\/produkt\/kurtka-puchowa-white-duck-puffy-choco\/#primaryimage\"},\"thumbnailUrl\":\"https:\/\/frenzyplus.com\/wp-content\/uploads\/2025\/12\/100.avif\",\"datePublished\":\"2025-12-06T11:53:29+00:00\",\"dateModified\":\"2026-02-01T02:28:50+00:00\",\"breadcrumb\":{\"@id\":\"https:\/\/frenzyplus.com\/produkt\/kurtka-puchowa-white-duck-puffy-choco\/#breadcrumb\"},\"inLanguage\":\"en-GB\",\"potentialAction\":[{\"@type\":\"ReadAction\",\"target\":[\"https:\/\/frenzyplus.com\/produkt\/kurtka-puchowa-white-duck-puffy-choco\/\"]}]},{\"@type\":\"ImageObject\",\"inLanguage\":\"en-GB\",\"@id\":\"https:\/\/frenzyplus.com\/produkt\/kurtka-puchowa-white-duck-puffy-choco\/#primaryimage\",\"url\":\"https:\/\/frenzyplus.com\/wp-content\/uploads\/2025\/12\/100.avif\",\"contentUrl\":\"https:\/\/frenzyplus.com\/wp-content\/uploads\/2025\/12\/100.avif\",\"width\":1080,\"height\":1350},{\"@type\":\"BreadcrumbList\",\"@id\":\"https:\/\/frenzyplus.com\/produkt\/kurtka-puchowa-white-duck-puffy-choco\/#breadcrumb\",\"itemListElement\":[{\"@type\":\"ListItem\",\"position\":1,\"name\":\"Strona g\u0142\u00f3wna\",\"item\":\"https:\/\/frenzyplus.com\/\"},{\"@type\":\"ListItem\",\"position\":2,\"name\":\"Sklep\",\"item\":\"https:\/\/frenzyplus.com\/sklep\/\"},{\"@type\":\"ListItem\",\"position\":3,\"name\":\"Kurtka puchowa WHITE DUCK PUFFY CHOCO\"}]},{\"@type\":\"WebSite\",\"@id\":\"https:\/\/frenzyplus.com\/#website\",\"url\":\"https:\/\/frenzyplus.com\/\",\"name\":\"Frenzyplus\",\"description\":\"Goood size dresses\",\"publisher\":{\"@id\":\"https:\/\/frenzyplus.com\/#organization\"},\"potentialAction\":[{\"@type\":\"SearchAction\",\"target\":{\"@type\":\"EntryPoint\",\"urlTemplate\":\"https:\/\/frenzyplus.com\/?s={search_term_string}\"},\"query-input\":{\"@type\":\"PropertyValueSpecification\",\"valueRequired\":true,\"valueName\":\"search_term_string\"}}],\"inLanguage\":\"en-GB\"},{\"@type\":\"Organization\",\"@id\":\"https:\/\/frenzyplus.com\/#organization\",\"name\":\"Frenzy+\",\"url\":\"https:\/\/frenzyplus.com\/\",\"logo\":{\"@type\":\"ImageObject\",\"inLanguage\":\"en-GB\",\"@id\":\"https:\/\/frenzyplus.com\/#\/schema\/logo\/image\/\",\"url\":\"https:\/\/frenzyplus.com\/wp-content\/uploads\/2025\/11\/Frenzy_logo_black.pdf.avif\",\"contentUrl\":\"https:\/\/frenzyplus.com\/wp-content\/uploads\/2025\/11\/Frenzy_logo_black.pdf.avif\",\"width\":870,\"height\":254,\"caption\":\"Frenzy+\"},\"image\":{\"@id\":\"https:\/\/frenzyplus.com\/#\/schema\/logo\/image\/\"}}]}<\/script>\n<!-- \/ Yoast SEO plugin. -->","yoast_head_json":{"title":"Kurtka puchowa WHITE DUCK PUFFY CHOCO - Frenzy+","robots":{"index":"index","follow":"follow","max-snippet":"max-snippet:-1","max-image-preview":"max-image-preview:large","max-video-preview":"max-video-preview:-1"},"canonical":"https:\/\/frenzyplus.com\/en\/product\/kurtka-puchowa-white-duck-puffy-choco\/","og_locale":"en_GB","og_type":"article","og_title":"Kurtka puchowa WHITE DUCK PUFFY CHOCO - Frenzy+","og_description":"Dodatkowe informacje \u2022 d\u0142ugo\u015b\u0107 ca\u0142kowita 55 cm \u2022 szeroko\u015b\u0107 w klatce piersiowej 65 cm \u2022 d\u0142ugo\u015b\u0107 r\u0119kawa 68 cm \u2022 materia\u0142 wierzchni 100%. nylon \u2022 podszewka 100 proc. poliester \u2022 wype\u0142nienie 90 proc. puch bia\u0142ej kaczki plus 10 proc. pierze \u2022 komfortowy kaptur z regulacj\u0105 \u2022 dwie przednie kieszenie zapinane na napy \u2022 modelka ma 176 cm wzrostu","og_url":"https:\/\/frenzyplus.com\/en\/product\/kurtka-puchowa-white-duck-puffy-choco\/","og_site_name":"Frenzy+","article_modified_time":"2026-02-01T02:28:50+00:00","og_image":[{"width":1080,"height":1350,"url":"https:\/\/frenzyplus.com\/wp-content\/uploads\/2025\/12\/100.avif","type":"image\/jpeg"}],"twitter_card":"summary_large_image","twitter_misc":{"Estimated reading time":"1 minute"},"schema":{"@context":"https:\/\/schema.org","@graph":[{"@type":"WebPage","@id":"https:\/\/frenzyplus.com\/produkt\/kurtka-puchowa-white-duck-puffy-choco\/","url":"https:\/\/frenzyplus.com\/produkt\/kurtka-puchowa-white-duck-puffy-choco\/","name":"Kurtka puchowa WHITE DUCK PUFFY CHOCO - Frenzy+","isPartOf":{"@id":"https:\/\/frenzyplus.com\/#website"},"primaryImageOfPage":{"@id":"https:\/\/frenzyplus.com\/produkt\/kurtka-puchowa-white-duck-puffy-choco\/#primaryimage"},"image":{"@id":"https:\/\/frenzyplus.com\/produkt\/kurtka-puchowa-white-duck-puffy-choco\/#primaryimage"},"thumbnailUrl":"https:\/\/frenzyplus.com\/wp-content\/uploads\/2025\/12\/100.avif","datePublished":"2025-12-06T11:53:29+00:00","dateModified":"2026-02-01T02:28:50+00:00","breadcrumb":{"@id":"https:\/\/frenzyplus.com\/produkt\/kurtka-puchowa-white-duck-puffy-choco\/#breadcrumb"},"inLanguage":"en-GB","potentialAction":[{"@type":"ReadAction","target":["https:\/\/frenzyplus.com\/produkt\/kurtka-puchowa-white-duck-puffy-choco\/"]}]},{"@type":"ImageObject","inLanguage":"en-GB","@id":"https:\/\/frenzyplus.com\/produkt\/kurtka-puchowa-white-duck-puffy-choco\/#primaryimage","url":"https:\/\/frenzyplus.com\/wp-content\/uploads\/2025\/12\/100.avif","contentUrl":"https:\/\/frenzyplus.com\/wp-content\/uploads\/2025\/12\/100.avif","width":1080,"height":1350},{"@type":"BreadcrumbList","@id":"https:\/\/frenzyplus.com\/produkt\/kurtka-puchowa-white-duck-puffy-choco\/#breadcrumb","itemListElement":[{"@type":"ListItem","position":1,"name":"Strona g\u0142\u00f3wna","item":"https:\/\/frenzyplus.com\/"},{"@type":"ListItem","position":2,"name":"Sklep","item":"https:\/\/frenzyplus.com\/sklep\/"},{"@type":"ListItem","position":3,"name":"Kurtka puchowa WHITE DUCK PUFFY CHOCO"}]},{"@type":"WebSite","@id":"https:\/\/frenzyplus.com\/#website","url":"https:\/\/frenzyplus.com\/","name":"Frenzyplus","description":"Goood size dresses","publisher":{"@id":"https:\/\/frenzyplus.com\/#organization"},"potentialAction":[{"@type":"SearchAction","target":{"@type":"EntryPoint","urlTemplate":"https:\/\/frenzyplus.com\/?s={search_term_string}"},"query-input":{"@type":"PropertyValueSpecification","valueRequired":true,"valueName":"search_term_string"}}],"inLanguage":"en-GB"},{"@type":"Organization","@id":"https:\/\/frenzyplus.com\/#organization","name":"Frenzy+","url":"https:\/\/frenzyplus.com\/","logo":{"@type":"ImageObject","inLanguage":"en-GB","@id":"https:\/\/frenzyplus.com\/#\/schema\/logo\/image\/","url":"https:\/\/frenzyplus.com\/wp-content\/uploads\/2025\/11\/Frenzy_logo_black.pdf.avif","contentUrl":"https:\/\/frenzyplus.com\/wp-content\/uploads\/2025\/11\/Frenzy_logo_black.pdf.avif","width":870,"height":254,"caption":"Frenzy+"},"image":{"@id":"https:\/\/frenzyplus.com\/#\/schema\/logo\/image\/"}}]}},"jetpack_sharing_enabled":true,"_links":{"self":[{"href":"https:\/\/frenzyplus.com\/en\/wp-json\/wp\/v2\/product\/4609","targetHints":{"allow":["GET"]}}],"collection":[{"href":"https:\/\/frenzyplus.com\/en\/wp-json\/wp\/v2\/product"}],"about":[{"href":"https:\/\/frenzyplus.com\/en\/wp-json\/wp\/v2\/types\/product"}],"replies":[{"embeddable":true,"href":"https:\/\/frenzyplus.com\/en\/wp-json\/wp\/v2\/comments?post=4609"}],"version-history":[{"count":1,"href":"https:\/\/frenzyplus.com\/en\/wp-json\/wp\/v2\/product\/4609\/revisions"}],"predecessor-version":[{"id":4617,"href":"https:\/\/frenzyplus.com\/en\/wp-json\/wp\/v2\/product\/4609\/revisions\/4617"}],"wp:featuredmedia":[{"embeddable":true,"href":"https:\/\/frenzyplus.com\/en\/wp-json\/wp\/v2\/media\/4614"}],"wp:attachment":[{"href":"https:\/\/frenzyplus.com\/en\/wp-json\/wp\/v2\/media?parent=4609"}],"wp:term":[{"taxonomy":"product_brand","embeddable":true,"href":"https:\/\/frenzyplus.com\/en\/wp-json\/wp\/v2\/product_brand?post=4609"},{"taxonomy":"product_cat","embeddable":true,"href":"https:\/\/frenzyplus.com\/en\/wp-json\/wp\/v2\/product_cat?post=4609"},{"taxonomy":"product_tag","embeddable":true,"href":"https:\/\/frenzyplus.com\/en\/wp-json\/wp\/v2\/product_tag?post=4609"}],"curies":[{"name":"wp","href":"https:\/\/api.w.org\/{rel}","templated":true}]}}