{"id":4075,"date":"2025-11-23T15:34:07","date_gmt":"2025-11-23T14:34:07","guid":{"rendered":"https:\/\/frenzyplus.com\/?post_type=product&#038;p=4075"},"modified":"2026-02-25T14:00:36","modified_gmt":"2026-02-25T13:00:36","slug":"golf-second-skin-softy-czarny","status":"publish","type":"product","link":"https:\/\/frenzyplus.com\/en\/product\/golf-second-skin-softy-czarny\/","title":{"rendered":"Golf second skin SOFTY &#8211; czarny"},"content":{"rendered":"<p class=\"p1\"><span class=\"s1\">Czarny golf to absolutny klasyk, kt\u00f3ry potrafi zrobi\u0107 ca\u0142\u0105 stylizacj\u0119. Ten model wyr\u00f3\u017cnia si\u0119 g\u0142adk\u0105, elastyczn\u0105 dzianin\u0105 i eleganck\u0105 st\u00f3jk\u0105, dzi\u0119ki kt\u00f3rym ca\u0142o\u015b\u0107 prezentuje si\u0119 wyj\u0105tkowo szykownie i nowocze\u015bnie. Czer\u0144 wysmukla, podkre\u015bla rysy twarzy i \u015bwietnie \u0142\u0105czy si\u0119 z ka\u017cdym kolorem w szafie, dlatego ten golf sprawdzi si\u0119 zar\u00f3wno w casualowych zestawach, jak i bardziej wyrafinowanych lookach wieczornych. To idealna baza, gdy zale\u017cy Ci na prostocie, minimalizmie i klasie w jednym.<\/span><\/p>","protected":false},"excerpt":{"rendered":"<p>Additional Information:<br \/>\n\u2022 Sk\u0142ad: 55% wiskoza, 35% poliester, 10% elastan<br \/>\n\u2022 Kolor: czarny<br \/>\n\u2022 Fason: dopasowany, elastyczny<br \/>\n\u2022 Wyko\u0144czenie: mi\u0119kka st\u00f3jka, g\u0142adka dzianina<br \/>\n\u2022 Jeden rozmiar<br \/>\n\u2022 Modelka ma 176 cm wzrostu<\/p>","protected":false},"featured_media":4079,"comment_status":"closed","ping_status":"closed","template":"","meta":{"site-sidebar-layout":"default","site-content-layout":"","ast-site-content-layout":"default","site-content-style":"default","site-sidebar-style":"default","ast-global-header-display":"","ast-banner-title-visibility":"","ast-main-header-display":"","ast-hfb-above-header-display":"","ast-hfb-below-header-display":"","ast-hfb-mobile-header-display":"","site-post-title":"","ast-breadcrumbs-content":"","ast-featured-img":"","footer-sml-layout":"","ast-disable-related-posts":"","theme-transparent-header-meta":"default","adv-header-id-meta":"","stick-header-meta":"","header-above-stick-meta":"","header-main-stick-meta":"","header-below-stick-meta":"","astra-migrate-meta-layouts":"set","ast-page-background-enabled":"default","ast-page-background-meta":{"desktop":{"background-color":"var(--ast-global-color-5)","background-image":"","background-repeat":"repeat","background-position":"center center","background-size":"auto","background-attachment":"scroll","background-type":"","background-media":"","overlay-type":"","overlay-color":"","overlay-opacity":"","overlay-gradient":""},"tablet":{"background-color":"","background-image":"","background-repeat":"repeat","background-position":"center center","background-size":"auto","background-attachment":"scroll","background-type":"","background-media":"","overlay-type":"","overlay-color":"","overlay-opacity":"","overlay-gradient":""},"mobile":{"background-color":"","background-image":"","background-repeat":"repeat","background-position":"center center","background-size":"auto","background-attachment":"scroll","background-type":"","background-media":"","overlay-type":"","overlay-color":"","overlay-opacity":"","overlay-gradient":""}},"ast-content-background-meta":{"desktop":{"background-color":"var(--ast-global-color-4)","background-image":"","background-repeat":"repeat","background-position":"center center","background-size":"auto","background-attachment":"scroll","background-type":"","background-media":"","overlay-type":"","overlay-color":"","overlay-opacity":"","overlay-gradient":""},"tablet":{"background-color":"var(--ast-global-color-4)","background-image":"","background-repeat":"repeat","background-position":"center center","background-size":"auto","background-attachment":"scroll","background-type":"","background-media":"","overlay-type":"","overlay-color":"","overlay-opacity":"","overlay-gradient":""},"mobile":{"background-color":"var(--ast-global-color-4)","background-image":"","background-repeat":"repeat","background-position":"center center","background-size":"auto","background-attachment":"scroll","background-type":"","background-media":"","overlay-type":"","overlay-color":"","overlay-opacity":"","overlay-gradient":""}}},"product_brand":[],"product_cat":[310,16],"product_tag":[],"class_list":{"0":"post-4075","1":"product","2":"type-product","3":"status-publish","4":"has-post-thumbnail","6":"product_cat-gorna-czesc-garderoby","7":"product_cat-sklep","8":"desktop-align-left","9":"tablet-align-left","10":"mobile-align-left","12":"first","13":"instock","14":"taxable","15":"shipping-taxable","16":"purchasable","17":"product-type-variable"},"yoast_head":"<!-- This site is optimized with the Yoast SEO plugin v26.8 - https:\/\/yoast.com\/product\/yoast-seo-wordpress\/ -->\n<title>Golf second skin SOFTY - czarny - Frenzy+<\/title>\n<meta name=\"robots\" content=\"index, follow, max-snippet:-1, max-image-preview:large, max-video-preview:-1\" \/>\n<link rel=\"canonical\" href=\"https:\/\/frenzyplus.com\/en\/product\/golf-second-skin-softy-czarny\/\" \/>\n<meta property=\"og:locale\" content=\"en_GB\" \/>\n<meta property=\"og:type\" content=\"article\" \/>\n<meta property=\"og:title\" content=\"Golf second skin SOFTY - czarny - Frenzy+\" \/>\n<meta property=\"og:description\" content=\"Dodatkowe informacje: \u2022 Sk\u0142ad: 55% wiskoza, 35% poliester, 10% elastan \u2022 Kolor: czarny \u2022 Fason: dopasowany, elastyczny \u2022 Wyko\u0144czenie: mi\u0119kka st\u00f3jka, g\u0142adka dzianina \u2022 Jeden rozmiar \u2022 Modelka ma 176 cm wzrostu\" \/>\n<meta property=\"og:url\" content=\"https:\/\/frenzyplus.com\/en\/product\/golf-second-skin-softy-czarny\/\" \/>\n<meta property=\"og:site_name\" content=\"Frenzy+\" \/>\n<meta property=\"article:modified_time\" content=\"2026-02-25T13:00:36+00:00\" \/>\n<meta property=\"og:image\" content=\"https:\/\/frenzyplus.com\/wp-content\/uploads\/2025\/11\/91.avif\" \/>\n\t<meta property=\"og:image:width\" content=\"1080\" \/>\n\t<meta property=\"og:image:height\" content=\"1350\" \/>\n\t<meta property=\"og:image:type\" content=\"image\/png\" \/>\n<meta name=\"twitter:card\" content=\"summary_large_image\" \/>\n<meta name=\"twitter:label1\" content=\"Estimated reading time\" \/>\n\t<meta name=\"twitter:data1\" content=\"1 minute\" \/>\n<script type=\"application\/ld+json\" class=\"yoast-schema-graph\">{\"@context\":\"https:\/\/schema.org\",\"@graph\":[{\"@type\":\"WebPage\",\"@id\":\"https:\/\/frenzyplus.com\/produkt\/golf-second-skin-softy-czarny\/\",\"url\":\"https:\/\/frenzyplus.com\/produkt\/golf-second-skin-softy-czarny\/\",\"name\":\"Golf second skin SOFTY - czarny - Frenzy+\",\"isPartOf\":{\"@id\":\"https:\/\/frenzyplus.com\/#website\"},\"primaryImageOfPage\":{\"@id\":\"https:\/\/frenzyplus.com\/produkt\/golf-second-skin-softy-czarny\/#primaryimage\"},\"image\":{\"@id\":\"https:\/\/frenzyplus.com\/produkt\/golf-second-skin-softy-czarny\/#primaryimage\"},\"thumbnailUrl\":\"https:\/\/frenzyplus.com\/wp-content\/uploads\/2025\/11\/91.avif\",\"datePublished\":\"2025-11-23T14:34:07+00:00\",\"dateModified\":\"2026-02-25T13:00:36+00:00\",\"breadcrumb\":{\"@id\":\"https:\/\/frenzyplus.com\/produkt\/golf-second-skin-softy-czarny\/#breadcrumb\"},\"inLanguage\":\"en-GB\",\"potentialAction\":[{\"@type\":\"ReadAction\",\"target\":[\"https:\/\/frenzyplus.com\/produkt\/golf-second-skin-softy-czarny\/\"]}]},{\"@type\":\"ImageObject\",\"inLanguage\":\"en-GB\",\"@id\":\"https:\/\/frenzyplus.com\/produkt\/golf-second-skin-softy-czarny\/#primaryimage\",\"url\":\"https:\/\/frenzyplus.com\/wp-content\/uploads\/2025\/11\/91.avif\",\"contentUrl\":\"https:\/\/frenzyplus.com\/wp-content\/uploads\/2025\/11\/91.avif\",\"width\":1080,\"height\":1350},{\"@type\":\"BreadcrumbList\",\"@id\":\"https:\/\/frenzyplus.com\/produkt\/golf-second-skin-softy-czarny\/#breadcrumb\",\"itemListElement\":[{\"@type\":\"ListItem\",\"position\":1,\"name\":\"Strona g\u0142\u00f3wna\",\"item\":\"https:\/\/frenzyplus.com\/\"},{\"@type\":\"ListItem\",\"position\":2,\"name\":\"Sklep\",\"item\":\"https:\/\/frenzyplus.com\/sklep\/\"},{\"@type\":\"ListItem\",\"position\":3,\"name\":\"Golf second skin SOFTY &#8211; czarny\"}]},{\"@type\":\"WebSite\",\"@id\":\"https:\/\/frenzyplus.com\/#website\",\"url\":\"https:\/\/frenzyplus.com\/\",\"name\":\"Frenzyplus\",\"description\":\"Goood size dresses\",\"publisher\":{\"@id\":\"https:\/\/frenzyplus.com\/#organization\"},\"potentialAction\":[{\"@type\":\"SearchAction\",\"target\":{\"@type\":\"EntryPoint\",\"urlTemplate\":\"https:\/\/frenzyplus.com\/?s={search_term_string}\"},\"query-input\":{\"@type\":\"PropertyValueSpecification\",\"valueRequired\":true,\"valueName\":\"search_term_string\"}}],\"inLanguage\":\"en-GB\"},{\"@type\":\"Organization\",\"@id\":\"https:\/\/frenzyplus.com\/#organization\",\"name\":\"Frenzy+\",\"url\":\"https:\/\/frenzyplus.com\/\",\"logo\":{\"@type\":\"ImageObject\",\"inLanguage\":\"en-GB\",\"@id\":\"https:\/\/frenzyplus.com\/#\/schema\/logo\/image\/\",\"url\":\"https:\/\/frenzyplus.com\/wp-content\/uploads\/2025\/11\/Frenzy_logo_black.pdf.avif\",\"contentUrl\":\"https:\/\/frenzyplus.com\/wp-content\/uploads\/2025\/11\/Frenzy_logo_black.pdf.avif\",\"width\":870,\"height\":254,\"caption\":\"Frenzy+\"},\"image\":{\"@id\":\"https:\/\/frenzyplus.com\/#\/schema\/logo\/image\/\"}}]}<\/script>\n<!-- \/ Yoast SEO plugin. -->","yoast_head_json":{"title":"Golf second skin SOFTY - czarny - Frenzy+","robots":{"index":"index","follow":"follow","max-snippet":"max-snippet:-1","max-image-preview":"max-image-preview:large","max-video-preview":"max-video-preview:-1"},"canonical":"https:\/\/frenzyplus.com\/en\/product\/golf-second-skin-softy-czarny\/","og_locale":"en_GB","og_type":"article","og_title":"Golf second skin SOFTY - czarny - Frenzy+","og_description":"Dodatkowe informacje: \u2022 Sk\u0142ad: 55% wiskoza, 35% poliester, 10% elastan \u2022 Kolor: czarny \u2022 Fason: dopasowany, elastyczny \u2022 Wyko\u0144czenie: mi\u0119kka st\u00f3jka, g\u0142adka dzianina \u2022 Jeden rozmiar \u2022 Modelka ma 176 cm wzrostu","og_url":"https:\/\/frenzyplus.com\/en\/product\/golf-second-skin-softy-czarny\/","og_site_name":"Frenzy+","article_modified_time":"2026-02-25T13:00:36+00:00","og_image":[{"width":1080,"height":1350,"url":"https:\/\/frenzyplus.com\/wp-content\/uploads\/2025\/11\/91.avif","type":"image\/png"}],"twitter_card":"summary_large_image","twitter_misc":{"Estimated reading time":"1 minute"},"schema":{"@context":"https:\/\/schema.org","@graph":[{"@type":"WebPage","@id":"https:\/\/frenzyplus.com\/produkt\/golf-second-skin-softy-czarny\/","url":"https:\/\/frenzyplus.com\/produkt\/golf-second-skin-softy-czarny\/","name":"Golf second skin SOFTY - czarny - Frenzy+","isPartOf":{"@id":"https:\/\/frenzyplus.com\/#website"},"primaryImageOfPage":{"@id":"https:\/\/frenzyplus.com\/produkt\/golf-second-skin-softy-czarny\/#primaryimage"},"image":{"@id":"https:\/\/frenzyplus.com\/produkt\/golf-second-skin-softy-czarny\/#primaryimage"},"thumbnailUrl":"https:\/\/frenzyplus.com\/wp-content\/uploads\/2025\/11\/91.avif","datePublished":"2025-11-23T14:34:07+00:00","dateModified":"2026-02-25T13:00:36+00:00","breadcrumb":{"@id":"https:\/\/frenzyplus.com\/produkt\/golf-second-skin-softy-czarny\/#breadcrumb"},"inLanguage":"en-GB","potentialAction":[{"@type":"ReadAction","target":["https:\/\/frenzyplus.com\/produkt\/golf-second-skin-softy-czarny\/"]}]},{"@type":"ImageObject","inLanguage":"en-GB","@id":"https:\/\/frenzyplus.com\/produkt\/golf-second-skin-softy-czarny\/#primaryimage","url":"https:\/\/frenzyplus.com\/wp-content\/uploads\/2025\/11\/91.avif","contentUrl":"https:\/\/frenzyplus.com\/wp-content\/uploads\/2025\/11\/91.avif","width":1080,"height":1350},{"@type":"BreadcrumbList","@id":"https:\/\/frenzyplus.com\/produkt\/golf-second-skin-softy-czarny\/#breadcrumb","itemListElement":[{"@type":"ListItem","position":1,"name":"Strona g\u0142\u00f3wna","item":"https:\/\/frenzyplus.com\/"},{"@type":"ListItem","position":2,"name":"Sklep","item":"https:\/\/frenzyplus.com\/sklep\/"},{"@type":"ListItem","position":3,"name":"Golf second skin SOFTY &#8211; czarny"}]},{"@type":"WebSite","@id":"https:\/\/frenzyplus.com\/#website","url":"https:\/\/frenzyplus.com\/","name":"Frenzyplus","description":"Goood size dresses","publisher":{"@id":"https:\/\/frenzyplus.com\/#organization"},"potentialAction":[{"@type":"SearchAction","target":{"@type":"EntryPoint","urlTemplate":"https:\/\/frenzyplus.com\/?s={search_term_string}"},"query-input":{"@type":"PropertyValueSpecification","valueRequired":true,"valueName":"search_term_string"}}],"inLanguage":"en-GB"},{"@type":"Organization","@id":"https:\/\/frenzyplus.com\/#organization","name":"Frenzy+","url":"https:\/\/frenzyplus.com\/","logo":{"@type":"ImageObject","inLanguage":"en-GB","@id":"https:\/\/frenzyplus.com\/#\/schema\/logo\/image\/","url":"https:\/\/frenzyplus.com\/wp-content\/uploads\/2025\/11\/Frenzy_logo_black.pdf.avif","contentUrl":"https:\/\/frenzyplus.com\/wp-content\/uploads\/2025\/11\/Frenzy_logo_black.pdf.avif","width":870,"height":254,"caption":"Frenzy+"},"image":{"@id":"https:\/\/frenzyplus.com\/#\/schema\/logo\/image\/"}}]}},"jetpack_sharing_enabled":true,"_links":{"self":[{"href":"https:\/\/frenzyplus.com\/en\/wp-json\/wp\/v2\/product\/4075","targetHints":{"allow":["GET"]}}],"collection":[{"href":"https:\/\/frenzyplus.com\/en\/wp-json\/wp\/v2\/product"}],"about":[{"href":"https:\/\/frenzyplus.com\/en\/wp-json\/wp\/v2\/types\/product"}],"replies":[{"embeddable":true,"href":"https:\/\/frenzyplus.com\/en\/wp-json\/wp\/v2\/comments?post=4075"}],"version-history":[{"count":1,"href":"https:\/\/frenzyplus.com\/en\/wp-json\/wp\/v2\/product\/4075\/revisions"}],"predecessor-version":[{"id":4714,"href":"https:\/\/frenzyplus.com\/en\/wp-json\/wp\/v2\/product\/4075\/revisions\/4714"}],"wp:featuredmedia":[{"embeddable":true,"href":"https:\/\/frenzyplus.com\/en\/wp-json\/wp\/v2\/media\/4079"}],"wp:attachment":[{"href":"https:\/\/frenzyplus.com\/en\/wp-json\/wp\/v2\/media?parent=4075"}],"wp:term":[{"taxonomy":"product_brand","embeddable":true,"href":"https:\/\/frenzyplus.com\/en\/wp-json\/wp\/v2\/product_brand?post=4075"},{"taxonomy":"product_cat","embeddable":true,"href":"https:\/\/frenzyplus.com\/en\/wp-json\/wp\/v2\/product_cat?post=4075"},{"taxonomy":"product_tag","embeddable":true,"href":"https:\/\/frenzyplus.com\/en\/wp-json\/wp\/v2\/product_tag?post=4075"}],"curies":[{"name":"wp","href":"https:\/\/api.w.org\/{rel}","templated":true}]}}