{"id":3696,"date":"2025-11-09T14:24:16","date_gmt":"2025-11-09T13:24:16","guid":{"rendered":"https:\/\/frenzyplus.com\/?post_type=product&#038;p=3696"},"modified":"2026-03-08T22:30:36","modified_gmt":"2026-03-08T21:30:36","slug":"koszula-w-krate-hazel-brazowa","status":"publish","type":"product","link":"https:\/\/frenzyplus.com\/en\/product\/koszula-w-krate-hazel-brazowa\/","title":{"rendered":"Koszula w krat\u0119 HAZEL &#8211; br\u0105zowa"},"content":{"rendered":"<p>Mi\u0119kka, oversize\u2019owa koszula w odcieniach br\u0105zu, be\u017cu i ecru. Ma obni\u017con\u0105 lini\u0119 ramion, klasyczny ko\u0142nierzyk, zapi\u0119cie na guziki i kiesze\u0144 na piersi. Przyjemny w dotyku materia\u0142 uk\u0142ada si\u0119 swobodnie, dzi\u0119ki czemu koszul\u0119 mo\u017cesz nosi\u0107 samodzielnie lub jako lekk\u0105 narzutk\u0119 na top. Sprawdzi si\u0119 z d\u017cinsami, spodniami z wysokim stanem albo legginsami.<\/p>\n<p>&nbsp;<\/p>\n<p>&nbsp;<\/p>","protected":false},"excerpt":{"rendered":"<p><strong>Additional Information:<\/strong><br \/>\n\u2022 Sk\u0142ad: 75% bawe\u0142na, 25% akryl<br \/>\n\u2022 Kolor: br\u0105zowa<br \/>\n\u2022 Kr\u00f3j: oversize z obni\u017conym r\u0119kawem<br \/>\n\u2022 Zapi\u0119cie: na guziki<br \/>\n\u2022 D\u0142ugo\u015b\u0107 ca\u0142kowita: 77 cm<\/p>\n<p>Modelka ma 176 cm wzrostu.<\/p>","protected":false},"featured_media":3697,"comment_status":"closed","ping_status":"closed","template":"","meta":{"site-sidebar-layout":"default","site-content-layout":"","ast-site-content-layout":"default","site-content-style":"default","site-sidebar-style":"default","ast-global-header-display":"","ast-banner-title-visibility":"","ast-main-header-display":"","ast-hfb-above-header-display":"","ast-hfb-below-header-display":"","ast-hfb-mobile-header-display":"","site-post-title":"","ast-breadcrumbs-content":"","ast-featured-img":"","footer-sml-layout":"","ast-disable-related-posts":"","theme-transparent-header-meta":"default","adv-header-id-meta":"","stick-header-meta":"","header-above-stick-meta":"","header-main-stick-meta":"","header-below-stick-meta":"","astra-migrate-meta-layouts":"set","ast-page-background-enabled":"default","ast-page-background-meta":{"desktop":{"background-color":"var(--ast-global-color-5)","background-image":"","background-repeat":"repeat","background-position":"center center","background-size":"auto","background-attachment":"scroll","background-type":"","background-media":"","overlay-type":"","overlay-color":"","overlay-opacity":"","overlay-gradient":""},"tablet":{"background-color":"","background-image":"","background-repeat":"repeat","background-position":"center center","background-size":"auto","background-attachment":"scroll","background-type":"","background-media":"","overlay-type":"","overlay-color":"","overlay-opacity":"","overlay-gradient":""},"mobile":{"background-color":"","background-image":"","background-repeat":"repeat","background-position":"center center","background-size":"auto","background-attachment":"scroll","background-type":"","background-media":"","overlay-type":"","overlay-color":"","overlay-opacity":"","overlay-gradient":""}},"ast-content-background-meta":{"desktop":{"background-color":"var(--ast-global-color-4)","background-image":"","background-repeat":"repeat","background-position":"center center","background-size":"auto","background-attachment":"scroll","background-type":"","background-media":"","overlay-type":"","overlay-color":"","overlay-opacity":"","overlay-gradient":""},"tablet":{"background-color":"var(--ast-global-color-4)","background-image":"","background-repeat":"repeat","background-position":"center center","background-size":"auto","background-attachment":"scroll","background-type":"","background-media":"","overlay-type":"","overlay-color":"","overlay-opacity":"","overlay-gradient":""},"mobile":{"background-color":"var(--ast-global-color-4)","background-image":"","background-repeat":"repeat","background-position":"center center","background-size":"auto","background-attachment":"scroll","background-type":"","background-media":"","overlay-type":"","overlay-color":"","overlay-opacity":"","overlay-gradient":""}}},"product_brand":[],"product_cat":[310,16],"product_tag":[],"class_list":{"0":"post-3696","1":"product","2":"type-product","3":"status-publish","4":"has-post-thumbnail","6":"product_cat-gorna-czesc-garderoby","7":"product_cat-sklep","8":"desktop-align-left","9":"tablet-align-left","10":"mobile-align-left","12":"first","13":"outofstock","14":"taxable","15":"shipping-taxable","16":"purchasable","17":"product-type-variable","18":"has-default-attributes"},"yoast_head":"<!-- This site is optimized with the Yoast SEO plugin v26.8 - https:\/\/yoast.com\/product\/yoast-seo-wordpress\/ -->\n<title>Koszula w krat\u0119 HAZEL - br\u0105zowa - Frenzy+<\/title>\n<meta name=\"robots\" content=\"index, follow, max-snippet:-1, max-image-preview:large, max-video-preview:-1\" \/>\n<link rel=\"canonical\" href=\"https:\/\/frenzyplus.com\/en\/product\/koszula-w-krate-hazel-brazowa\/\" \/>\n<meta property=\"og:locale\" content=\"en_GB\" \/>\n<meta property=\"og:type\" content=\"article\" \/>\n<meta property=\"og:title\" content=\"Koszula w krat\u0119 HAZEL - br\u0105zowa - Frenzy+\" \/>\n<meta property=\"og:description\" content=\"Dodatkowe informacje: \u2022 Sk\u0142ad: 75% bawe\u0142na, 25% akryl \u2022 Kolor: br\u0105zowa \u2022 Kr\u00f3j: oversize z obni\u017conym r\u0119kawem \u2022 Zapi\u0119cie: na guziki \u2022 D\u0142ugo\u015b\u0107 ca\u0142kowita: 77 cm  Modelka ma 176 cm wzrostu.\" \/>\n<meta property=\"og:url\" content=\"https:\/\/frenzyplus.com\/en\/product\/koszula-w-krate-hazel-brazowa\/\" \/>\n<meta property=\"og:site_name\" content=\"Frenzy+\" \/>\n<meta property=\"article:modified_time\" content=\"2026-03-08T21:30:36+00:00\" \/>\n<meta property=\"og:image\" content=\"https:\/\/frenzyplus.com\/wp-content\/uploads\/2025\/11\/42-1.avif\" \/>\n\t<meta property=\"og:image:width\" content=\"1080\" \/>\n\t<meta property=\"og:image:height\" content=\"1350\" \/>\n\t<meta property=\"og:image:type\" content=\"image\/jpeg\" \/>\n<meta name=\"twitter:card\" content=\"summary_large_image\" \/>\n<meta name=\"twitter:label1\" content=\"Estimated reading time\" \/>\n\t<meta name=\"twitter:data1\" content=\"1 minute\" \/>\n<script type=\"application\/ld+json\" class=\"yoast-schema-graph\">{\"@context\":\"https:\/\/schema.org\",\"@graph\":[{\"@type\":\"WebPage\",\"@id\":\"https:\/\/frenzyplus.com\/produkt\/koszula-w-krate-hazel-brazowa\/\",\"url\":\"https:\/\/frenzyplus.com\/produkt\/koszula-w-krate-hazel-brazowa\/\",\"name\":\"Koszula w krat\u0119 HAZEL - br\u0105zowa - Frenzy+\",\"isPartOf\":{\"@id\":\"https:\/\/frenzyplus.com\/#website\"},\"primaryImageOfPage\":{\"@id\":\"https:\/\/frenzyplus.com\/produkt\/koszula-w-krate-hazel-brazowa\/#primaryimage\"},\"image\":{\"@id\":\"https:\/\/frenzyplus.com\/produkt\/koszula-w-krate-hazel-brazowa\/#primaryimage\"},\"thumbnailUrl\":\"https:\/\/frenzyplus.com\/wp-content\/uploads\/2025\/11\/42-1.avif\",\"datePublished\":\"2025-11-09T13:24:16+00:00\",\"dateModified\":\"2026-03-08T21:30:36+00:00\",\"breadcrumb\":{\"@id\":\"https:\/\/frenzyplus.com\/produkt\/koszula-w-krate-hazel-brazowa\/#breadcrumb\"},\"inLanguage\":\"en-GB\",\"potentialAction\":[{\"@type\":\"ReadAction\",\"target\":[\"https:\/\/frenzyplus.com\/produkt\/koszula-w-krate-hazel-brazowa\/\"]}]},{\"@type\":\"ImageObject\",\"inLanguage\":\"en-GB\",\"@id\":\"https:\/\/frenzyplus.com\/produkt\/koszula-w-krate-hazel-brazowa\/#primaryimage\",\"url\":\"https:\/\/frenzyplus.com\/wp-content\/uploads\/2025\/11\/42-1.avif\",\"contentUrl\":\"https:\/\/frenzyplus.com\/wp-content\/uploads\/2025\/11\/42-1.avif\",\"width\":1080,\"height\":1350},{\"@type\":\"BreadcrumbList\",\"@id\":\"https:\/\/frenzyplus.com\/produkt\/koszula-w-krate-hazel-brazowa\/#breadcrumb\",\"itemListElement\":[{\"@type\":\"ListItem\",\"position\":1,\"name\":\"Strona g\u0142\u00f3wna\",\"item\":\"https:\/\/frenzyplus.com\/\"},{\"@type\":\"ListItem\",\"position\":2,\"name\":\"Sklep\",\"item\":\"https:\/\/frenzyplus.com\/sklep\/\"},{\"@type\":\"ListItem\",\"position\":3,\"name\":\"Koszula w krat\u0119 HAZEL &#8211; br\u0105zowa\"}]},{\"@type\":\"WebSite\",\"@id\":\"https:\/\/frenzyplus.com\/#website\",\"url\":\"https:\/\/frenzyplus.com\/\",\"name\":\"Frenzyplus\",\"description\":\"Goood size dresses\",\"publisher\":{\"@id\":\"https:\/\/frenzyplus.com\/#organization\"},\"potentialAction\":[{\"@type\":\"SearchAction\",\"target\":{\"@type\":\"EntryPoint\",\"urlTemplate\":\"https:\/\/frenzyplus.com\/?s={search_term_string}\"},\"query-input\":{\"@type\":\"PropertyValueSpecification\",\"valueRequired\":true,\"valueName\":\"search_term_string\"}}],\"inLanguage\":\"en-GB\"},{\"@type\":\"Organization\",\"@id\":\"https:\/\/frenzyplus.com\/#organization\",\"name\":\"Frenzy+\",\"url\":\"https:\/\/frenzyplus.com\/\",\"logo\":{\"@type\":\"ImageObject\",\"inLanguage\":\"en-GB\",\"@id\":\"https:\/\/frenzyplus.com\/#\/schema\/logo\/image\/\",\"url\":\"https:\/\/frenzyplus.com\/wp-content\/uploads\/2025\/11\/Frenzy_logo_black.pdf.avif\",\"contentUrl\":\"https:\/\/frenzyplus.com\/wp-content\/uploads\/2025\/11\/Frenzy_logo_black.pdf.avif\",\"width\":870,\"height\":254,\"caption\":\"Frenzy+\"},\"image\":{\"@id\":\"https:\/\/frenzyplus.com\/#\/schema\/logo\/image\/\"}}]}<\/script>\n<!-- \/ Yoast SEO plugin. -->","yoast_head_json":{"title":"Koszula w krat\u0119 HAZEL - br\u0105zowa - Frenzy+","robots":{"index":"index","follow":"follow","max-snippet":"max-snippet:-1","max-image-preview":"max-image-preview:large","max-video-preview":"max-video-preview:-1"},"canonical":"https:\/\/frenzyplus.com\/en\/product\/koszula-w-krate-hazel-brazowa\/","og_locale":"en_GB","og_type":"article","og_title":"Koszula w krat\u0119 HAZEL - br\u0105zowa - Frenzy+","og_description":"Dodatkowe informacje: \u2022 Sk\u0142ad: 75% bawe\u0142na, 25% akryl \u2022 Kolor: br\u0105zowa \u2022 Kr\u00f3j: oversize z obni\u017conym r\u0119kawem \u2022 Zapi\u0119cie: na guziki \u2022 D\u0142ugo\u015b\u0107 ca\u0142kowita: 77 cm  Modelka ma 176 cm wzrostu.","og_url":"https:\/\/frenzyplus.com\/en\/product\/koszula-w-krate-hazel-brazowa\/","og_site_name":"Frenzy+","article_modified_time":"2026-03-08T21:30:36+00:00","og_image":[{"width":1080,"height":1350,"url":"https:\/\/frenzyplus.com\/wp-content\/uploads\/2025\/11\/42-1.avif","type":"image\/jpeg"}],"twitter_card":"summary_large_image","twitter_misc":{"Estimated reading time":"1 minute"},"schema":{"@context":"https:\/\/schema.org","@graph":[{"@type":"WebPage","@id":"https:\/\/frenzyplus.com\/produkt\/koszula-w-krate-hazel-brazowa\/","url":"https:\/\/frenzyplus.com\/produkt\/koszula-w-krate-hazel-brazowa\/","name":"Koszula w krat\u0119 HAZEL - br\u0105zowa - Frenzy+","isPartOf":{"@id":"https:\/\/frenzyplus.com\/#website"},"primaryImageOfPage":{"@id":"https:\/\/frenzyplus.com\/produkt\/koszula-w-krate-hazel-brazowa\/#primaryimage"},"image":{"@id":"https:\/\/frenzyplus.com\/produkt\/koszula-w-krate-hazel-brazowa\/#primaryimage"},"thumbnailUrl":"https:\/\/frenzyplus.com\/wp-content\/uploads\/2025\/11\/42-1.avif","datePublished":"2025-11-09T13:24:16+00:00","dateModified":"2026-03-08T21:30:36+00:00","breadcrumb":{"@id":"https:\/\/frenzyplus.com\/produkt\/koszula-w-krate-hazel-brazowa\/#breadcrumb"},"inLanguage":"en-GB","potentialAction":[{"@type":"ReadAction","target":["https:\/\/frenzyplus.com\/produkt\/koszula-w-krate-hazel-brazowa\/"]}]},{"@type":"ImageObject","inLanguage":"en-GB","@id":"https:\/\/frenzyplus.com\/produkt\/koszula-w-krate-hazel-brazowa\/#primaryimage","url":"https:\/\/frenzyplus.com\/wp-content\/uploads\/2025\/11\/42-1.avif","contentUrl":"https:\/\/frenzyplus.com\/wp-content\/uploads\/2025\/11\/42-1.avif","width":1080,"height":1350},{"@type":"BreadcrumbList","@id":"https:\/\/frenzyplus.com\/produkt\/koszula-w-krate-hazel-brazowa\/#breadcrumb","itemListElement":[{"@type":"ListItem","position":1,"name":"Strona g\u0142\u00f3wna","item":"https:\/\/frenzyplus.com\/"},{"@type":"ListItem","position":2,"name":"Sklep","item":"https:\/\/frenzyplus.com\/sklep\/"},{"@type":"ListItem","position":3,"name":"Koszula w krat\u0119 HAZEL &#8211; br\u0105zowa"}]},{"@type":"WebSite","@id":"https:\/\/frenzyplus.com\/#website","url":"https:\/\/frenzyplus.com\/","name":"Frenzyplus","description":"Goood size dresses","publisher":{"@id":"https:\/\/frenzyplus.com\/#organization"},"potentialAction":[{"@type":"SearchAction","target":{"@type":"EntryPoint","urlTemplate":"https:\/\/frenzyplus.com\/?s={search_term_string}"},"query-input":{"@type":"PropertyValueSpecification","valueRequired":true,"valueName":"search_term_string"}}],"inLanguage":"en-GB"},{"@type":"Organization","@id":"https:\/\/frenzyplus.com\/#organization","name":"Frenzy+","url":"https:\/\/frenzyplus.com\/","logo":{"@type":"ImageObject","inLanguage":"en-GB","@id":"https:\/\/frenzyplus.com\/#\/schema\/logo\/image\/","url":"https:\/\/frenzyplus.com\/wp-content\/uploads\/2025\/11\/Frenzy_logo_black.pdf.avif","contentUrl":"https:\/\/frenzyplus.com\/wp-content\/uploads\/2025\/11\/Frenzy_logo_black.pdf.avif","width":870,"height":254,"caption":"Frenzy+"},"image":{"@id":"https:\/\/frenzyplus.com\/#\/schema\/logo\/image\/"}}]}},"jetpack_sharing_enabled":true,"_links":{"self":[{"href":"https:\/\/frenzyplus.com\/en\/wp-json\/wp\/v2\/product\/3696","targetHints":{"allow":["GET"]}}],"collection":[{"href":"https:\/\/frenzyplus.com\/en\/wp-json\/wp\/v2\/product"}],"about":[{"href":"https:\/\/frenzyplus.com\/en\/wp-json\/wp\/v2\/types\/product"}],"replies":[{"embeddable":true,"href":"https:\/\/frenzyplus.com\/en\/wp-json\/wp\/v2\/comments?post=3696"}],"version-history":[{"count":1,"href":"https:\/\/frenzyplus.com\/en\/wp-json\/wp\/v2\/product\/3696\/revisions"}],"predecessor-version":[{"id":4635,"href":"https:\/\/frenzyplus.com\/en\/wp-json\/wp\/v2\/product\/3696\/revisions\/4635"}],"wp:featuredmedia":[{"embeddable":true,"href":"https:\/\/frenzyplus.com\/en\/wp-json\/wp\/v2\/media\/3697"}],"wp:attachment":[{"href":"https:\/\/frenzyplus.com\/en\/wp-json\/wp\/v2\/media?parent=3696"}],"wp:term":[{"taxonomy":"product_brand","embeddable":true,"href":"https:\/\/frenzyplus.com\/en\/wp-json\/wp\/v2\/product_brand?post=3696"},{"taxonomy":"product_cat","embeddable":true,"href":"https:\/\/frenzyplus.com\/en\/wp-json\/wp\/v2\/product_cat?post=3696"},{"taxonomy":"product_tag","embeddable":true,"href":"https:\/\/frenzyplus.com\/en\/wp-json\/wp\/v2\/product_tag?post=3696"}],"curies":[{"name":"wp","href":"https:\/\/api.w.org\/{rel}","templated":true}]}}