{"id":5342,"date":"2026-03-12T12:27:17","date_gmt":"2026-03-12T11:27:17","guid":{"rendered":"https:\/\/frenzyplus.com\/?post_type=product&#038;p=5342"},"modified":"2026-03-12T12:47:05","modified_gmt":"2026-03-12T11:47:05","slug":"spodnie-jeansy-classic-blue-fit","status":"publish","type":"product","link":"http:\/\/frenzyplus.com\/en\/product\/spodnie-jeansy-classic-blue-fit\/","title":{"rendered":"Spodnie &#8211; Jeansy CLASSIC BLUE FIT"},"content":{"rendered":"<p data-start=\"41\" data-end=\"559\">Klasyczne jeansy damskie w ponadczasowym odcieniu niebieskiego denimu to baza wielu stylowych i wygodnych stylizacji. Model o kroju fit z lekko zw\u0119\u017can\u0105 nogawk\u0105 pi\u0119knie uk\u0142ada si\u0119 na sylwetce, zapewniaj\u0105c komfort noszenia przez ca\u0142y dzie\u0144. Naturalna mieszanka bawe\u0142ny z dodatkiem wiskozy i elastanu sprawia, \u017ce spodnie s\u0105 przyjemne dla sk\u00f3ry, elastyczne i dobrze dopasowuj\u0105 si\u0119 do ruchu. To uniwersalne jeansy idealne do codziennych stylizacji, \u015bwietnie wygl\u0105daj\u0105 zar\u00f3wno z koszul\u0105, swetrem, jak i basic&#8217;owym topem.<\/p>\n<p data-start=\"561\" data-end=\"777\">","protected":false},"excerpt":{"rendered":"<p><strong data-start=\"561\" data-end=\"586\">Additional Information:<\/strong><br data-start=\"586\" data-end=\"589\" \/>\u2022 klasyczny fason mom fit z lekko zw\u0119\u017can\u0105 nogawk\u0105<br data-start=\"638\" data-end=\"641\" \/>\u2022 komfortowy materia\u0142 z dodatkiem elastanu<br data-start=\"683\" data-end=\"686\" \/>\u2022 ponadczasowy odcie\u0144 niebieskiego denimu<br data-start=\"727\" data-end=\"730\" \/>\u2022 idealne do stylizacji casual i smart casual<\/p>\n<p>&nbsp;<\/p>\n<p><strong data-start=\"1081\" data-end=\"1101\">Sk\u0142ad materia\u0142u:<\/strong><br data-start=\"1101\" data-end=\"1104\" \/>\u2022 90% bawe\u0142na<br data-start=\"1117\" data-end=\"1120\" \/>\u2022 8% wiskoza<br data-start=\"1132\" data-end=\"1135\" \/>\u2022 2% elastan<\/p>","protected":false},"featured_media":5351,"comment_status":"closed","ping_status":"closed","template":"","meta":{"site-sidebar-layout":"default","site-content-layout":"","ast-site-content-layout":"default","site-content-style":"default","site-sidebar-style":"default","ast-global-header-display":"","ast-banner-title-visibility":"","ast-main-header-display":"","ast-hfb-above-header-display":"","ast-hfb-below-header-display":"","ast-hfb-mobile-header-display":"","site-post-title":"","ast-breadcrumbs-content":"","ast-featured-img":"","footer-sml-layout":"","ast-disable-related-posts":"","theme-transparent-header-meta":"default","adv-header-id-meta":"","stick-header-meta":"","header-above-stick-meta":"","header-main-stick-meta":"","header-below-stick-meta":"","astra-migrate-meta-layouts":"set","ast-page-background-enabled":"default","ast-page-background-meta":{"desktop":{"background-color":"var(--ast-global-color-5)","background-image":"","background-repeat":"repeat","background-position":"center center","background-size":"auto","background-attachment":"scroll","background-type":"","background-media":"","overlay-type":"","overlay-color":"","overlay-opacity":"","overlay-gradient":""},"tablet":{"background-color":"","background-image":"","background-repeat":"repeat","background-position":"center center","background-size":"auto","background-attachment":"scroll","background-type":"","background-media":"","overlay-type":"","overlay-color":"","overlay-opacity":"","overlay-gradient":""},"mobile":{"background-color":"","background-image":"","background-repeat":"repeat","background-position":"center center","background-size":"auto","background-attachment":"scroll","background-type":"","background-media":"","overlay-type":"","overlay-color":"","overlay-opacity":"","overlay-gradient":""}},"ast-content-background-meta":{"desktop":{"background-color":"var(--ast-global-color-4)","background-image":"","background-repeat":"repeat","background-position":"center center","background-size":"auto","background-attachment":"scroll","background-type":"","background-media":"","overlay-type":"","overlay-color":"","overlay-opacity":"","overlay-gradient":""},"tablet":{"background-color":"var(--ast-global-color-4)","background-image":"","background-repeat":"repeat","background-position":"center center","background-size":"auto","background-attachment":"scroll","background-type":"","background-media":"","overlay-type":"","overlay-color":"","overlay-opacity":"","overlay-gradient":""},"mobile":{"background-color":"var(--ast-global-color-4)","background-image":"","background-repeat":"repeat","background-position":"center center","background-size":"auto","background-attachment":"scroll","background-type":"","background-media":"","overlay-type":"","overlay-color":"","overlay-opacity":"","overlay-gradient":""}}},"product_brand":[],"product_cat":[311,16],"product_tag":[],"class_list":{"0":"post-5342","1":"product","2":"type-product","3":"status-publish","4":"has-post-thumbnail","6":"product_cat-dolna-czesc-garderoby","7":"product_cat-sklep","8":"desktop-align-left","9":"tablet-align-left","10":"mobile-align-left","12":"first","13":"instock","14":"taxable","15":"shipping-taxable","16":"purchasable","17":"product-type-variable"},"yoast_head":"<!-- This site is optimized with the Yoast SEO plugin v26.8 - https:\/\/yoast.com\/product\/yoast-seo-wordpress\/ -->\n<title>Spodnie - Jeansy CLASSIC BLUE FIT - Frenzy+<\/title>\n<meta name=\"robots\" content=\"index, follow, max-snippet:-1, max-image-preview:large, max-video-preview:-1\" \/>\n<link rel=\"canonical\" href=\"https:\/\/frenzyplus.com\/en\/product\/spodnie-jeansy-classic-blue-fit\/\" \/>\n<meta property=\"og:locale\" content=\"en_GB\" \/>\n<meta property=\"og:type\" content=\"article\" \/>\n<meta property=\"og:title\" content=\"Spodnie - Jeansy CLASSIC BLUE FIT - Frenzy+\" \/>\n<meta property=\"og:description\" content=\"Dodatkowe informacje:\u2022 klasyczny fason mom fit z lekko zw\u0119\u017can\u0105 nogawk\u0105\u2022 komfortowy materia\u0142 z dodatkiem elastanu\u2022 ponadczasowy odcie\u0144 niebieskiego denimu\u2022 idealne do stylizacji casual i smart casual  &nbsp;  Sk\u0142ad materia\u0142u:\u2022 90% bawe\u0142na\u2022 8% wiskoza\u2022 2% elastan\" \/>\n<meta property=\"og:url\" content=\"https:\/\/frenzyplus.com\/en\/product\/spodnie-jeansy-classic-blue-fit\/\" \/>\n<meta property=\"og:site_name\" content=\"Frenzy+\" \/>\n<meta property=\"article:modified_time\" content=\"2026-03-12T11:47:05+00:00\" \/>\n<meta property=\"og:image\" content=\"https:\/\/frenzyplus.com\/wp-content\/uploads\/2026\/03\/IMG_4754-1-scaled.avif\" \/>\n\t<meta property=\"og:image:width\" content=\"1920\" \/>\n\t<meta property=\"og:image:height\" content=\"2560\" \/>\n\t<meta property=\"og:image:type\" content=\"image\/jpeg\" \/>\n<meta name=\"twitter:card\" content=\"summary_large_image\" \/>\n<meta name=\"twitter:label1\" content=\"Estimated reading time\" \/>\n\t<meta name=\"twitter:data1\" content=\"1 minute\" \/>\n<script type=\"application\/ld+json\" class=\"yoast-schema-graph\">{\"@context\":\"https:\/\/schema.org\",\"@graph\":[{\"@type\":\"WebPage\",\"@id\":\"https:\/\/frenzyplus.com\/produkt\/spodnie-jeansy-classic-blue-fit\/\",\"url\":\"https:\/\/frenzyplus.com\/produkt\/spodnie-jeansy-classic-blue-fit\/\",\"name\":\"Spodnie - Jeansy CLASSIC BLUE FIT - Frenzy+\",\"isPartOf\":{\"@id\":\"https:\/\/frenzyplus.com\/#website\"},\"primaryImageOfPage\":{\"@id\":\"https:\/\/frenzyplus.com\/produkt\/spodnie-jeansy-classic-blue-fit\/#primaryimage\"},\"image\":{\"@id\":\"https:\/\/frenzyplus.com\/produkt\/spodnie-jeansy-classic-blue-fit\/#primaryimage\"},\"thumbnailUrl\":\"https:\/\/frenzyplus.com\/wp-content\/uploads\/2026\/03\/IMG_4754-1-scaled.avif\",\"datePublished\":\"2026-03-12T11:27:17+00:00\",\"dateModified\":\"2026-03-12T11:47:05+00:00\",\"breadcrumb\":{\"@id\":\"https:\/\/frenzyplus.com\/produkt\/spodnie-jeansy-classic-blue-fit\/#breadcrumb\"},\"inLanguage\":\"en-GB\",\"potentialAction\":[{\"@type\":\"ReadAction\",\"target\":[\"https:\/\/frenzyplus.com\/produkt\/spodnie-jeansy-classic-blue-fit\/\"]}]},{\"@type\":\"ImageObject\",\"inLanguage\":\"en-GB\",\"@id\":\"https:\/\/frenzyplus.com\/produkt\/spodnie-jeansy-classic-blue-fit\/#primaryimage\",\"url\":\"https:\/\/frenzyplus.com\/wp-content\/uploads\/2026\/03\/IMG_4754-1-scaled.avif\",\"contentUrl\":\"https:\/\/frenzyplus.com\/wp-content\/uploads\/2026\/03\/IMG_4754-1-scaled.avif\",\"width\":1920,\"height\":2560},{\"@type\":\"BreadcrumbList\",\"@id\":\"https:\/\/frenzyplus.com\/produkt\/spodnie-jeansy-classic-blue-fit\/#breadcrumb\",\"itemListElement\":[{\"@type\":\"ListItem\",\"position\":1,\"name\":\"Strona g\u0142\u00f3wna\",\"item\":\"https:\/\/frenzyplus.com\/\"},{\"@type\":\"ListItem\",\"position\":2,\"name\":\"Sklep\",\"item\":\"https:\/\/frenzyplus.com\/sklep\/\"},{\"@type\":\"ListItem\",\"position\":3,\"name\":\"Spodnie &#8211; Jeansy CLASSIC BLUE FIT\"}]},{\"@type\":\"WebSite\",\"@id\":\"https:\/\/frenzyplus.com\/#website\",\"url\":\"https:\/\/frenzyplus.com\/\",\"name\":\"Frenzyplus\",\"description\":\"Goood size dresses\",\"publisher\":{\"@id\":\"https:\/\/frenzyplus.com\/#organization\"},\"potentialAction\":[{\"@type\":\"SearchAction\",\"target\":{\"@type\":\"EntryPoint\",\"urlTemplate\":\"https:\/\/frenzyplus.com\/?s={search_term_string}\"},\"query-input\":{\"@type\":\"PropertyValueSpecification\",\"valueRequired\":true,\"valueName\":\"search_term_string\"}}],\"inLanguage\":\"en-GB\"},{\"@type\":\"Organization\",\"@id\":\"https:\/\/frenzyplus.com\/#organization\",\"name\":\"Frenzy+\",\"url\":\"https:\/\/frenzyplus.com\/\",\"logo\":{\"@type\":\"ImageObject\",\"inLanguage\":\"en-GB\",\"@id\":\"https:\/\/frenzyplus.com\/#\/schema\/logo\/image\/\",\"url\":\"https:\/\/frenzyplus.com\/wp-content\/uploads\/2025\/11\/Frenzy_logo_black.pdf.avif\",\"contentUrl\":\"https:\/\/frenzyplus.com\/wp-content\/uploads\/2025\/11\/Frenzy_logo_black.pdf.avif\",\"width\":870,\"height\":254,\"caption\":\"Frenzy+\"},\"image\":{\"@id\":\"https:\/\/frenzyplus.com\/#\/schema\/logo\/image\/\"}}]}<\/script>\n<!-- \/ Yoast SEO plugin. -->","yoast_head_json":{"title":"Spodnie - Jeansy CLASSIC BLUE FIT - Frenzy+","robots":{"index":"index","follow":"follow","max-snippet":"max-snippet:-1","max-image-preview":"max-image-preview:large","max-video-preview":"max-video-preview:-1"},"canonical":"https:\/\/frenzyplus.com\/en\/product\/spodnie-jeansy-classic-blue-fit\/","og_locale":"en_GB","og_type":"article","og_title":"Spodnie - Jeansy CLASSIC BLUE FIT - Frenzy+","og_description":"Dodatkowe informacje:\u2022 klasyczny fason mom fit z lekko zw\u0119\u017can\u0105 nogawk\u0105\u2022 komfortowy materia\u0142 z dodatkiem elastanu\u2022 ponadczasowy odcie\u0144 niebieskiego denimu\u2022 idealne do stylizacji casual i smart casual  &nbsp;  Sk\u0142ad materia\u0142u:\u2022 90% bawe\u0142na\u2022 8% wiskoza\u2022 2% elastan","og_url":"https:\/\/frenzyplus.com\/en\/product\/spodnie-jeansy-classic-blue-fit\/","og_site_name":"Frenzy+","article_modified_time":"2026-03-12T11:47:05+00:00","og_image":[{"width":1920,"height":2560,"url":"https:\/\/frenzyplus.com\/wp-content\/uploads\/2026\/03\/IMG_4754-1-scaled.avif","type":"image\/jpeg"}],"twitter_card":"summary_large_image","twitter_misc":{"Estimated reading time":"1 minute"},"schema":{"@context":"https:\/\/schema.org","@graph":[{"@type":"WebPage","@id":"https:\/\/frenzyplus.com\/produkt\/spodnie-jeansy-classic-blue-fit\/","url":"https:\/\/frenzyplus.com\/produkt\/spodnie-jeansy-classic-blue-fit\/","name":"Spodnie - Jeansy CLASSIC BLUE FIT - Frenzy+","isPartOf":{"@id":"https:\/\/frenzyplus.com\/#website"},"primaryImageOfPage":{"@id":"https:\/\/frenzyplus.com\/produkt\/spodnie-jeansy-classic-blue-fit\/#primaryimage"},"image":{"@id":"https:\/\/frenzyplus.com\/produkt\/spodnie-jeansy-classic-blue-fit\/#primaryimage"},"thumbnailUrl":"https:\/\/frenzyplus.com\/wp-content\/uploads\/2026\/03\/IMG_4754-1-scaled.avif","datePublished":"2026-03-12T11:27:17+00:00","dateModified":"2026-03-12T11:47:05+00:00","breadcrumb":{"@id":"https:\/\/frenzyplus.com\/produkt\/spodnie-jeansy-classic-blue-fit\/#breadcrumb"},"inLanguage":"en-GB","potentialAction":[{"@type":"ReadAction","target":["https:\/\/frenzyplus.com\/produkt\/spodnie-jeansy-classic-blue-fit\/"]}]},{"@type":"ImageObject","inLanguage":"en-GB","@id":"https:\/\/frenzyplus.com\/produkt\/spodnie-jeansy-classic-blue-fit\/#primaryimage","url":"https:\/\/frenzyplus.com\/wp-content\/uploads\/2026\/03\/IMG_4754-1-scaled.avif","contentUrl":"https:\/\/frenzyplus.com\/wp-content\/uploads\/2026\/03\/IMG_4754-1-scaled.avif","width":1920,"height":2560},{"@type":"BreadcrumbList","@id":"https:\/\/frenzyplus.com\/produkt\/spodnie-jeansy-classic-blue-fit\/#breadcrumb","itemListElement":[{"@type":"ListItem","position":1,"name":"Strona g\u0142\u00f3wna","item":"https:\/\/frenzyplus.com\/"},{"@type":"ListItem","position":2,"name":"Sklep","item":"https:\/\/frenzyplus.com\/sklep\/"},{"@type":"ListItem","position":3,"name":"Spodnie &#8211; Jeansy CLASSIC BLUE FIT"}]},{"@type":"WebSite","@id":"https:\/\/frenzyplus.com\/#website","url":"https:\/\/frenzyplus.com\/","name":"Frenzyplus","description":"Goood size dresses","publisher":{"@id":"https:\/\/frenzyplus.com\/#organization"},"potentialAction":[{"@type":"SearchAction","target":{"@type":"EntryPoint","urlTemplate":"https:\/\/frenzyplus.com\/?s={search_term_string}"},"query-input":{"@type":"PropertyValueSpecification","valueRequired":true,"valueName":"search_term_string"}}],"inLanguage":"en-GB"},{"@type":"Organization","@id":"https:\/\/frenzyplus.com\/#organization","name":"Frenzy+","url":"https:\/\/frenzyplus.com\/","logo":{"@type":"ImageObject","inLanguage":"en-GB","@id":"https:\/\/frenzyplus.com\/#\/schema\/logo\/image\/","url":"https:\/\/frenzyplus.com\/wp-content\/uploads\/2025\/11\/Frenzy_logo_black.pdf.avif","contentUrl":"https:\/\/frenzyplus.com\/wp-content\/uploads\/2025\/11\/Frenzy_logo_black.pdf.avif","width":870,"height":254,"caption":"Frenzy+"},"image":{"@id":"https:\/\/frenzyplus.com\/#\/schema\/logo\/image\/"}}]}},"jetpack_sharing_enabled":true,"_links":{"self":[{"href":"http:\/\/frenzyplus.com\/en\/wp-json\/wp\/v2\/product\/5342","targetHints":{"allow":["GET"]}}],"collection":[{"href":"http:\/\/frenzyplus.com\/en\/wp-json\/wp\/v2\/product"}],"about":[{"href":"http:\/\/frenzyplus.com\/en\/wp-json\/wp\/v2\/types\/product"}],"replies":[{"embeddable":true,"href":"http:\/\/frenzyplus.com\/en\/wp-json\/wp\/v2\/comments?post=5342"}],"version-history":[{"count":1,"href":"http:\/\/frenzyplus.com\/en\/wp-json\/wp\/v2\/product\/5342\/revisions"}],"predecessor-version":[{"id":5357,"href":"http:\/\/frenzyplus.com\/en\/wp-json\/wp\/v2\/product\/5342\/revisions\/5357"}],"wp:featuredmedia":[{"embeddable":true,"href":"http:\/\/frenzyplus.com\/en\/wp-json\/wp\/v2\/media\/5351"}],"wp:attachment":[{"href":"http:\/\/frenzyplus.com\/en\/wp-json\/wp\/v2\/media?parent=5342"}],"wp:term":[{"taxonomy":"product_brand","embeddable":true,"href":"http:\/\/frenzyplus.com\/en\/wp-json\/wp\/v2\/product_brand?post=5342"},{"taxonomy":"product_cat","embeddable":true,"href":"http:\/\/frenzyplus.com\/en\/wp-json\/wp\/v2\/product_cat?post=5342"},{"taxonomy":"product_tag","embeddable":true,"href":"http:\/\/frenzyplus.com\/en\/wp-json\/wp\/v2\/product_tag?post=5342"}],"curies":[{"name":"wp","href":"https:\/\/api.w.org\/{rel}","templated":true}]}}