{"id":3593,"date":"2025-11-08T13:56:27","date_gmt":"2025-11-08T12:56:27","guid":{"rendered":"https:\/\/frenzyplus.com\/?post_type=product&#038;p=3593"},"modified":"2026-02-25T14:09:13","modified_gmt":"2026-02-25T13:09:13","slug":"torebka-latte-baguette-z-ekoskory","status":"publish","type":"product","link":"http:\/\/frenzyplus.com\/en\/product\/torebka-latte-baguette-z-ekoskory\/","title":{"rendered":"Torebka Latte Baguette z ekosk\u00f3ry"},"content":{"rendered":"<p class=\"p1\"><span class=\"s1\">Elegancka torebka w kszta\u0142cie baguette wykonana z mi\u0119kkiej, groszkowej ekosk\u00f3ry w odcieniu latte. Z\u0142ote okucia i d\u0142ugie uchwyty wygodnie nosz\u0105 si\u0119 na ramieniu, a g\u00f3rny suwak dba o bezpiecze\u0144stwo zawarto\u015bci. Lekka, trzyma kszta\u0142t i mie\u015bci niezb\u0119dniki jak telefon, portfel i klucze. Uroczy brelok jamnik dodaje charakteru i mo\u017cna go odpi\u0105\u0107. Idealna do codziennych stylizacji w duchu premium casual.<\/span><\/p>","protected":false},"excerpt":{"rendered":"<p><strong>Additional Information:<\/strong><\/p>\n<p>Materia\u0142: ekosk\u00f3ra<br \/>\nKolor: jasny be\u017c latte<br \/>\nZapi\u0119cie: suwak u g\u00f3ry<br \/>\nDetale: z\u0142ote okucia, odpinany brelok<br \/>\nPiel\u0119gnacja: przeciera\u0107 mi\u0119kk\u0105, wilgotn\u0105 \u015bciereczk\u0105<\/p>\n<p>Wymiary: wysoko\u015b\u0107 18 cm, szeroko\u015b\u0107 40 cm, d\u0142ugo\u015b\u0107 uchwyt\u00f3w 26 cm.<\/p>","protected":false},"featured_media":3594,"comment_status":"closed","ping_status":"closed","template":"","meta":{"site-sidebar-layout":"default","site-content-layout":"","ast-site-content-layout":"default","site-content-style":"default","site-sidebar-style":"default","ast-global-header-display":"","ast-banner-title-visibility":"","ast-main-header-display":"","ast-hfb-above-header-display":"","ast-hfb-below-header-display":"","ast-hfb-mobile-header-display":"","site-post-title":"","ast-breadcrumbs-content":"","ast-featured-img":"","footer-sml-layout":"","ast-disable-related-posts":"","theme-transparent-header-meta":"default","adv-header-id-meta":"","stick-header-meta":"","header-above-stick-meta":"","header-main-stick-meta":"","header-below-stick-meta":"","astra-migrate-meta-layouts":"set","ast-page-background-enabled":"default","ast-page-background-meta":{"desktop":{"background-color":"var(--ast-global-color-5)","background-image":"","background-repeat":"repeat","background-position":"center center","background-size":"auto","background-attachment":"scroll","background-type":"","background-media":"","overlay-type":"","overlay-color":"","overlay-opacity":"","overlay-gradient":""},"tablet":{"background-color":"","background-image":"","background-repeat":"repeat","background-position":"center center","background-size":"auto","background-attachment":"scroll","background-type":"","background-media":"","overlay-type":"","overlay-color":"","overlay-opacity":"","overlay-gradient":""},"mobile":{"background-color":"","background-image":"","background-repeat":"repeat","background-position":"center center","background-size":"auto","background-attachment":"scroll","background-type":"","background-media":"","overlay-type":"","overlay-color":"","overlay-opacity":"","overlay-gradient":""}},"ast-content-background-meta":{"desktop":{"background-color":"var(--ast-global-color-4)","background-image":"","background-repeat":"repeat","background-position":"center center","background-size":"auto","background-attachment":"scroll","background-type":"","background-media":"","overlay-type":"","overlay-color":"","overlay-opacity":"","overlay-gradient":""},"tablet":{"background-color":"var(--ast-global-color-4)","background-image":"","background-repeat":"repeat","background-position":"center center","background-size":"auto","background-attachment":"scroll","background-type":"","background-media":"","overlay-type":"","overlay-color":"","overlay-opacity":"","overlay-gradient":""},"mobile":{"background-color":"var(--ast-global-color-4)","background-image":"","background-repeat":"repeat","background-position":"center center","background-size":"auto","background-attachment":"scroll","background-type":"","background-media":"","overlay-type":"","overlay-color":"","overlay-opacity":"","overlay-gradient":""}}},"product_brand":[],"product_cat":[312,16],"product_tag":[],"class_list":{"0":"post-3593","1":"product","2":"type-product","3":"status-publish","4":"has-post-thumbnail","6":"product_cat-dodatki","7":"product_cat-sklep","8":"desktop-align-left","9":"tablet-align-left","10":"mobile-align-left","12":"first","13":"instock","14":"taxable","15":"shipping-taxable","16":"purchasable","17":"product-type-simple"},"yoast_head":"<!-- This site is optimized with the Yoast SEO plugin v26.8 - https:\/\/yoast.com\/product\/yoast-seo-wordpress\/ -->\n<title>Torebka Latte Baguette z ekosk\u00f3ry - Frenzy+<\/title>\n<meta name=\"robots\" content=\"index, follow, max-snippet:-1, max-image-preview:large, max-video-preview:-1\" \/>\n<link rel=\"canonical\" href=\"https:\/\/frenzyplus.com\/en\/product\/torebka-latte-baguette-z-ekoskory\/\" \/>\n<meta property=\"og:locale\" content=\"en_GB\" \/>\n<meta property=\"og:type\" content=\"article\" \/>\n<meta property=\"og:title\" content=\"Torebka Latte Baguette z ekosk\u00f3ry - Frenzy+\" \/>\n<meta property=\"og:description\" content=\"Dodatkowe informacje:  Materia\u0142: ekosk\u00f3ra Kolor: jasny be\u017c latte Zapi\u0119cie: suwak u g\u00f3ry Detale: z\u0142ote okucia, odpinany brelok Piel\u0119gnacja: przeciera\u0107 mi\u0119kk\u0105, wilgotn\u0105 \u015bciereczk\u0105  Wymiary: wysoko\u015b\u0107 18 cm, szeroko\u015b\u0107 40 cm, d\u0142ugo\u015b\u0107 uchwyt\u00f3w 26 cm.\" \/>\n<meta property=\"og:url\" content=\"https:\/\/frenzyplus.com\/en\/product\/torebka-latte-baguette-z-ekoskory\/\" \/>\n<meta property=\"og:site_name\" content=\"Frenzy+\" \/>\n<meta property=\"article:modified_time\" content=\"2026-02-25T13:09:13+00:00\" \/>\n<meta property=\"og:image\" content=\"https:\/\/frenzyplus.com\/wp-content\/uploads\/2025\/11\/26-1.avif\" \/>\n\t<meta property=\"og:image:width\" content=\"1080\" \/>\n\t<meta property=\"og:image:height\" content=\"1350\" \/>\n\t<meta property=\"og:image:type\" content=\"image\/jpeg\" \/>\n<meta name=\"twitter:card\" content=\"summary_large_image\" \/>\n<meta name=\"twitter:label1\" content=\"Estimated reading time\" \/>\n\t<meta name=\"twitter:data1\" content=\"1 minute\" \/>\n<script type=\"application\/ld+json\" class=\"yoast-schema-graph\">{\"@context\":\"https:\/\/schema.org\",\"@graph\":[{\"@type\":\"WebPage\",\"@id\":\"https:\/\/frenzyplus.com\/produkt\/torebka-latte-baguette-z-ekoskory\/\",\"url\":\"https:\/\/frenzyplus.com\/produkt\/torebka-latte-baguette-z-ekoskory\/\",\"name\":\"Torebka Latte Baguette z ekosk\u00f3ry - Frenzy+\",\"isPartOf\":{\"@id\":\"https:\/\/frenzyplus.com\/#website\"},\"primaryImageOfPage\":{\"@id\":\"https:\/\/frenzyplus.com\/produkt\/torebka-latte-baguette-z-ekoskory\/#primaryimage\"},\"image\":{\"@id\":\"https:\/\/frenzyplus.com\/produkt\/torebka-latte-baguette-z-ekoskory\/#primaryimage\"},\"thumbnailUrl\":\"https:\/\/frenzyplus.com\/wp-content\/uploads\/2025\/11\/26-1.avif\",\"datePublished\":\"2025-11-08T12:56:27+00:00\",\"dateModified\":\"2026-02-25T13:09:13+00:00\",\"breadcrumb\":{\"@id\":\"https:\/\/frenzyplus.com\/produkt\/torebka-latte-baguette-z-ekoskory\/#breadcrumb\"},\"inLanguage\":\"en-GB\",\"potentialAction\":[{\"@type\":\"ReadAction\",\"target\":[\"https:\/\/frenzyplus.com\/produkt\/torebka-latte-baguette-z-ekoskory\/\"]}]},{\"@type\":\"ImageObject\",\"inLanguage\":\"en-GB\",\"@id\":\"https:\/\/frenzyplus.com\/produkt\/torebka-latte-baguette-z-ekoskory\/#primaryimage\",\"url\":\"https:\/\/frenzyplus.com\/wp-content\/uploads\/2025\/11\/26-1.avif\",\"contentUrl\":\"https:\/\/frenzyplus.com\/wp-content\/uploads\/2025\/11\/26-1.avif\",\"width\":1080,\"height\":1350},{\"@type\":\"BreadcrumbList\",\"@id\":\"https:\/\/frenzyplus.com\/produkt\/torebka-latte-baguette-z-ekoskory\/#breadcrumb\",\"itemListElement\":[{\"@type\":\"ListItem\",\"position\":1,\"name\":\"Strona g\u0142\u00f3wna\",\"item\":\"https:\/\/frenzyplus.com\/\"},{\"@type\":\"ListItem\",\"position\":2,\"name\":\"Sklep\",\"item\":\"https:\/\/frenzyplus.com\/sklep\/\"},{\"@type\":\"ListItem\",\"position\":3,\"name\":\"Torebka Latte Baguette z ekosk\u00f3ry\"}]},{\"@type\":\"WebSite\",\"@id\":\"https:\/\/frenzyplus.com\/#website\",\"url\":\"https:\/\/frenzyplus.com\/\",\"name\":\"Frenzyplus\",\"description\":\"Goood size dresses\",\"publisher\":{\"@id\":\"https:\/\/frenzyplus.com\/#organization\"},\"potentialAction\":[{\"@type\":\"SearchAction\",\"target\":{\"@type\":\"EntryPoint\",\"urlTemplate\":\"https:\/\/frenzyplus.com\/?s={search_term_string}\"},\"query-input\":{\"@type\":\"PropertyValueSpecification\",\"valueRequired\":true,\"valueName\":\"search_term_string\"}}],\"inLanguage\":\"en-GB\"},{\"@type\":\"Organization\",\"@id\":\"https:\/\/frenzyplus.com\/#organization\",\"name\":\"Frenzy+\",\"url\":\"https:\/\/frenzyplus.com\/\",\"logo\":{\"@type\":\"ImageObject\",\"inLanguage\":\"en-GB\",\"@id\":\"https:\/\/frenzyplus.com\/#\/schema\/logo\/image\/\",\"url\":\"https:\/\/frenzyplus.com\/wp-content\/uploads\/2025\/11\/Frenzy_logo_black.pdf.avif\",\"contentUrl\":\"https:\/\/frenzyplus.com\/wp-content\/uploads\/2025\/11\/Frenzy_logo_black.pdf.avif\",\"width\":870,\"height\":254,\"caption\":\"Frenzy+\"},\"image\":{\"@id\":\"https:\/\/frenzyplus.com\/#\/schema\/logo\/image\/\"}}]}<\/script>\n<!-- \/ Yoast SEO plugin. -->","yoast_head_json":{"title":"Torebka Latte Baguette z ekosk\u00f3ry - Frenzy+","robots":{"index":"index","follow":"follow","max-snippet":"max-snippet:-1","max-image-preview":"max-image-preview:large","max-video-preview":"max-video-preview:-1"},"canonical":"https:\/\/frenzyplus.com\/en\/product\/torebka-latte-baguette-z-ekoskory\/","og_locale":"en_GB","og_type":"article","og_title":"Torebka Latte Baguette z ekosk\u00f3ry - Frenzy+","og_description":"Dodatkowe informacje:  Materia\u0142: ekosk\u00f3ra Kolor: jasny be\u017c latte Zapi\u0119cie: suwak u g\u00f3ry Detale: z\u0142ote okucia, odpinany brelok Piel\u0119gnacja: przeciera\u0107 mi\u0119kk\u0105, wilgotn\u0105 \u015bciereczk\u0105  Wymiary: wysoko\u015b\u0107 18 cm, szeroko\u015b\u0107 40 cm, d\u0142ugo\u015b\u0107 uchwyt\u00f3w 26 cm.","og_url":"https:\/\/frenzyplus.com\/en\/product\/torebka-latte-baguette-z-ekoskory\/","og_site_name":"Frenzy+","article_modified_time":"2026-02-25T13:09:13+00:00","og_image":[{"width":1080,"height":1350,"url":"https:\/\/frenzyplus.com\/wp-content\/uploads\/2025\/11\/26-1.avif","type":"image\/jpeg"}],"twitter_card":"summary_large_image","twitter_misc":{"Estimated reading time":"1 minute"},"schema":{"@context":"https:\/\/schema.org","@graph":[{"@type":"WebPage","@id":"https:\/\/frenzyplus.com\/produkt\/torebka-latte-baguette-z-ekoskory\/","url":"https:\/\/frenzyplus.com\/produkt\/torebka-latte-baguette-z-ekoskory\/","name":"Torebka Latte Baguette z ekosk\u00f3ry - Frenzy+","isPartOf":{"@id":"https:\/\/frenzyplus.com\/#website"},"primaryImageOfPage":{"@id":"https:\/\/frenzyplus.com\/produkt\/torebka-latte-baguette-z-ekoskory\/#primaryimage"},"image":{"@id":"https:\/\/frenzyplus.com\/produkt\/torebka-latte-baguette-z-ekoskory\/#primaryimage"},"thumbnailUrl":"https:\/\/frenzyplus.com\/wp-content\/uploads\/2025\/11\/26-1.avif","datePublished":"2025-11-08T12:56:27+00:00","dateModified":"2026-02-25T13:09:13+00:00","breadcrumb":{"@id":"https:\/\/frenzyplus.com\/produkt\/torebka-latte-baguette-z-ekoskory\/#breadcrumb"},"inLanguage":"en-GB","potentialAction":[{"@type":"ReadAction","target":["https:\/\/frenzyplus.com\/produkt\/torebka-latte-baguette-z-ekoskory\/"]}]},{"@type":"ImageObject","inLanguage":"en-GB","@id":"https:\/\/frenzyplus.com\/produkt\/torebka-latte-baguette-z-ekoskory\/#primaryimage","url":"https:\/\/frenzyplus.com\/wp-content\/uploads\/2025\/11\/26-1.avif","contentUrl":"https:\/\/frenzyplus.com\/wp-content\/uploads\/2025\/11\/26-1.avif","width":1080,"height":1350},{"@type":"BreadcrumbList","@id":"https:\/\/frenzyplus.com\/produkt\/torebka-latte-baguette-z-ekoskory\/#breadcrumb","itemListElement":[{"@type":"ListItem","position":1,"name":"Strona g\u0142\u00f3wna","item":"https:\/\/frenzyplus.com\/"},{"@type":"ListItem","position":2,"name":"Sklep","item":"https:\/\/frenzyplus.com\/sklep\/"},{"@type":"ListItem","position":3,"name":"Torebka Latte Baguette z ekosk\u00f3ry"}]},{"@type":"WebSite","@id":"https:\/\/frenzyplus.com\/#website","url":"https:\/\/frenzyplus.com\/","name":"Frenzyplus","description":"Goood size dresses","publisher":{"@id":"https:\/\/frenzyplus.com\/#organization"},"potentialAction":[{"@type":"SearchAction","target":{"@type":"EntryPoint","urlTemplate":"https:\/\/frenzyplus.com\/?s={search_term_string}"},"query-input":{"@type":"PropertyValueSpecification","valueRequired":true,"valueName":"search_term_string"}}],"inLanguage":"en-GB"},{"@type":"Organization","@id":"https:\/\/frenzyplus.com\/#organization","name":"Frenzy+","url":"https:\/\/frenzyplus.com\/","logo":{"@type":"ImageObject","inLanguage":"en-GB","@id":"https:\/\/frenzyplus.com\/#\/schema\/logo\/image\/","url":"https:\/\/frenzyplus.com\/wp-content\/uploads\/2025\/11\/Frenzy_logo_black.pdf.avif","contentUrl":"https:\/\/frenzyplus.com\/wp-content\/uploads\/2025\/11\/Frenzy_logo_black.pdf.avif","width":870,"height":254,"caption":"Frenzy+"},"image":{"@id":"https:\/\/frenzyplus.com\/#\/schema\/logo\/image\/"}}]}},"jetpack_sharing_enabled":true,"_links":{"self":[{"href":"http:\/\/frenzyplus.com\/en\/wp-json\/wp\/v2\/product\/3593","targetHints":{"allow":["GET"]}}],"collection":[{"href":"http:\/\/frenzyplus.com\/en\/wp-json\/wp\/v2\/product"}],"about":[{"href":"http:\/\/frenzyplus.com\/en\/wp-json\/wp\/v2\/types\/product"}],"replies":[{"embeddable":true,"href":"http:\/\/frenzyplus.com\/en\/wp-json\/wp\/v2\/comments?post=3593"}],"version-history":[{"count":1,"href":"http:\/\/frenzyplus.com\/en\/wp-json\/wp\/v2\/product\/3593\/revisions"}],"predecessor-version":[{"id":4774,"href":"http:\/\/frenzyplus.com\/en\/wp-json\/wp\/v2\/product\/3593\/revisions\/4774"}],"wp:featuredmedia":[{"embeddable":true,"href":"http:\/\/frenzyplus.com\/en\/wp-json\/wp\/v2\/media\/3594"}],"wp:attachment":[{"href":"http:\/\/frenzyplus.com\/en\/wp-json\/wp\/v2\/media?parent=3593"}],"wp:term":[{"taxonomy":"product_brand","embeddable":true,"href":"http:\/\/frenzyplus.com\/en\/wp-json\/wp\/v2\/product_brand?post=3593"},{"taxonomy":"product_cat","embeddable":true,"href":"http:\/\/frenzyplus.com\/en\/wp-json\/wp\/v2\/product_cat?post=3593"},{"taxonomy":"product_tag","embeddable":true,"href":"http:\/\/frenzyplus.com\/en\/wp-json\/wp\/v2\/product_tag?post=3593"}],"curies":[{"name":"wp","href":"https:\/\/api.w.org\/{rel}","templated":true}]}}