{"id":2863,"date":"2025-10-28T18:52:49","date_gmt":"2025-10-28T17:52:49","guid":{"rendered":"https:\/\/frenzyplus.com\/?post_type=product&#038;p=2863"},"modified":"2026-02-25T14:27:38","modified_gmt":"2026-02-25T13:27:38","slug":"komplet-dzianinowy-olivia-oliwkowy","status":"publish","type":"product","link":"http:\/\/frenzyplus.com\/en\/product\/komplet-dzianinowy-olivia-oliwkowy\/","title":{"rendered":"Komplet dzianinowy Olivia oliwkowy"},"content":{"rendered":"<p>Komplet dzianinowy <em data-start=\"100\" data-end=\"108\">Olivia<\/em> to esencja wygody w eleganckim wydaniu. Mi\u0119kka, elastyczna dzianina subtelnie otula sylwetk\u0119, a oversizowy sweter z szerokim dekoltem pozwala nosi\u0107 go z odkrytym ramieniem, dodaj\u0105c stylizacji kobiecego luzu. Szerokie spodnie z gumk\u0105 w pasie gwarantuj\u0105 swobod\u0119 ruchu i komfort przez ca\u0142y dzie\u0144. To idealny zestaw do codziennych stylizacji, podr\u00f3\u017cy lub spokojnych weekend\u00f3w w stylu casual chic.<\/p>","protected":false},"excerpt":{"rendered":"<p data-start=\"505\" data-end=\"639\"><strong data-start=\"505\" data-end=\"530\">Additional Information:<\/strong><br data-start=\"530\" data-end=\"533\" \/>Mi\u0119kka, elastyczna tkanina<br data-start=\"559\" data-end=\"562\" \/>Lu\u017any kr\u00f3j maskuj\u0105cy niedoskona\u0142o\u015bci<br data-start=\"598\" data-end=\"601\" \/>Materia\u0142: Dzianina<br data-start=\"619\" data-end=\"622\" \/>Kolor: Oliwkowy<\/p>\n<p data-start=\"641\" data-end=\"683\" data-is-last-node=\"\" data-is-only-node=\"\">Modelka ma 176 cm wzrostu<\/p>","protected":false},"featured_media":2868,"comment_status":"closed","ping_status":"closed","template":"","meta":{"site-sidebar-layout":"default","site-content-layout":"","ast-site-content-layout":"default","site-content-style":"default","site-sidebar-style":"default","ast-global-header-display":"","ast-banner-title-visibility":"","ast-main-header-display":"","ast-hfb-above-header-display":"","ast-hfb-below-header-display":"","ast-hfb-mobile-header-display":"","site-post-title":"","ast-breadcrumbs-content":"","ast-featured-img":"","footer-sml-layout":"","ast-disable-related-posts":"","theme-transparent-header-meta":"default","adv-header-id-meta":"","stick-header-meta":"","header-above-stick-meta":"","header-main-stick-meta":"","header-below-stick-meta":"","astra-migrate-meta-layouts":"set","ast-page-background-enabled":"default","ast-page-background-meta":{"desktop":{"background-color":"var(--ast-global-color-5)","background-image":"","background-repeat":"repeat","background-position":"center center","background-size":"auto","background-attachment":"scroll","background-type":"","background-media":"","overlay-type":"","overlay-color":"","overlay-opacity":"","overlay-gradient":""},"tablet":{"background-color":"","background-image":"","background-repeat":"repeat","background-position":"center center","background-size":"auto","background-attachment":"scroll","background-type":"","background-media":"","overlay-type":"","overlay-color":"","overlay-opacity":"","overlay-gradient":""},"mobile":{"background-color":"","background-image":"","background-repeat":"repeat","background-position":"center center","background-size":"auto","background-attachment":"scroll","background-type":"","background-media":"","overlay-type":"","overlay-color":"","overlay-opacity":"","overlay-gradient":""}},"ast-content-background-meta":{"desktop":{"background-color":"var(--ast-global-color-4)","background-image":"","background-repeat":"repeat","background-position":"center center","background-size":"auto","background-attachment":"scroll","background-type":"","background-media":"","overlay-type":"","overlay-color":"","overlay-opacity":"","overlay-gradient":""},"tablet":{"background-color":"var(--ast-global-color-4)","background-image":"","background-repeat":"repeat","background-position":"center center","background-size":"auto","background-attachment":"scroll","background-type":"","background-media":"","overlay-type":"","overlay-color":"","overlay-opacity":"","overlay-gradient":""},"mobile":{"background-color":"var(--ast-global-color-4)","background-image":"","background-repeat":"repeat","background-position":"center center","background-size":"auto","background-attachment":"scroll","background-type":"","background-media":"","overlay-type":"","overlay-color":"","overlay-opacity":"","overlay-gradient":""}}},"product_brand":[],"product_cat":[311,310,16],"product_tag":[],"class_list":{"0":"post-2863","1":"product","2":"type-product","3":"status-publish","4":"has-post-thumbnail","6":"product_cat-dolna-czesc-garderoby","7":"product_cat-gorna-czesc-garderoby","8":"product_cat-sklep","9":"desktop-align-left","10":"tablet-align-left","11":"mobile-align-left","13":"first","14":"instock","15":"taxable","16":"shipping-taxable","17":"purchasable","18":"product-type-variable"},"yoast_head":"<!-- This site is optimized with the Yoast SEO plugin v26.8 - https:\/\/yoast.com\/product\/yoast-seo-wordpress\/ -->\n<title>Komplet dzianinowy Olivia oliwkowy - Frenzy+<\/title>\n<meta name=\"robots\" content=\"index, follow, max-snippet:-1, max-image-preview:large, max-video-preview:-1\" \/>\n<link rel=\"canonical\" href=\"https:\/\/frenzyplus.com\/en\/product\/komplet-dzianinowy-olivia-oliwkowy\/\" \/>\n<meta property=\"og:locale\" content=\"en_GB\" \/>\n<meta property=\"og:type\" content=\"article\" \/>\n<meta property=\"og:title\" content=\"Komplet dzianinowy Olivia oliwkowy - Frenzy+\" \/>\n<meta property=\"og:description\" content=\"Dodatkowe informacje:Mi\u0119kka, elastyczna tkaninaLu\u017any kr\u00f3j maskuj\u0105cy niedoskona\u0142o\u015bciMateria\u0142: DzianinaKolor: Oliwkowy Modelka ma 176 cm wzrostu\" \/>\n<meta property=\"og:url\" content=\"https:\/\/frenzyplus.com\/en\/product\/komplet-dzianinowy-olivia-oliwkowy\/\" \/>\n<meta property=\"og:site_name\" content=\"Frenzy+\" \/>\n<meta property=\"article:modified_time\" content=\"2026-02-25T13:27:38+00:00\" \/>\n<meta property=\"og:image\" content=\"https:\/\/frenzyplus.com\/wp-content\/uploads\/2025\/10\/5-scaled.avif\" \/>\n\t<meta property=\"og:image:width\" content=\"1920\" \/>\n\t<meta property=\"og:image:height\" content=\"2560\" \/>\n\t<meta property=\"og:image:type\" content=\"image\/jpeg\" \/>\n<meta name=\"twitter:card\" content=\"summary_large_image\" \/>\n<meta name=\"twitter:label1\" content=\"Estimated reading time\" \/>\n\t<meta name=\"twitter:data1\" content=\"1 minute\" \/>\n<script type=\"application\/ld+json\" class=\"yoast-schema-graph\">{\"@context\":\"https:\/\/schema.org\",\"@graph\":[{\"@type\":\"WebPage\",\"@id\":\"https:\/\/frenzyplus.com\/produkt\/komplet-dzianinowy-olivia-oliwkowy\/\",\"url\":\"https:\/\/frenzyplus.com\/produkt\/komplet-dzianinowy-olivia-oliwkowy\/\",\"name\":\"Komplet dzianinowy Olivia oliwkowy - Frenzy+\",\"isPartOf\":{\"@id\":\"https:\/\/frenzyplus.com\/#website\"},\"primaryImageOfPage\":{\"@id\":\"https:\/\/frenzyplus.com\/produkt\/komplet-dzianinowy-olivia-oliwkowy\/#primaryimage\"},\"image\":{\"@id\":\"https:\/\/frenzyplus.com\/produkt\/komplet-dzianinowy-olivia-oliwkowy\/#primaryimage\"},\"thumbnailUrl\":\"https:\/\/frenzyplus.com\/wp-content\/uploads\/2025\/10\/5-scaled.avif\",\"datePublished\":\"2025-10-28T17:52:49+00:00\",\"dateModified\":\"2026-02-25T13:27:38+00:00\",\"breadcrumb\":{\"@id\":\"https:\/\/frenzyplus.com\/produkt\/komplet-dzianinowy-olivia-oliwkowy\/#breadcrumb\"},\"inLanguage\":\"en-GB\",\"potentialAction\":[{\"@type\":\"ReadAction\",\"target\":[\"https:\/\/frenzyplus.com\/produkt\/komplet-dzianinowy-olivia-oliwkowy\/\"]}]},{\"@type\":\"ImageObject\",\"inLanguage\":\"en-GB\",\"@id\":\"https:\/\/frenzyplus.com\/produkt\/komplet-dzianinowy-olivia-oliwkowy\/#primaryimage\",\"url\":\"https:\/\/frenzyplus.com\/wp-content\/uploads\/2025\/10\/5-scaled.avif\",\"contentUrl\":\"https:\/\/frenzyplus.com\/wp-content\/uploads\/2025\/10\/5-scaled.avif\",\"width\":1920,\"height\":2560},{\"@type\":\"BreadcrumbList\",\"@id\":\"https:\/\/frenzyplus.com\/produkt\/komplet-dzianinowy-olivia-oliwkowy\/#breadcrumb\",\"itemListElement\":[{\"@type\":\"ListItem\",\"position\":1,\"name\":\"Strona g\u0142\u00f3wna\",\"item\":\"https:\/\/frenzyplus.com\/\"},{\"@type\":\"ListItem\",\"position\":2,\"name\":\"Sklep\",\"item\":\"https:\/\/frenzyplus.com\/sklep\/\"},{\"@type\":\"ListItem\",\"position\":3,\"name\":\"Komplet dzianinowy Olivia oliwkowy\"}]},{\"@type\":\"WebSite\",\"@id\":\"https:\/\/frenzyplus.com\/#website\",\"url\":\"https:\/\/frenzyplus.com\/\",\"name\":\"Frenzyplus\",\"description\":\"Goood size dresses\",\"publisher\":{\"@id\":\"https:\/\/frenzyplus.com\/#organization\"},\"potentialAction\":[{\"@type\":\"SearchAction\",\"target\":{\"@type\":\"EntryPoint\",\"urlTemplate\":\"https:\/\/frenzyplus.com\/?s={search_term_string}\"},\"query-input\":{\"@type\":\"PropertyValueSpecification\",\"valueRequired\":true,\"valueName\":\"search_term_string\"}}],\"inLanguage\":\"en-GB\"},{\"@type\":\"Organization\",\"@id\":\"https:\/\/frenzyplus.com\/#organization\",\"name\":\"Frenzy+\",\"url\":\"https:\/\/frenzyplus.com\/\",\"logo\":{\"@type\":\"ImageObject\",\"inLanguage\":\"en-GB\",\"@id\":\"https:\/\/frenzyplus.com\/#\/schema\/logo\/image\/\",\"url\":\"https:\/\/frenzyplus.com\/wp-content\/uploads\/2025\/11\/Frenzy_logo_black.pdf.avif\",\"contentUrl\":\"https:\/\/frenzyplus.com\/wp-content\/uploads\/2025\/11\/Frenzy_logo_black.pdf.avif\",\"width\":870,\"height\":254,\"caption\":\"Frenzy+\"},\"image\":{\"@id\":\"https:\/\/frenzyplus.com\/#\/schema\/logo\/image\/\"}}]}<\/script>\n<!-- \/ Yoast SEO plugin. -->","yoast_head_json":{"title":"Komplet dzianinowy Olivia oliwkowy - Frenzy+","robots":{"index":"index","follow":"follow","max-snippet":"max-snippet:-1","max-image-preview":"max-image-preview:large","max-video-preview":"max-video-preview:-1"},"canonical":"https:\/\/frenzyplus.com\/en\/product\/komplet-dzianinowy-olivia-oliwkowy\/","og_locale":"en_GB","og_type":"article","og_title":"Komplet dzianinowy Olivia oliwkowy - Frenzy+","og_description":"Dodatkowe informacje:Mi\u0119kka, elastyczna tkaninaLu\u017any kr\u00f3j maskuj\u0105cy niedoskona\u0142o\u015bciMateria\u0142: DzianinaKolor: Oliwkowy Modelka ma 176 cm wzrostu","og_url":"https:\/\/frenzyplus.com\/en\/product\/komplet-dzianinowy-olivia-oliwkowy\/","og_site_name":"Frenzy+","article_modified_time":"2026-02-25T13:27:38+00:00","og_image":[{"width":1920,"height":2560,"url":"https:\/\/frenzyplus.com\/wp-content\/uploads\/2025\/10\/5-scaled.avif","type":"image\/jpeg"}],"twitter_card":"summary_large_image","twitter_misc":{"Estimated reading time":"1 minute"},"schema":{"@context":"https:\/\/schema.org","@graph":[{"@type":"WebPage","@id":"https:\/\/frenzyplus.com\/produkt\/komplet-dzianinowy-olivia-oliwkowy\/","url":"https:\/\/frenzyplus.com\/produkt\/komplet-dzianinowy-olivia-oliwkowy\/","name":"Komplet dzianinowy Olivia oliwkowy - Frenzy+","isPartOf":{"@id":"https:\/\/frenzyplus.com\/#website"},"primaryImageOfPage":{"@id":"https:\/\/frenzyplus.com\/produkt\/komplet-dzianinowy-olivia-oliwkowy\/#primaryimage"},"image":{"@id":"https:\/\/frenzyplus.com\/produkt\/komplet-dzianinowy-olivia-oliwkowy\/#primaryimage"},"thumbnailUrl":"https:\/\/frenzyplus.com\/wp-content\/uploads\/2025\/10\/5-scaled.avif","datePublished":"2025-10-28T17:52:49+00:00","dateModified":"2026-02-25T13:27:38+00:00","breadcrumb":{"@id":"https:\/\/frenzyplus.com\/produkt\/komplet-dzianinowy-olivia-oliwkowy\/#breadcrumb"},"inLanguage":"en-GB","potentialAction":[{"@type":"ReadAction","target":["https:\/\/frenzyplus.com\/produkt\/komplet-dzianinowy-olivia-oliwkowy\/"]}]},{"@type":"ImageObject","inLanguage":"en-GB","@id":"https:\/\/frenzyplus.com\/produkt\/komplet-dzianinowy-olivia-oliwkowy\/#primaryimage","url":"https:\/\/frenzyplus.com\/wp-content\/uploads\/2025\/10\/5-scaled.avif","contentUrl":"https:\/\/frenzyplus.com\/wp-content\/uploads\/2025\/10\/5-scaled.avif","width":1920,"height":2560},{"@type":"BreadcrumbList","@id":"https:\/\/frenzyplus.com\/produkt\/komplet-dzianinowy-olivia-oliwkowy\/#breadcrumb","itemListElement":[{"@type":"ListItem","position":1,"name":"Strona g\u0142\u00f3wna","item":"https:\/\/frenzyplus.com\/"},{"@type":"ListItem","position":2,"name":"Sklep","item":"https:\/\/frenzyplus.com\/sklep\/"},{"@type":"ListItem","position":3,"name":"Komplet dzianinowy Olivia oliwkowy"}]},{"@type":"WebSite","@id":"https:\/\/frenzyplus.com\/#website","url":"https:\/\/frenzyplus.com\/","name":"Frenzyplus","description":"Goood size dresses","publisher":{"@id":"https:\/\/frenzyplus.com\/#organization"},"potentialAction":[{"@type":"SearchAction","target":{"@type":"EntryPoint","urlTemplate":"https:\/\/frenzyplus.com\/?s={search_term_string}"},"query-input":{"@type":"PropertyValueSpecification","valueRequired":true,"valueName":"search_term_string"}}],"inLanguage":"en-GB"},{"@type":"Organization","@id":"https:\/\/frenzyplus.com\/#organization","name":"Frenzy+","url":"https:\/\/frenzyplus.com\/","logo":{"@type":"ImageObject","inLanguage":"en-GB","@id":"https:\/\/frenzyplus.com\/#\/schema\/logo\/image\/","url":"https:\/\/frenzyplus.com\/wp-content\/uploads\/2025\/11\/Frenzy_logo_black.pdf.avif","contentUrl":"https:\/\/frenzyplus.com\/wp-content\/uploads\/2025\/11\/Frenzy_logo_black.pdf.avif","width":870,"height":254,"caption":"Frenzy+"},"image":{"@id":"https:\/\/frenzyplus.com\/#\/schema\/logo\/image\/"}}]}},"jetpack_sharing_enabled":true,"_links":{"self":[{"href":"http:\/\/frenzyplus.com\/en\/wp-json\/wp\/v2\/product\/2863","targetHints":{"allow":["GET"]}}],"collection":[{"href":"http:\/\/frenzyplus.com\/en\/wp-json\/wp\/v2\/product"}],"about":[{"href":"http:\/\/frenzyplus.com\/en\/wp-json\/wp\/v2\/types\/product"}],"replies":[{"embeddable":true,"href":"http:\/\/frenzyplus.com\/en\/wp-json\/wp\/v2\/comments?post=2863"}],"version-history":[{"count":1,"href":"http:\/\/frenzyplus.com\/en\/wp-json\/wp\/v2\/product\/2863\/revisions"}],"predecessor-version":[{"id":5202,"href":"http:\/\/frenzyplus.com\/en\/wp-json\/wp\/v2\/product\/2863\/revisions\/5202"}],"wp:featuredmedia":[{"embeddable":true,"href":"http:\/\/frenzyplus.com\/en\/wp-json\/wp\/v2\/media\/2868"}],"wp:attachment":[{"href":"http:\/\/frenzyplus.com\/en\/wp-json\/wp\/v2\/media?parent=2863"}],"wp:term":[{"taxonomy":"product_brand","embeddable":true,"href":"http:\/\/frenzyplus.com\/en\/wp-json\/wp\/v2\/product_brand?post=2863"},{"taxonomy":"product_cat","embeddable":true,"href":"http:\/\/frenzyplus.com\/en\/wp-json\/wp\/v2\/product_cat?post=2863"},{"taxonomy":"product_tag","embeddable":true,"href":"http:\/\/frenzyplus.com\/en\/wp-json\/wp\/v2\/product_tag?post=2863"}],"curies":[{"name":"wp","href":"https:\/\/api.w.org\/{rel}","templated":true}]}}